{"id":4682,"date":"2021-02-11T09:24:20","date_gmt":"2021-02-11T08:24:20","guid":{"rendered":"https:\/\/porinox.com\/?post_type=product&#038;p=4682"},"modified":"2024-07-18T10:24:17","modified_gmt":"2024-07-18T08:24:17","slug":"tremie-a-vie","status":"publish","type":"product","link":"https:\/\/www.porinox.com\/fr\/producto\/tolva-helifeed\/","title":{"rendered":"Tr\u00e9mie h\u00e9lico\u00efdale"},"content":{"rendered":"<p>Le nouveau mod\u00e8le de tr\u00e9mie Porinox Helifeed Hopper, pour <strong>alimentation s\u00e8che<\/strong>, se caract\u00e9rise par son syst\u00e8me d'alimentation. Le tube d'entra\u00eenement est \u00e9quip\u00e9 d'une plaque suppl\u00e9mentaire sur\u00e9lev\u00e9e qui emp\u00eache l'aliment de tomber directement dans la plaque de la tr\u00e9mie et de s'agglutiner, \u00e9vitant ainsi que l'aliment ne tombe directement dans la plaque de la tr\u00e9mie.<strong> l'animal mange \u00e0 une altitude plus \u00e9lev\u00e9e et b\u00e9n\u00e9ficie toujours d'une nourriture fra\u00eeche.<\/strong>.<\/p>\n<p>El nuevo modelo est\u00e1 disponible en regulaci\u00f3n interior de hasta<strong> 20 niveaux.<\/strong><\/p>\n<p>&nbsp;<\/p>","protected":false},"excerpt":{"rendered":"<p>La tolva Helifeed es el ultimo producto de Porinox. Esta caracterizada por evitar el apelmazamiento del pienso.<\/p>\n<p>Esta tolva de engorde aumenta la ingesta de comida de los animales, tambi\u00e9n comparte bebederos y comederos entre corrales.<\/p>\n<p><em>Ref: 000.141.501<\/em><\/p>","protected":false},"featured_media":18820,"comment_status":"open","ping_status":"closed","template":"","meta":[],"product_brand":[],"product_cat":[353,419,366],"product_tag":[],"class_list":{"0":"post-4682","1":"product","2":"type-product","3":"status-publish","4":"has-post-thumbnail","6":"product_cat-engorde","7":"product_cat-helifeed","8":"product_cat-tolvas-engorde","10":"first","11":"instock","12":"shipping-taxable","13":"purchasable","14":"product-type-simple"},"_links":{"self":[{"href":"https:\/\/www.porinox.com\/fr\/wp-json\/wp\/v2\/product\/4682","targetHints":{"allow":["GET"]}}],"collection":[{"href":"https:\/\/www.porinox.com\/fr\/wp-json\/wp\/v2\/product"}],"about":[{"href":"https:\/\/www.porinox.com\/fr\/wp-json\/wp\/v2\/types\/product"}],"replies":[{"embeddable":true,"href":"https:\/\/www.porinox.com\/fr\/wp-json\/wp\/v2\/comments?post=4682"}],"version-history":[{"count":0,"href":"https:\/\/www.porinox.com\/fr\/wp-json\/wp\/v2\/product\/4682\/revisions"}],"wp:featuredmedia":[{"embeddable":true,"href":"https:\/\/www.porinox.com\/fr\/wp-json\/wp\/v2\/media\/18820"}],"wp:attachment":[{"href":"https:\/\/www.porinox.com\/fr\/wp-json\/wp\/v2\/media?parent=4682"}],"wp:term":[{"taxonomy":"product_brand","embeddable":true,"href":"https:\/\/www.porinox.com\/fr\/wp-json\/wp\/v2\/product_brand?post=4682"},{"taxonomy":"product_cat","embeddable":true,"href":"https:\/\/www.porinox.com\/fr\/wp-json\/wp\/v2\/product_cat?post=4682"},{"taxonomy":"product_tag","embeddable":true,"href":"https:\/\/www.porinox.com\/fr\/wp-json\/wp\/v2\/product_tag?post=4682"}],"curies":[{"name":"wp","href":"https:\/\/api.w.org\/{rel}","templated":true}]}}