{"id":4658,"date":"2021-02-08T07:10:29","date_gmt":"2021-02-08T07:10:29","guid":{"rendered":"https:\/\/porinox.com\/?post_type=product&#038;p=4658"},"modified":"2024-11-11T08:53:46","modified_gmt":"2024-11-11T07:53:46","slug":"engraissement-slatfix-10","status":"publish","type":"product","link":"https:\/\/www.porinox.com\/fr\/producto\/engorde-slatfix-10\/","title":{"rendered":"SLATFIX.10 ENGRAISSEMENT"},"content":{"rendered":"<p>Brevet\u00e9. Ancrage pour latte en b\u00e9ton, avec<strong> \u00e9crou autobloquant<\/strong> int\u00e9gr\u00e9. Syst\u00e8me d'installation facile, brevet\u00e9 par <a href=\"https:\/\/www.porinox.com\/fr\/\" target=\"_blank\" rel=\"noopener\">Porinox<\/a><\/p>","protected":false},"excerpt":{"rendered":"<p>Sistema de anclaje desarrollado y patentado por Porinox SL.<\/p>\n<p>El nuevo sistema consta de 2 partes, por un lado el cuerpo, fabricado en poliamida y fibra de vidrio, y por el otro la <strong>\u00e9crou autobloquant<\/strong> M10 integrada al cuerpo que nos asegura una buena fijaci\u00f3n de las piezas, permitiendo la fijaci\u00f3n de cualquier elemento a los slats.<\/p>\n<p><em>Ref. 000.064.110<\/em><\/p>","protected":false},"featured_media":19982,"comment_status":"open","ping_status":"closed","template":"","meta":[],"product_brand":[],"product_cat":[353,427,371],"product_tag":[],"class_list":{"0":"post-4658","1":"product","2":"type-product","3":"status-publish","4":"has-post-thumbnail","6":"product_cat-engorde","7":"product_cat-herrajes-engorde","8":"product_cat-puertas-y-vallas","10":"first","11":"instock","12":"shipping-taxable","13":"product-type-simple"},"_links":{"self":[{"href":"https:\/\/www.porinox.com\/fr\/wp-json\/wp\/v2\/product\/4658","targetHints":{"allow":["GET"]}}],"collection":[{"href":"https:\/\/www.porinox.com\/fr\/wp-json\/wp\/v2\/product"}],"about":[{"href":"https:\/\/www.porinox.com\/fr\/wp-json\/wp\/v2\/types\/product"}],"replies":[{"embeddable":true,"href":"https:\/\/www.porinox.com\/fr\/wp-json\/wp\/v2\/comments?post=4658"}],"version-history":[{"count":0,"href":"https:\/\/www.porinox.com\/fr\/wp-json\/wp\/v2\/product\/4658\/revisions"}],"wp:featuredmedia":[{"embeddable":true,"href":"https:\/\/www.porinox.com\/fr\/wp-json\/wp\/v2\/media\/19982"}],"wp:attachment":[{"href":"https:\/\/www.porinox.com\/fr\/wp-json\/wp\/v2\/media?parent=4658"}],"wp:term":[{"taxonomy":"product_brand","embeddable":true,"href":"https:\/\/www.porinox.com\/fr\/wp-json\/wp\/v2\/product_brand?post=4658"},{"taxonomy":"product_cat","embeddable":true,"href":"https:\/\/www.porinox.com\/fr\/wp-json\/wp\/v2\/product_cat?post=4658"},{"taxonomy":"product_tag","embeddable":true,"href":"https:\/\/www.porinox.com\/fr\/wp-json\/wp\/v2\/product_tag?post=4658"}],"curies":[{"name":"wp","href":"https:\/\/api.w.org\/{rel}","templated":true}]}}