{"id":4470,"date":"2020-11-20T06:49:16","date_gmt":"2020-11-20T05:49:16","guid":{"rendered":"https:\/\/porinox.com\/?post_type=product&#038;p=4470"},"modified":"2026-01-29T14:00:43","modified_gmt":"2026-01-29T13:00:43","slug":"portes-monoblocs","status":"publish","type":"product","link":"https:\/\/www.porinox.com\/fr\/producto\/puertas-monoblock\/","title":{"rendered":"PORTES DU SYST\u00c8ME MONOBLOC"},"content":{"rendered":"<p>Syst\u00e8me modulaire avec raccords en acier inoxydable, personnalis\u00e9s ou standard. Fabriqu\u00e9 en <strong>Porpanel\u00ae - Le syst\u00e8me d'information sur le march\u00e9 de l'emploi<\/strong> \u00c9paisseur de 5 cm, tr\u00e8s r\u00e9sistante et durable.<\/p>","protected":false},"excerpt":{"rendered":"<p>Fabriqu\u00e9 en Porpanel\u00ae de 5 cm d'\u00e9paisseur, tr\u00e8s r\u00e9sistant et durable. Syst\u00e8me modulaire avec raccords en acier inoxydable, personnalis\u00e9s ou standard. Con\u00e7u pour s'adapter aux enclos en b\u00e9ton.<\/p>\n<p>&nbsp;<\/p>","protected":false},"featured_media":19200,"comment_status":"open","ping_status":"closed","template":"","meta":[],"product_brand":[],"product_cat":[353,497,425,371,503],"product_tag":[],"class_list":{"0":"post-4470","1":"product","2":"type-product","3":"status-publish","4":"has-post-thumbnail","6":"product_cat-engorde","7":"product_cat-gestacion","8":"product_cat-puertas-engorde","9":"product_cat-puertas-y-vallas","10":"product_cat-vallas-gestacion","12":"first","13":"instock","14":"shipping-taxable","15":"product-type-simple"},"_links":{"self":[{"href":"https:\/\/www.porinox.com\/fr\/wp-json\/wp\/v2\/product\/4470","targetHints":{"allow":["GET"]}}],"collection":[{"href":"https:\/\/www.porinox.com\/fr\/wp-json\/wp\/v2\/product"}],"about":[{"href":"https:\/\/www.porinox.com\/fr\/wp-json\/wp\/v2\/types\/product"}],"replies":[{"embeddable":true,"href":"https:\/\/www.porinox.com\/fr\/wp-json\/wp\/v2\/comments?post=4470"}],"version-history":[{"count":0,"href":"https:\/\/www.porinox.com\/fr\/wp-json\/wp\/v2\/product\/4470\/revisions"}],"wp:featuredmedia":[{"embeddable":true,"href":"https:\/\/www.porinox.com\/fr\/wp-json\/wp\/v2\/media\/19200"}],"wp:attachment":[{"href":"https:\/\/www.porinox.com\/fr\/wp-json\/wp\/v2\/media?parent=4470"}],"wp:term":[{"taxonomy":"product_brand","embeddable":true,"href":"https:\/\/www.porinox.com\/fr\/wp-json\/wp\/v2\/product_brand?post=4470"},{"taxonomy":"product_cat","embeddable":true,"href":"https:\/\/www.porinox.com\/fr\/wp-json\/wp\/v2\/product_cat?post=4470"},{"taxonomy":"product_tag","embeddable":true,"href":"https:\/\/www.porinox.com\/fr\/wp-json\/wp\/v2\/product_tag?post=4470"}],"curies":[{"name":"wp","href":"https:\/\/api.w.org\/{rel}","templated":true}]}}