{"id":4361,"date":"2020-10-22T06:50:01","date_gmt":"2020-10-22T05:50:01","guid":{"rendered":"https:\/\/porinox.com\/?post_type=product&#038;p=4361"},"modified":"2024-07-19T09:51:52","modified_gmt":"2024-07-19T07:51:52","slug":"equilibre-de-lamusement-des-cochons","status":"publish","type":"product","link":"https:\/\/www.porinox.com\/fr\/producto\/pig-fun-balance\/","title":{"rendered":"\u00c9QUILIBRE DE L'AMUSEMENT DES COCHONS"},"content":{"rendered":"<p>Le <strong>Pig Fun Balance<\/strong> de Porinox es un juguete dise\u00f1ado para reducir el estr\u00e9s en lechones, mejorando su bienestar y rendimiento. Fabricado en acero inoxidable 304, se fija f\u00e1cilmente en la parte superior de la cuadra sin necesidad de recortes.<\/p>\n<p>El juguete pivota desde el centro, asegurando entretenimiento continuo y disminuyendo las peleas entre los animales.<\/p>\n<p>Compatible con cualquier tipo de cuadra y otros juguetes de la l\u00ednea, proporciona un entorno m\u00e1s relajado para los lechones.<\/p>","protected":false},"excerpt":{"rendered":"<p>Porinox ha desarrollado un sistema de juego para cerdos, mejorando el bienestar animal.<\/p>\n<p>Fijado a un panel de 35mm por la parte superior sin necesidad de recortes. Pivota desde el medio, asegurando el entretenimiento de los animales y evitando as\u00ed que se lesionen entre ellos.<\/p>\n<p><em>Ref. 000.221.002<\/em><\/p>","protected":false},"featured_media":18768,"comment_status":"open","ping_status":"closed","template":"","meta":[],"product_brand":[],"product_cat":[352,367],"product_tag":[],"class_list":{"0":"post-4361","1":"product","2":"type-product","3":"status-publish","4":"has-post-thumbnail","6":"product_cat-destete","7":"product_cat-juguetes","9":"first","10":"instock","11":"shipping-taxable","12":"product-type-simple"},"_links":{"self":[{"href":"https:\/\/www.porinox.com\/fr\/wp-json\/wp\/v2\/product\/4361","targetHints":{"allow":["GET"]}}],"collection":[{"href":"https:\/\/www.porinox.com\/fr\/wp-json\/wp\/v2\/product"}],"about":[{"href":"https:\/\/www.porinox.com\/fr\/wp-json\/wp\/v2\/types\/product"}],"replies":[{"embeddable":true,"href":"https:\/\/www.porinox.com\/fr\/wp-json\/wp\/v2\/comments?post=4361"}],"version-history":[{"count":0,"href":"https:\/\/www.porinox.com\/fr\/wp-json\/wp\/v2\/product\/4361\/revisions"}],"wp:featuredmedia":[{"embeddable":true,"href":"https:\/\/www.porinox.com\/fr\/wp-json\/wp\/v2\/media\/18768"}],"wp:attachment":[{"href":"https:\/\/www.porinox.com\/fr\/wp-json\/wp\/v2\/media?parent=4361"}],"wp:term":[{"taxonomy":"product_brand","embeddable":true,"href":"https:\/\/www.porinox.com\/fr\/wp-json\/wp\/v2\/product_brand?post=4361"},{"taxonomy":"product_cat","embeddable":true,"href":"https:\/\/www.porinox.com\/fr\/wp-json\/wp\/v2\/product_cat?post=4361"},{"taxonomy":"product_tag","embeddable":true,"href":"https:\/\/www.porinox.com\/fr\/wp-json\/wp\/v2\/product_tag?post=4361"}],"curies":[{"name":"wp","href":"https:\/\/api.w.org\/{rel}","templated":true}]}}