{"id":4197,"date":"2020-08-24T10:46:07","date_gmt":"2020-08-24T10:46:07","guid":{"rendered":"https:\/\/porinox.com\/?post_type=product&#038;p=4197"},"modified":"2026-01-20T09:26:40","modified_gmt":"2026-01-20T08:26:40","slug":"produits-collier-superieur","status":"publish","type":"product","link":"https:\/\/www.porinox.com\/fr\/producto\/productos-grapa-sujecion-superior\/","title":{"rendered":"CLIP DE FIXATION DE LA PARTIE SUP\u00c9RIEURE"},"content":{"rendered":"<p>Pince en acier inoxydable pour la fixation du tube d'abreuvement.<\/p>\n<p>Fabriqu\u00e9 en t\u00f4le d'acier inoxydable de 1,5 mm d'\u00e9paisseur, avec <strong>possibilit\u00e9 de le fixer sur la face sup\u00e9rieure ou lat\u00e9rale de la cl\u00f4ture<\/strong>.<\/p>","protected":false},"excerpt":{"rendered":"<p>Pince en acier inoxydable pour la fixation du tube d'abreuvement.<\/p>\n<p>Fabricada con chapa de acero inoxidable de 1,5mm de espesor, con posibilidad de fijarla a la parte superior o la cara lateral de la valla.<\/p>\n<p><strong>Simple<\/strong><\/p>\n<p><em>R\u00e9f. 000.021.104<\/em><\/p>\n<p><strong>Double<\/strong><\/p>\n<p><em>R\u00e9f. 000.021.103<\/em><\/p>","protected":false},"featured_media":18691,"comment_status":"open","ping_status":"closed","template":"","meta":[],"product_brand":[],"product_cat":[352,364,375,408,434,354],"product_tag":[],"class_list":{"0":"post-4197","1":"product","2":"type-product","3":"status-publish","4":"has-post-thumbnail","6":"product_cat-destete","7":"product_cat-bebederos-destete","8":"product_cat-bebederos-maternidad","9":"product_cat-complementos_destete","10":"product_cat-grapas-bebederos-maternidad-y-parideras","11":"product_cat-maternidad-y-parideras","13":"first","14":"instock","15":"shipping-taxable","16":"purchasable","17":"product-type-variable"},"_links":{"self":[{"href":"https:\/\/www.porinox.com\/fr\/wp-json\/wp\/v2\/product\/4197","targetHints":{"allow":["GET"]}}],"collection":[{"href":"https:\/\/www.porinox.com\/fr\/wp-json\/wp\/v2\/product"}],"about":[{"href":"https:\/\/www.porinox.com\/fr\/wp-json\/wp\/v2\/types\/product"}],"replies":[{"embeddable":true,"href":"https:\/\/www.porinox.com\/fr\/wp-json\/wp\/v2\/comments?post=4197"}],"version-history":[{"count":0,"href":"https:\/\/www.porinox.com\/fr\/wp-json\/wp\/v2\/product\/4197\/revisions"}],"wp:featuredmedia":[{"embeddable":true,"href":"https:\/\/www.porinox.com\/fr\/wp-json\/wp\/v2\/media\/18691"}],"wp:attachment":[{"href":"https:\/\/www.porinox.com\/fr\/wp-json\/wp\/v2\/media?parent=4197"}],"wp:term":[{"taxonomy":"product_brand","embeddable":true,"href":"https:\/\/www.porinox.com\/fr\/wp-json\/wp\/v2\/product_brand?post=4197"},{"taxonomy":"product_cat","embeddable":true,"href":"https:\/\/www.porinox.com\/fr\/wp-json\/wp\/v2\/product_cat?post=4197"},{"taxonomy":"product_tag","embeddable":true,"href":"https:\/\/www.porinox.com\/fr\/wp-json\/wp\/v2\/product_tag?post=4197"}],"curies":[{"name":"wp","href":"https:\/\/api.w.org\/{rel}","templated":true}]}}