{"id":3848,"date":"2020-06-25T07:47:52","date_gmt":"2020-06-25T06:47:52","guid":{"rendered":"https:\/\/porinox.com\/?post_type=product&#038;p=3848"},"modified":"2024-07-19T09:40:31","modified_gmt":"2024-07-19T07:40:31","slug":"jouets-de-sevrage","status":"publish","type":"product","link":"https:\/\/www.porinox.com\/fr\/producto\/juguetes-para-destete\/","title":{"rendered":"JOUET \u00c0 FILER"},"content":{"rendered":"<p>Le <strong>Jouet de sevrage rotatif<\/strong> de Porinox est\u00e1 dise\u00f1ado para reducir el estr\u00e9s en los lechones, mejorando su bienestar y conversi\u00f3n alimenticia.<\/p>\n<p>Fabricado en acero inoxidable 304, incluye un sistema de valla modular con una varilla de \u00d88 mm que permite el movimiento del juguete.<\/p>\n<p>El juguete es un bloque de madera rotatorio f\u00e1cilmente reemplazable.<\/p>\n<p>Este dise\u00f1o asegura la compatibilidad con cualquier tipo de cuadra y ofrece una interacci\u00f3n segura para los animales.<\/p>","protected":false},"excerpt":{"rendered":"<p>Porinox a mis au point un syst\u00e8me de cl\u00f4ture modulaire fix\u00e9 aux tr\u00e9mies, int\u00e9grant un arbre de 8 mm qui permet de d\u00e9placer les jouets afin d'am\u00e9liorer le bien-\u00eatre des animaux.<\/p>","protected":false},"featured_media":18771,"comment_status":"open","ping_status":"closed","template":"","meta":[],"product_brand":[],"product_cat":[352,367],"product_tag":[],"class_list":{"0":"post-3848","1":"product","2":"type-product","3":"status-publish","4":"has-post-thumbnail","6":"product_cat-destete","7":"product_cat-juguetes","9":"first","10":"instock","11":"shipping-taxable","12":"product-type-simple"},"_links":{"self":[{"href":"https:\/\/www.porinox.com\/fr\/wp-json\/wp\/v2\/product\/3848","targetHints":{"allow":["GET"]}}],"collection":[{"href":"https:\/\/www.porinox.com\/fr\/wp-json\/wp\/v2\/product"}],"about":[{"href":"https:\/\/www.porinox.com\/fr\/wp-json\/wp\/v2\/types\/product"}],"replies":[{"embeddable":true,"href":"https:\/\/www.porinox.com\/fr\/wp-json\/wp\/v2\/comments?post=3848"}],"version-history":[{"count":0,"href":"https:\/\/www.porinox.com\/fr\/wp-json\/wp\/v2\/product\/3848\/revisions"}],"wp:featuredmedia":[{"embeddable":true,"href":"https:\/\/www.porinox.com\/fr\/wp-json\/wp\/v2\/media\/18771"}],"wp:attachment":[{"href":"https:\/\/www.porinox.com\/fr\/wp-json\/wp\/v2\/media?parent=3848"}],"wp:term":[{"taxonomy":"product_brand","embeddable":true,"href":"https:\/\/www.porinox.com\/fr\/wp-json\/wp\/v2\/product_brand?post=3848"},{"taxonomy":"product_cat","embeddable":true,"href":"https:\/\/www.porinox.com\/fr\/wp-json\/wp\/v2\/product_cat?post=3848"},{"taxonomy":"product_tag","embeddable":true,"href":"https:\/\/www.porinox.com\/fr\/wp-json\/wp\/v2\/product_tag?post=3848"}],"curies":[{"name":"wp","href":"https:\/\/api.w.org\/{rel}","templated":true}]}}