{"id":3830,"date":"2020-06-18T05:44:03","date_gmt":"2020-06-18T04:44:03","guid":{"rendered":"https:\/\/porinox.com\/?post_type=product&#038;p=3830"},"modified":"2025-11-06T13:45:30","modified_gmt":"2025-11-06T12:45:30","slug":"arc-de-desinfection","status":"publish","type":"product","link":"https:\/\/www.porinox.com\/fr\/producto\/arco-de-desinfeccion\/","title":{"rendered":"ARC DE D\u00c9SINFECTION"},"content":{"rendered":"<p>Porinox pr\u00e9sente son syst\u00e8me innovant <strong>Arche de d\u00e9sinfection pour camions<\/strong>, Le r\u00e9sultat de la collaboration entre notre \u00e9quipe technique exp\u00e9riment\u00e9e et des sp\u00e9cialistes externes de la bios\u00e9curit\u00e9. Fabriqu\u00e9 en <strong>en acier inoxydable, cette arche red\u00e9finit les normes d'hygi\u00e8ne dans les porcheries.<\/strong><\/p>\n<p>L'arc de d\u00e9sinfection Porinox, avec sa conception modulaire hautement compatible, offre une flexibilit\u00e9 sans pr\u00e9c\u00e9dent en permettant de l'acheter dans son int\u00e9gralit\u00e9 ou en pi\u00e8ces d\u00e9tach\u00e9es. Cette polyvalence facilite une adaptation pr\u00e9cise aux besoins sp\u00e9cifiques de chaque client, garantissant une solution personnalis\u00e9e pour la d\u00e9sinfection des v\u00e9hicules. En outre, le <strong>dosage du produit<\/strong> <strong>d\u00e9sinfectant<\/strong> est effectu\u00e9e au moyen d'un<strong> pompe doseuse<\/strong>, qui permet de r\u00e9guler la proportion de d\u00e9sinfectant dans le d\u00e9sinfectant. <strong>mani\u00e8re pr\u00e9cise<\/strong>.<\/p>\n<p>Equipado con un circuito de agua integrado, este arco asegura una distribuci\u00f3n eficiente de desinfectante, proporcionando una cobertura completa y uniforme del veh\u00edculo.<strong> La qualit\u00e9 in\u00e9gal\u00e9e de l'acier inoxydable garantit non seulement la durabilit\u00e9 et la solidit\u00e9, mais aussi la facilit\u00e9 de nettoyage et d'entretien.<\/strong><\/p>\n<p>Le choix entre des cellules photo\u00e9lectriques ou un bouton poussoir pour activer le syst\u00e8me permet d'adapter l'exp\u00e9rience de l'utilisateur aux pr\u00e9f\u00e9rences individuelles du client. En outre, nous offrons la possibilit\u00e9 d'acqu\u00e9rir le syst\u00e8me <a href=\"https:\/\/www.porinox.com\/fr\/panneau-daffichage\/\"><span style=\"color: #006eab;\">Porpanel\u00ae - Le syst\u00e8me d'information sur le march\u00e9 de l'emploi<\/span><\/a>\u00a0, que resguarda los mecanismos del arco de desinfecci\u00f3n, proporcionando una soluci\u00f3n integral para la protecci\u00f3n de veh\u00edculos.<\/p>\n<p>El Arco de Desinfecci\u00f3n Porinox incluye un <strong>bosse de roue<\/strong>, dise\u00f1ado para proteger el tubo de salida de agua ubicado debajo del arco. Este detalle refleja nuestro compromiso con la eficacia y la durabilidad del sistema, asegurando una operaci\u00f3n sin contratiempos y un mantenimiento sencillo.<\/p>\n<p>En Porinox, entendemos la importancia cr\u00edtica de la bioseguridad en las instalaciones porcinas. Con nuestro Arco de Desinfecci\u00f3n para veh\u00edculos, ofrecemos no solo un producto de calidad excepcional, sino tambi\u00e9n la tranquilidad y seguridad que cada granja merece.<\/p>\n<p>Puedes ver un proyecto de la instalaci\u00f3n de un arco de desinfecci\u00f3n <a href=\"https:\/\/www.porinox.com\/fr\/projets\/instalacion-de-un-arco-de-desinfeccion-en-irta\/\"><span style=\"color: #006eab;\">ici<\/span><\/a>.<\/p>","protected":false},"excerpt":{"rendered":"<p>Arco de desinfecci\u00f3n para camiones Porinox junto su equipo t\u00e9cnico y asesoramiento exterior por parte de especialistas del sector de la limpieza de camiones ha desarrollado un arco de desinfecci\u00f3n.<\/p>\n<p>Fabricado en acero inoxidable y con circuito de agua integrado permite su adquisici\u00f3n por completo o por partes, ya que se trata de un sistema modular altamente compatible. Garantizando la mejor soluci\u00f3n y adaptaci\u00f3n a todas las situaciones.<\/p>\n<p>Sistema formado por: estructura y circuito de agua<\/p>\n<p>Dos opciones de activaci\u00f3n:<\/p>\n<ul>\n<li>Sensor de paso con <strong>fotoc\u00e9lulas\u00a0<\/strong><em>(Ref. 000.301.310)<\/em><\/li>\n<li>Activaci\u00f3n manual a trav\u00e9s de un <strong>pulsador<\/strong> <em>(Ref. 000.301.320)<\/em><\/li>\n<\/ul>\n<p>Complementos opcionales:<\/p>\n<ul>\n<li>Caseta con control autom\u00e1tico (<em>Ref. 000.301.011)<\/em><\/li>\n<li>Bad\u00e9n para ruedas\u00a0(<em>Ref. 000.301.005)<\/em><\/li>\n<\/ul>","protected":false},"featured_media":19037,"comment_status":"open","ping_status":"closed","template":"","meta":[],"product_brand":[],"product_cat":[398,360],"product_tag":[],"class_list":{"0":"post-3830","1":"product","2":"type-product","3":"status-publish","4":"has-post-thumbnail","6":"product_cat-arcos-de-desinfeccion","7":"product_cat-bioseguridad","9":"first","10":"instock","11":"shipping-taxable","12":"product-type-simple"},"_links":{"self":[{"href":"https:\/\/www.porinox.com\/fr\/wp-json\/wp\/v2\/product\/3830","targetHints":{"allow":["GET"]}}],"collection":[{"href":"https:\/\/www.porinox.com\/fr\/wp-json\/wp\/v2\/product"}],"about":[{"href":"https:\/\/www.porinox.com\/fr\/wp-json\/wp\/v2\/types\/product"}],"replies":[{"embeddable":true,"href":"https:\/\/www.porinox.com\/fr\/wp-json\/wp\/v2\/comments?post=3830"}],"version-history":[{"count":0,"href":"https:\/\/www.porinox.com\/fr\/wp-json\/wp\/v2\/product\/3830\/revisions"}],"wp:featuredmedia":[{"embeddable":true,"href":"https:\/\/www.porinox.com\/fr\/wp-json\/wp\/v2\/media\/19037"}],"wp:attachment":[{"href":"https:\/\/www.porinox.com\/fr\/wp-json\/wp\/v2\/media?parent=3830"}],"wp:term":[{"taxonomy":"product_brand","embeddable":true,"href":"https:\/\/www.porinox.com\/fr\/wp-json\/wp\/v2\/product_brand?post=3830"},{"taxonomy":"product_cat","embeddable":true,"href":"https:\/\/www.porinox.com\/fr\/wp-json\/wp\/v2\/product_cat?post=3830"},{"taxonomy":"product_tag","embeddable":true,"href":"https:\/\/www.porinox.com\/fr\/wp-json\/wp\/v2\/product_tag?post=3830"}],"curies":[{"name":"wp","href":"https:\/\/api.w.org\/{rel}","templated":true}]}}