{"id":3821,"date":"2020-06-15T15:01:33","date_gmt":"2020-06-15T14:01:33","guid":{"rendered":"https:\/\/porinox.com\/?post_type=product&#038;p=3821"},"modified":"2024-07-18T11:19:26","modified_gmt":"2024-07-18T09:19:26","slug":"tremie-de-distribution","status":"publish","type":"product","link":"https:\/\/www.porinox.com\/fr\/producto\/tolva-distribuidora\/","title":{"rendered":"TR\u00c9MIE DE DISTRIBUTION"},"content":{"rendered":"<p>La tr\u00e9mie de distribution a \u00e9t\u00e9 con\u00e7ue comme un <strong>modulaire et facile \u00e0 installer.<\/strong><\/p>\n<p><strong>Les mesures sont enti\u00e8rement adaptables aux dimensions de chaque projet.<\/strong><\/p>\n<p>Il permet de r\u00e9duire les circuits de distribution des aliments et d'utiliser diff\u00e9rents types d'aliments dans chaque b\u00e2timent, en s'adaptant aux besoins des animaux.<\/p>\n<p>&nbsp;<\/p>","protected":false},"excerpt":{"rendered":"<p>Porinox en sus 20 de experiencia ha desarrollado una tolva distribuidora de <strong>sistema modular y f\u00e1cil instalaci\u00f3n.<\/strong><\/p>\n<p><strong>Medidas<\/strong> totalmente <strong>adaptadas<\/strong> a las necesidades de cada proyecto.<\/p>\n<p>Permite<strong> reducir los circuitos de distribuci\u00f3n<\/strong> de pienso y el uso de distintos tipos de pienso en cada nave, adapt\u00e1ndose a las necesidades de los animales.<\/p>","protected":false},"featured_media":19311,"comment_status":"open","ping_status":"closed","template":"","meta":[],"product_brand":[],"product_cat":[381,356,442],"product_tag":[],"class_list":{"0":"post-3821","1":"product","2":"type-product","3":"status-publish","4":"has-post-thumbnail","6":"product_cat-cadena","7":"product_cat-sistemas-de-distribucion","8":"product_cat-tolva-distribuidora","10":"first","11":"instock","12":"shipping-taxable","13":"product-type-simple"},"_links":{"self":[{"href":"https:\/\/www.porinox.com\/fr\/wp-json\/wp\/v2\/product\/3821","targetHints":{"allow":["GET"]}}],"collection":[{"href":"https:\/\/www.porinox.com\/fr\/wp-json\/wp\/v2\/product"}],"about":[{"href":"https:\/\/www.porinox.com\/fr\/wp-json\/wp\/v2\/types\/product"}],"replies":[{"embeddable":true,"href":"https:\/\/www.porinox.com\/fr\/wp-json\/wp\/v2\/comments?post=3821"}],"version-history":[{"count":0,"href":"https:\/\/www.porinox.com\/fr\/wp-json\/wp\/v2\/product\/3821\/revisions"}],"wp:featuredmedia":[{"embeddable":true,"href":"https:\/\/www.porinox.com\/fr\/wp-json\/wp\/v2\/media\/19311"}],"wp:attachment":[{"href":"https:\/\/www.porinox.com\/fr\/wp-json\/wp\/v2\/media?parent=3821"}],"wp:term":[{"taxonomy":"product_brand","embeddable":true,"href":"https:\/\/www.porinox.com\/fr\/wp-json\/wp\/v2\/product_brand?post=3821"},{"taxonomy":"product_cat","embeddable":true,"href":"https:\/\/www.porinox.com\/fr\/wp-json\/wp\/v2\/product_cat?post=3821"},{"taxonomy":"product_tag","embeddable":true,"href":"https:\/\/www.porinox.com\/fr\/wp-json\/wp\/v2\/product_tag?post=3821"}],"curies":[{"name":"wp","href":"https:\/\/api.w.org\/{rel}","templated":true}]}}