{"id":3769,"date":"2020-06-09T09:45:15","date_gmt":"2020-06-09T08:45:15","guid":{"rendered":"https:\/\/porinox.com\/?post_type=product&#038;p=3769"},"modified":"2024-07-26T10:58:27","modified_gmt":"2024-07-26T08:58:27","slug":"tuiles-faitieres-de-ventilation","status":"publish","type":"product","link":"https:\/\/www.porinox.com\/fr\/producto\/caballetes-cumbreras-de-ventilacion\/","title":{"rendered":"FA\u00ceTAGE DE VENTILATION \/ TUILES FA\u00ceTI\u00c8RES"},"content":{"rendered":"<p>Le <strong>les cr\u00eates de ventilation ou les fa\u00eeti\u00e8res<\/strong> de Porinox son una soluci\u00f3n eficiente para la ventilaci\u00f3n natural en naves de engorde. Fabricados en acero inoxidable 304, garantizan resistencia a las condiciones climatol\u00f3gicas y una larga vida \u00fatil.<\/p>\n<p>El dise\u00f1o incluye un sistema de rejilla regulable con apertura basculante por poleas, manual o motorizada, permitiendo la extracci\u00f3n de aire caliente de manera uniforme y reduciendo el consumo energ\u00e9tico.<\/p>\n<p>Disponibles en diversas medidas, aseguran cobertura completa de la nave.<\/p>","protected":false},"excerpt":{"rendered":"<p>Excelente sistema de ventilaci\u00f3n natural para naves de engorde. Fabricados \u00edntegramente en INOX 304 para garantizar resistencia a los factores climatol\u00f3gicos externos y ofrecer una larga vida \u00fatil.<br \/>\nHan sido dise\u00f1ados para obtener la m\u00e1xima ventilaci\u00f3n posible con su sistema de rejilla, que puede regularse mediante una bisagra interna basculante por sistema de poleas, accionada por sistema motor o manualmente, reduciendo as\u00ed el consumo energ\u00e9tico de la explotaci\u00f3n.<br \/>\nCon este sistema se consigue una extracci\u00f3n de aire caliente de forma lineal a lo largo de la nave, sin dejar puntos o espacios sin ventilar.<\/p>","protected":false},"featured_media":19209,"comment_status":"open","ping_status":"closed","template":"","meta":[],"product_brand":[],"product_cat":[353,373,397,359],"product_tag":[],"class_list":{"0":"post-3769","1":"product","2":"type-product","3":"status-publish","4":"has-post-thumbnail","6":"product_cat-engorde","7":"product_cat-caballetes-cumbreras-ventilacion","8":"product_cat-caballetes-cumbreras","9":"product_cat-ventilacion","11":"first","12":"instock","13":"shipping-taxable","14":"purchasable","15":"product-type-variable"},"_links":{"self":[{"href":"https:\/\/www.porinox.com\/fr\/wp-json\/wp\/v2\/product\/3769","targetHints":{"allow":["GET"]}}],"collection":[{"href":"https:\/\/www.porinox.com\/fr\/wp-json\/wp\/v2\/product"}],"about":[{"href":"https:\/\/www.porinox.com\/fr\/wp-json\/wp\/v2\/types\/product"}],"replies":[{"embeddable":true,"href":"https:\/\/www.porinox.com\/fr\/wp-json\/wp\/v2\/comments?post=3769"}],"version-history":[{"count":0,"href":"https:\/\/www.porinox.com\/fr\/wp-json\/wp\/v2\/product\/3769\/revisions"}],"wp:featuredmedia":[{"embeddable":true,"href":"https:\/\/www.porinox.com\/fr\/wp-json\/wp\/v2\/media\/19209"}],"wp:attachment":[{"href":"https:\/\/www.porinox.com\/fr\/wp-json\/wp\/v2\/media?parent=3769"}],"wp:term":[{"taxonomy":"product_brand","embeddable":true,"href":"https:\/\/www.porinox.com\/fr\/wp-json\/wp\/v2\/product_brand?post=3769"},{"taxonomy":"product_cat","embeddable":true,"href":"https:\/\/www.porinox.com\/fr\/wp-json\/wp\/v2\/product_cat?post=3769"},{"taxonomy":"product_tag","embeddable":true,"href":"https:\/\/www.porinox.com\/fr\/wp-json\/wp\/v2\/product_tag?post=3769"}],"curies":[{"name":"wp","href":"https:\/\/api.w.org\/{rel}","templated":true}]}}