{"id":3758,"date":"2020-06-08T13:20:29","date_gmt":"2020-06-08T12:20:29","guid":{"rendered":"https:\/\/porinox.com\/?post_type=product&#038;p=3758"},"modified":"2024-07-18T11:37:11","modified_gmt":"2024-07-18T09:37:11","slug":"unite-de-chargement-manuel","status":"publish","type":"product","link":"https:\/\/www.porinox.com\/fr\/producto\/unidad-de-carga-manual\/","title":{"rendered":"UNIT\u00c9 DE CHARGEMENT MANUEL"},"content":{"rendered":"<p>Porinox a d\u00e9velopp\u00e9 2 mod\u00e8les d'unit\u00e9 de chargement, \u00e0 1 et 2 sorties, pour tube \u00f860mm. Fix\u00e9 avec 6 vis M8 \u00e0 la sortie du silo. Fabriqu\u00e9 en acier inoxydable 304 de 1,5 mm.<\/p>\n<p><strong>Le syst\u00e8me de verrouillage est int\u00e9gr\u00e9 dans le corps, ce qui garantit un meilleur verrouillage et un meilleur fonctionnement.<\/strong><\/p>\n<p>&nbsp;<\/p>","protected":false},"excerpt":{"rendered":"<p>Porinox ha desarrollado 2 modelos de unidad de carga, de 1 y 2 salidas, para tubo de PVC de \u00f860mm. Fij\u00e1ndose con 6 tornillos M8 a la salida del silo. Fabricadas en acero inoxidable 304 de 1,5mm.<\/p>\n<p>El sistema de cierre es integrado al cuerpo, asegurando un mejor cierre y funcionamiento.<\/p>\n<p><strong>1 salida:<\/strong><\/p>\n<p><em>Ref. 000.013.100<\/em><\/p>\n<p><strong>2 salidas:<\/strong><\/p>\n<p><em>Ref. 000.013.200<\/em><\/p>","protected":false},"featured_media":19316,"comment_status":"open","ping_status":"closed","template":"","meta":[],"product_brand":[],"product_cat":[381,356,441],"product_tag":[],"class_list":{"0":"post-3758","1":"product","2":"type-product","3":"status-publish","4":"has-post-thumbnail","6":"product_cat-cadena","7":"product_cat-sistemas-de-distribucion","8":"product_cat-unidades-de-carga","10":"first","11":"instock","12":"shipping-taxable","13":"purchasable","14":"product-type-variable"},"_links":{"self":[{"href":"https:\/\/www.porinox.com\/fr\/wp-json\/wp\/v2\/product\/3758","targetHints":{"allow":["GET"]}}],"collection":[{"href":"https:\/\/www.porinox.com\/fr\/wp-json\/wp\/v2\/product"}],"about":[{"href":"https:\/\/www.porinox.com\/fr\/wp-json\/wp\/v2\/types\/product"}],"replies":[{"embeddable":true,"href":"https:\/\/www.porinox.com\/fr\/wp-json\/wp\/v2\/comments?post=3758"}],"version-history":[{"count":0,"href":"https:\/\/www.porinox.com\/fr\/wp-json\/wp\/v2\/product\/3758\/revisions"}],"wp:featuredmedia":[{"embeddable":true,"href":"https:\/\/www.porinox.com\/fr\/wp-json\/wp\/v2\/media\/19316"}],"wp:attachment":[{"href":"https:\/\/www.porinox.com\/fr\/wp-json\/wp\/v2\/media?parent=3758"}],"wp:term":[{"taxonomy":"product_brand","embeddable":true,"href":"https:\/\/www.porinox.com\/fr\/wp-json\/wp\/v2\/product_brand?post=3758"},{"taxonomy":"product_cat","embeddable":true,"href":"https:\/\/www.porinox.com\/fr\/wp-json\/wp\/v2\/product_cat?post=3758"},{"taxonomy":"product_tag","embeddable":true,"href":"https:\/\/www.porinox.com\/fr\/wp-json\/wp\/v2\/product_tag?post=3758"}],"curies":[{"name":"wp","href":"https:\/\/api.w.org\/{rel}","templated":true}]}}