{"id":3717,"date":"2020-06-02T14:44:33","date_gmt":"2020-06-02T13:44:33","guid":{"rendered":"https:\/\/porinox.com\/?post_type=product&#038;p=3717"},"modified":"2026-01-20T08:05:51","modified_gmt":"2026-01-20T07:05:51","slug":"tremie-de-sevrage-evo-1500d","status":"publish","type":"product","link":"https:\/\/www.porinox.com\/fr\/producto\/destete-tolva-evo-1500d\/","title":{"rendered":"TR\u00c9MIE EVO-1500D"},"content":{"rendered":"<p>Tr\u00e9mie con\u00e7ue et fabriqu\u00e9e sp\u00e9cifiquement pour la phase de sevrage. Sa configuration et ses dimensions garantissent aux porcelets un acc\u00e8s facile \u00e0 l'alimentation.<strong>cil l'acc\u00e8s \u00e0 la nourriture et \u00e0 l'eau d\u00e8s le premier jour.<\/strong>.<\/p>\n<p>La alimentaci\u00f3n en seco con bebedero al lado <strong>optimise le temps d'admission et offre un facteur de conversion imbattable<\/strong>. El ancho de plato de 800mm para el modelo simple y de 1500mm para el modelo de doble embudo, asegura que los cerdos tengan espacio suficiente para una ingesta ordenada.<\/p>\n<p>El sistema de regulaci\u00f3n ofrece un f\u00e1cil manejo y cierre totalmente herm\u00e9tico. Con el sistema de salida de pienso tubo-rotativo facilitamos la transici\u00f3n a la fase de engorde reduciendo el tiempo de adaptaci\u00f3n.<\/p>\n<p>&nbsp;<\/p>","protected":false},"excerpt":{"rendered":"<p>&nbsp;<\/p>\n<p>Las tolvas EVO-1500D, a diferencia de su precedente la EVO-700D, tiene doble embudo que ofrece mayor capacidad de pienso. Est\u00e1 dise\u00f1ada para suministrar a corrales con alto n\u00famero de animales. El plato de 150cm de ancho es de alimentaci\u00f3n en seco con 2 bebederos, para optimizar el tiempo de ingesta, proporcionando un factor de conversi\u00f3n inmejorable.<\/p>\n<p>El sistema de regulaci\u00f3n ofrece un f\u00e1cil manejo y cierre totalmente herm\u00e9tico.\u00a0 Con el sistema de salida de pienso tubo-rotativo facilitamos la transici\u00f3n a la fase de engorde reduciendo el tiempo de adaptaci\u00f3n.<\/p>\n<p><em>Ref. 000.143.280<\/em><\/p>","protected":false},"featured_media":18664,"comment_status":"open","ping_status":"closed","template":"","meta":[],"product_brand":[],"product_cat":[352,406,362],"product_tag":[],"class_list":{"0":"post-3717","1":"product","2":"type-product","3":"status-publish","4":"has-post-thumbnail","6":"product_cat-destete","7":"product_cat-evo","8":"product_cat-tolvas","10":"first","11":"instock","12":"shipping-taxable","13":"product-type-simple"},"_links":{"self":[{"href":"https:\/\/www.porinox.com\/fr\/wp-json\/wp\/v2\/product\/3717","targetHints":{"allow":["GET"]}}],"collection":[{"href":"https:\/\/www.porinox.com\/fr\/wp-json\/wp\/v2\/product"}],"about":[{"href":"https:\/\/www.porinox.com\/fr\/wp-json\/wp\/v2\/types\/product"}],"replies":[{"embeddable":true,"href":"https:\/\/www.porinox.com\/fr\/wp-json\/wp\/v2\/comments?post=3717"}],"version-history":[{"count":0,"href":"https:\/\/www.porinox.com\/fr\/wp-json\/wp\/v2\/product\/3717\/revisions"}],"wp:featuredmedia":[{"embeddable":true,"href":"https:\/\/www.porinox.com\/fr\/wp-json\/wp\/v2\/media\/18664"}],"wp:attachment":[{"href":"https:\/\/www.porinox.com\/fr\/wp-json\/wp\/v2\/media?parent=3717"}],"wp:term":[{"taxonomy":"product_brand","embeddable":true,"href":"https:\/\/www.porinox.com\/fr\/wp-json\/wp\/v2\/product_brand?post=3717"},{"taxonomy":"product_cat","embeddable":true,"href":"https:\/\/www.porinox.com\/fr\/wp-json\/wp\/v2\/product_cat?post=3717"},{"taxonomy":"product_tag","embeddable":true,"href":"https:\/\/www.porinox.com\/fr\/wp-json\/wp\/v2\/product_tag?post=3717"}],"curies":[{"name":"wp","href":"https:\/\/api.w.org\/{rel}","templated":true}]}}