{"id":3682,"date":"2020-06-01T07:00:54","date_gmt":"2020-06-01T07:00:54","guid":{"rendered":"https:\/\/porinox.com\/?post_type=product&#038;p=3682"},"modified":"2024-07-17T08:58:39","modified_gmt":"2024-07-17T06:58:39","slug":"vestiaire-sanitaire-2x2","status":"publish","type":"product","link":"https:\/\/www.porinox.com\/fr\/producto\/vestidor-sanitario-2x2\/","title":{"rendered":"VESTIAIRE SANITAIRE 2\u00d72"},"content":{"rendered":"<p style=\"text-align: justify;\">Le vestiaire sanitaire de 2\u00d72 m est con\u00e7u pour aider les \u00e9tablissements porcins \u00e0 se conformer \u00e0 la directive europ\u00e9enne sur la protection des animaux. <strong>Article 5 du d\u00e9cret royal 306\/2020<\/strong>, \u00e0 partir du 11 f\u00e9vrier 2020.  En installant cette loge con\u00e7ue et fabriqu\u00e9e enti\u00e8rement par Porinox, vous obtiendrez une protection de la bios\u00e9curit\u00e9 sur votre exploitation.<\/p>\n<p style=\"text-align: justify;\">Les vestiaires doivent servir de point de d\u00e9marcation et \u00eatre install\u00e9s au seul point d'acc\u00e8s \u00e0 l'enceinte, d\u00e9limitant ainsi la partie sale de l'ext\u00e9rieur de la partie propre de l'int\u00e9rieur. Cet \u00e9quipement facilite et favorise l'hygi\u00e8ne correcte des travailleurs et de tout le personnel autoris\u00e9 avant d'acc\u00e9der \u00e0 l'int\u00e9rieur de l'exploitation.<\/p>\n<p style=\"text-align: justify;\">\u00c0 l'entr\u00e9e du vestiaire, les v\u00eatements sales doivent \u00eatre laiss\u00e9s \u00e0 l'ext\u00e9rieur et passer par la douche et le lavabo. Elle est configur\u00e9e et construite de mani\u00e8re \u00e0 ce que le bac \u00e0 douche soit obligatoire, ce qui encourage son utilisation. Une fois dans la zone propre, vous devez rev\u00eatir des v\u00eatements de travail propres et mettre des chaussures propres adapt\u00e9es \u00e0 l'acc\u00e8s aux hangars. Il est fortement recommand\u00e9 d'\u00e9quiper le vestiaire d'une douche \u00e0 l'italienne. <a href=\"https:\/\/www.porinox.com\/fr\/produit\/cirage-de-chaussures\/\" target=\"_blank\" rel=\"noopener\">cirage de chaussures<\/a> pour un nettoyage complet, facile et efficace de l'int\u00e9rieur des chaussures.<\/p>\n<p style=\"text-align: justify;\">Dans la zone propre, il y a une table pliante o\u00f9 tous les travailleurs et le personnel entrant dans l'exploitation doivent \u00eatre enregistr\u00e9s. Cela facilite le respect de la <strong>planifier les visites de sant\u00e9 animale<\/strong>. De cette mani\u00e8re, vous pouvez exercer un contr\u00f4le et une tra\u00e7abilit\u00e9 en cas de probl\u00e8me de sant\u00e9 \u00e9ventuel.<\/p>\n<p style=\"text-align: justify;\">Ce module est livr\u00e9 enti\u00e8rement \u00e9quip\u00e9 de composants et d'accessoires pour r\u00e9pondre aux r\u00e9glementations en vigueur en mati\u00e8re de bios\u00e9curit\u00e9.<\/p>\n<p style=\"text-align: justify;\">Les seules conditions requises pour l'installation du vestiaire sont une surface ferme et plane, une alimentation en eau et en \u00e9lectricit\u00e9 pour le raccordement et l'alimentation du module. Il est \u00e9galement n\u00e9cessaire de pr\u00e9voir un syst\u00e8me d'\u00e9vacuation des eaux grises g\u00e9n\u00e9r\u00e9es \u00e0 l'int\u00e9rieur.<\/p>\n<p style=\"text-align: justify;\">Toute la structure du module, toutes les garnitures et tous les accessoires sont en acier inoxydable. Les murs et le toit sont en panneaux sandwich pour l'isolation thermique. Le sol, les murs int\u00e9rieurs et les bancs sont fabriqu\u00e9s en <a href=\"https:\/\/www.porinox.com\/fr\/panneau-daffichage\/\" target=\"_blank\" rel=\"noopener\">Porpanel<\/a> blanc pour un nettoyage facile.<\/p>","protected":false},"excerpt":{"rendered":"<p>Les vestiaires sanitaires Porinox ont \u00e9t\u00e9 d\u00e9velopp\u00e9s en collaboration avec une \u00e9quipe d'experts v\u00e9t\u00e9rinaires afin de les adapter aux r\u00e9glementations actuelles en mati\u00e8re de bios\u00e9curit\u00e9.<\/p>\n<p><strong>Cabines d'essayage enti\u00e8rement \u00e9quip\u00e9es<\/strong> para la higiene y comodidad del cuidador. Todos los elementos del interior, est\u00e1n realizados con materiales de PVC o inoxidable asegurando as\u00ed una larga vida \u00fatil.<\/p>\n<p>La entrega se realiza con el vestuario totalmente acabado, solo se necesita conectar los desag\u00fces y la conexi\u00f3n principal a la corriente.<\/p>\n<p><em>R\u00e9f. 000.162.200<\/em><\/p>","protected":false},"featured_media":18751,"comment_status":"open","ping_status":"closed","template":"","meta":[],"product_brand":[],"product_cat":[360,399],"product_tag":[],"class_list":{"0":"post-3682","1":"product","2":"type-product","3":"status-publish","4":"has-post-thumbnail","6":"product_cat-bioseguridad","7":"product_cat-vestidores-sanitarios","9":"first","10":"instock","11":"shipping-taxable","12":"purchasable","13":"product-type-simple"},"_links":{"self":[{"href":"https:\/\/www.porinox.com\/fr\/wp-json\/wp\/v2\/product\/3682","targetHints":{"allow":["GET"]}}],"collection":[{"href":"https:\/\/www.porinox.com\/fr\/wp-json\/wp\/v2\/product"}],"about":[{"href":"https:\/\/www.porinox.com\/fr\/wp-json\/wp\/v2\/types\/product"}],"replies":[{"embeddable":true,"href":"https:\/\/www.porinox.com\/fr\/wp-json\/wp\/v2\/comments?post=3682"}],"version-history":[{"count":0,"href":"https:\/\/www.porinox.com\/fr\/wp-json\/wp\/v2\/product\/3682\/revisions"}],"wp:featuredmedia":[{"embeddable":true,"href":"https:\/\/www.porinox.com\/fr\/wp-json\/wp\/v2\/media\/18751"}],"wp:attachment":[{"href":"https:\/\/www.porinox.com\/fr\/wp-json\/wp\/v2\/media?parent=3682"}],"wp:term":[{"taxonomy":"product_brand","embeddable":true,"href":"https:\/\/www.porinox.com\/fr\/wp-json\/wp\/v2\/product_brand?post=3682"},{"taxonomy":"product_cat","embeddable":true,"href":"https:\/\/www.porinox.com\/fr\/wp-json\/wp\/v2\/product_cat?post=3682"},{"taxonomy":"product_tag","embeddable":true,"href":"https:\/\/www.porinox.com\/fr\/wp-json\/wp\/v2\/product_tag?post=3682"}],"curies":[{"name":"wp","href":"https:\/\/api.w.org\/{rel}","templated":true}]}}