{"id":3661,"date":"2020-05-27T14:57:19","date_gmt":"2020-05-27T14:57:19","guid":{"rendered":"https:\/\/porinox.com\/?post_type=product&#038;p=3661"},"modified":"2024-07-18T13:08:31","modified_gmt":"2024-07-18T11:08:31","slug":"support-vertical-r68","status":"publish","type":"product","link":"https:\/\/www.porinox.com\/fr\/producto\/soporte-vertical-r68\/","title":{"rendered":"P\u00d4LE R68"},"content":{"rendered":"<p>Le <strong>Support vertical fixe \u00d868<\/strong> de Porinox est une poulie verticale \u00e0 base rotative, con\u00e7ue pour les applications dans les syst\u00e8mes de distribution d'aliments. Fabriqu\u00e9e en PVC et en acier inoxydable 304, elle garantit durabilit\u00e9 et r\u00e9sistance. Elle a un diam\u00e8tre de roue de 68 mm et est compatible avec des c\u00e2bles de 1 \u00e0 5 mm d'\u00e9paisseur. Elle comporte quatre trous M8 pour faciliter l'installation.<\/p>","protected":false},"excerpt":{"rendered":"<p>Polea rotativa para la regulaci\u00f3n de nidos, ventanas, caballetes, sistemas de alimentaci\u00f3n&#8230; adaptable a cualquier superficie con la rueda en perpendicular.<\/p>\n<p><em>R\u00e9f. 000.184.600<\/em><\/p>","protected":false},"featured_media":17377,"comment_status":"open","ping_status":"closed","template":"","meta":[],"product_brand":[],"product_cat":[361],"product_tag":[],"class_list":{"0":"post-3661","1":"product","2":"type-product","3":"status-publish","4":"has-post-thumbnail","6":"product_cat-poleas","8":"first","9":"instock","10":"shipping-taxable","11":"product-type-simple"},"_links":{"self":[{"href":"https:\/\/www.porinox.com\/fr\/wp-json\/wp\/v2\/product\/3661","targetHints":{"allow":["GET"]}}],"collection":[{"href":"https:\/\/www.porinox.com\/fr\/wp-json\/wp\/v2\/product"}],"about":[{"href":"https:\/\/www.porinox.com\/fr\/wp-json\/wp\/v2\/types\/product"}],"replies":[{"embeddable":true,"href":"https:\/\/www.porinox.com\/fr\/wp-json\/wp\/v2\/comments?post=3661"}],"version-history":[{"count":0,"href":"https:\/\/www.porinox.com\/fr\/wp-json\/wp\/v2\/product\/3661\/revisions"}],"wp:featuredmedia":[{"embeddable":true,"href":"https:\/\/www.porinox.com\/fr\/wp-json\/wp\/v2\/media\/17377"}],"wp:attachment":[{"href":"https:\/\/www.porinox.com\/fr\/wp-json\/wp\/v2\/media?parent=3661"}],"wp:term":[{"taxonomy":"product_brand","embeddable":true,"href":"https:\/\/www.porinox.com\/fr\/wp-json\/wp\/v2\/product_brand?post=3661"},{"taxonomy":"product_cat","embeddable":true,"href":"https:\/\/www.porinox.com\/fr\/wp-json\/wp\/v2\/product_cat?post=3661"},{"taxonomy":"product_tag","embeddable":true,"href":"https:\/\/www.porinox.com\/fr\/wp-json\/wp\/v2\/product_tag?post=3661"}],"curies":[{"name":"wp","href":"https:\/\/api.w.org\/{rel}","templated":true}]}}