{"id":3504,"date":"2020-05-14T13:41:01","date_gmt":"2020-05-14T13:41:01","guid":{"rendered":"https:\/\/porinox.com\/?post_type=product&#038;p=3504"},"modified":"2024-07-18T13:13:51","modified_gmt":"2024-07-18T11:13:51","slug":"boite-a-double-corps","status":"publish","type":"product","link":"https:\/\/www.porinox.com\/fr\/producto\/cajetin-cuerpo-doble\/","title":{"rendered":"BO\u00ceTE \u00c0 DOUBLE CORPS"},"content":{"rendered":"<p>Le <strong>Bo\u00eete \u00e0 double corps<\/strong> de Porinox est con\u00e7u pour les syst\u00e8mes de distribution d'aliments. Il est fabriqu\u00e9 en acier inoxydable 304 pour garantir sa durabilit\u00e9 et sa r\u00e9sistance \u00e0 la corrosion. Il est disponible en trois tailles d'entr\u00e9e et de sortie : \u00d855 mm, \u00d875 mm et \u00d890 mm. Ses dimensions sont de 272 mm de large, 210 mm de haut et 231 mm de profondeur, avec une \u00e9paisseur de 1,5 mm. Cette bo\u00eete est id\u00e9ale pour optimiser l'efficacit\u00e9 des exploitations agricoles, en facilitant la distribution uniforme des aliments.<\/p>","protected":false},"excerpt":{"rendered":"<p>Cajet\u00edn doble para la distribuci\u00f3n del pienso, disponible en\u00a0<strong>tres medidas.<\/strong><\/p>\n<p>Ideal para la distribuci\u00f3n de pienso mediante <strong>sistema espiral<\/strong>.<\/p>\n<p>Fabricado en <strong>Acier inoxydable 304<\/strong> de 1,5mm de grueso y <strong>soldadura continua con hilo<\/strong>, asegura el aislamiento y alarga la vida \u00fatil.<\/p>\n<p><em>Ref. consultar medidas<\/em><\/p>","protected":false},"featured_media":19213,"comment_status":"open","ping_status":"closed","template":"","meta":[],"product_brand":[],"product_cat":[438,380,356],"product_tag":[],"class_list":{"0":"post-3504","1":"product","2":"type-product","3":"status-publish","4":"has-post-thumbnail","6":"product_cat-cajetines","7":"product_cat-espiral","8":"product_cat-sistemas-de-distribucion","10":"first","11":"instock","12":"shipping-taxable","13":"product-type-simple"},"_links":{"self":[{"href":"https:\/\/www.porinox.com\/fr\/wp-json\/wp\/v2\/product\/3504","targetHints":{"allow":["GET"]}}],"collection":[{"href":"https:\/\/www.porinox.com\/fr\/wp-json\/wp\/v2\/product"}],"about":[{"href":"https:\/\/www.porinox.com\/fr\/wp-json\/wp\/v2\/types\/product"}],"replies":[{"embeddable":true,"href":"https:\/\/www.porinox.com\/fr\/wp-json\/wp\/v2\/comments?post=3504"}],"version-history":[{"count":0,"href":"https:\/\/www.porinox.com\/fr\/wp-json\/wp\/v2\/product\/3504\/revisions"}],"wp:featuredmedia":[{"embeddable":true,"href":"https:\/\/www.porinox.com\/fr\/wp-json\/wp\/v2\/media\/19213"}],"wp:attachment":[{"href":"https:\/\/www.porinox.com\/fr\/wp-json\/wp\/v2\/media?parent=3504"}],"wp:term":[{"taxonomy":"product_brand","embeddable":true,"href":"https:\/\/www.porinox.com\/fr\/wp-json\/wp\/v2\/product_brand?post=3504"},{"taxonomy":"product_cat","embeddable":true,"href":"https:\/\/www.porinox.com\/fr\/wp-json\/wp\/v2\/product_cat?post=3504"},{"taxonomy":"product_tag","embeddable":true,"href":"https:\/\/www.porinox.com\/fr\/wp-json\/wp\/v2\/product_tag?post=3504"}],"curies":[{"name":"wp","href":"https:\/\/api.w.org\/{rel}","templated":true}]}}