{"id":3309,"date":"2020-05-08T05:16:30","date_gmt":"2020-05-08T04:16:30","guid":{"rendered":"https:\/\/porinox.com\/?post_type=product&#038;p=3309"},"modified":"2024-07-18T14:14:52","modified_gmt":"2024-07-18T12:14:52","slug":"boite-a-corps-unique","status":"publish","type":"product","link":"https:\/\/www.porinox.com\/fr\/producto\/cajetin-cuerpo-simple\/","title":{"rendered":"BO\u00ceTE \u00c0 CORPS UNIQUE"},"content":{"rendered":"<div id=\"caixaFotosDetall\">\n<div id=\"scrollablePorinox\" class=\"scrollable relative\">\n<div class=\"items\">\n<p>Le <strong>Bo\u00eete \u00e0 corps unique<\/strong> de Porinox est une solution efficace pour la distribution des aliments dans les syst\u00e8mes d'alimentation des porcs. Fabriqu\u00e9 en acier inoxydable 304, il offre une grande durabilit\u00e9 et une r\u00e9sistance \u00e0 la corrosion. Disponible pour les tuyaux en PVC de \u00d855mm, \u00d875mm et \u00d890mm, il est dot\u00e9 d'une sortie unique. Ses dimensions sont de 265 mm de large, 190 mm de haut et 210 mm de profondeur, avec une \u00e9paisseur de 1,5 mm, ce qui facilite l'installation et la maintenance.<\/p>\n<\/div>\n<\/div>\n<\/div>","protected":false},"excerpt":{"rendered":"<p>Cajet\u00edn simple para la distribuci\u00f3n del pienso, disponible en <strong>tres medidas.<\/strong><\/p>\n<p>Ideal para la distribuci\u00f3n de pienso mediante<strong> sistema espiral.<\/strong><\/p>\n<p>Fabricado en <strong>Acier inoxydable 304<\/strong> de 1,5mm de grueso y <strong>soldadura continua con hilo<\/strong>, asegura el aislamiento y alarga la vida \u00fatil.<\/p>\n<p><em>Ref. consultar medidas<\/em><\/p>\n<p>&nbsp;<\/p>","protected":false},"featured_media":19216,"comment_status":"open","ping_status":"closed","template":"","meta":[],"product_brand":[],"product_cat":[438,380,356],"product_tag":[],"class_list":{"0":"post-3309","1":"product","2":"type-product","3":"status-publish","4":"has-post-thumbnail","6":"product_cat-cajetines","7":"product_cat-espiral","8":"product_cat-sistemas-de-distribucion","10":"first","11":"instock","12":"shipping-taxable","13":"product-type-simple"},"_links":{"self":[{"href":"https:\/\/www.porinox.com\/fr\/wp-json\/wp\/v2\/product\/3309","targetHints":{"allow":["GET"]}}],"collection":[{"href":"https:\/\/www.porinox.com\/fr\/wp-json\/wp\/v2\/product"}],"about":[{"href":"https:\/\/www.porinox.com\/fr\/wp-json\/wp\/v2\/types\/product"}],"replies":[{"embeddable":true,"href":"https:\/\/www.porinox.com\/fr\/wp-json\/wp\/v2\/comments?post=3309"}],"version-history":[{"count":0,"href":"https:\/\/www.porinox.com\/fr\/wp-json\/wp\/v2\/product\/3309\/revisions"}],"wp:featuredmedia":[{"embeddable":true,"href":"https:\/\/www.porinox.com\/fr\/wp-json\/wp\/v2\/media\/19216"}],"wp:attachment":[{"href":"https:\/\/www.porinox.com\/fr\/wp-json\/wp\/v2\/media?parent=3309"}],"wp:term":[{"taxonomy":"product_brand","embeddable":true,"href":"https:\/\/www.porinox.com\/fr\/wp-json\/wp\/v2\/product_brand?post=3309"},{"taxonomy":"product_cat","embeddable":true,"href":"https:\/\/www.porinox.com\/fr\/wp-json\/wp\/v2\/product_cat?post=3309"},{"taxonomy":"product_tag","embeddable":true,"href":"https:\/\/www.porinox.com\/fr\/wp-json\/wp\/v2\/product_tag?post=3309"}],"curies":[{"name":"wp","href":"https:\/\/api.w.org\/{rel}","templated":true}]}}