{"id":3052,"date":"2020-05-04T10:20:24","date_gmt":"2020-05-04T10:20:24","guid":{"rendered":"https:\/\/porinox.com\/?post_type=product&#038;p=3052"},"modified":"2024-07-18T13:27:56","modified_gmt":"2024-07-18T11:27:56","slug":"deflecteur-de-ferme","status":"publish","type":"product","link":"https:\/\/www.porinox.com\/fr\/producto\/deflector-para-granjas\/","title":{"rendered":"D\u00c9FLECTEUR DIRECTIONNEL"},"content":{"rendered":"<p>Le <strong>D\u00e9flecteur agricole directionnel<\/strong> de Porinox est une solution avanc\u00e9e pour le contr\u00f4le du climat dans les installations agricoles. Fabriqu\u00e9 en acier inoxydable 304, ce d\u00e9flecteur offre durabilit\u00e9 et r\u00e9sistance \u00e0 la corrosion. Disponible en quatre tailles (700 mm, 800 mm, 1000 mm et 1375 mm), il permet un r\u00e9glage manuel et une rotation de 180\u00ba des lames verticales et horizontales, optimisant ainsi la distribution de l'air dans l'environnement agricole.<\/p>","protected":false},"excerpt":{"rendered":"<p>Los Deflectores est\u00e1n pensados para garantizar un <strong>suministro direccional de aire<\/strong> dentro de las granjas. El cuerpo est\u00e1 completamente realizado en <strong>acier inoxydable<\/strong> de una sola pieza. El deflector es totalmente <strong>regulable<\/strong>, tanto en direcci\u00f3n <strong>horizontal<\/strong> como <strong>verticalmente<\/strong>.<\/p>\n<p><em>Ref. consultar medidas<\/em><\/p>","protected":false},"featured_media":19360,"comment_status":"open","ping_status":"closed","template":"","meta":[],"product_brand":[],"product_cat":[396,359],"product_tag":[],"class_list":{"0":"post-3052","1":"product","2":"type-product","3":"status-publish","4":"has-post-thumbnail","6":"product_cat-deflectores","7":"product_cat-ventilacion","9":"first","10":"instock","11":"shipping-taxable","12":"product-type-simple"},"_links":{"self":[{"href":"https:\/\/www.porinox.com\/fr\/wp-json\/wp\/v2\/product\/3052","targetHints":{"allow":["GET"]}}],"collection":[{"href":"https:\/\/www.porinox.com\/fr\/wp-json\/wp\/v2\/product"}],"about":[{"href":"https:\/\/www.porinox.com\/fr\/wp-json\/wp\/v2\/types\/product"}],"replies":[{"embeddable":true,"href":"https:\/\/www.porinox.com\/fr\/wp-json\/wp\/v2\/comments?post=3052"}],"version-history":[{"count":0,"href":"https:\/\/www.porinox.com\/fr\/wp-json\/wp\/v2\/product\/3052\/revisions"}],"wp:featuredmedia":[{"embeddable":true,"href":"https:\/\/www.porinox.com\/fr\/wp-json\/wp\/v2\/media\/19360"}],"wp:attachment":[{"href":"https:\/\/www.porinox.com\/fr\/wp-json\/wp\/v2\/media?parent=3052"}],"wp:term":[{"taxonomy":"product_brand","embeddable":true,"href":"https:\/\/www.porinox.com\/fr\/wp-json\/wp\/v2\/product_brand?post=3052"},{"taxonomy":"product_cat","embeddable":true,"href":"https:\/\/www.porinox.com\/fr\/wp-json\/wp\/v2\/product_cat?post=3052"},{"taxonomy":"product_tag","embeddable":true,"href":"https:\/\/www.porinox.com\/fr\/wp-json\/wp\/v2\/product_tag?post=3052"}],"curies":[{"name":"wp","href":"https:\/\/api.w.org\/{rel}","templated":true}]}}