{"id":3037,"date":"2020-05-04T09:54:47","date_gmt":"2020-05-04T09:54:47","guid":{"rendered":"https:\/\/porinox.com\/?post_type=product&#038;p=3037"},"modified":"2025-11-06T08:22:58","modified_gmt":"2025-11-06T07:22:58","slug":"supports-du-module-de-refroidissement","status":"publish","type":"product","link":"https:\/\/www.porinox.com\/fr\/producto\/escuadras-para-modulo-de-refrigeracion\/","title":{"rendered":"SUPPORTS POUR MODULES DE REFROIDISSEMENT"},"content":{"rendered":"<p><strong>Equerre pour module de refroidissement<\/strong> de Porinox. Les supports de modules de refroidissement sont con\u00e7us pour fournir un support robuste et fiable aux modules de refroidissement. Fabriqu\u00e9s en acier inoxydable 304, ces supports sont tr\u00e8s r\u00e9sistants \u00e0 la corrosion et aux conditions d\u00e9favorables. Disponibles en cinq tailles diff\u00e9rentes, ils s'adaptent \u00e0 diff\u00e9rentes largeurs de modules et se fixent au mur \u00e0 l'aide de deux vis M10. Avec une \u00e9paisseur de 2 mm, ils offrent une structure solide et durable.<\/p>","protected":false},"excerpt":{"rendered":"<p>Escuadras para m\u00f3dulos de refrigeraci\u00f3n, fabricadas en acero inoxidable 304 de 2mm<\/p>\n<p>E200 R<em>ef.000.137.101<\/em><\/p>\n<p>E250 R<em>ef.000.137.102<\/em><\/p>\n<p>E300 R<em>ef.000.137.103<\/em><\/p>\n<p>E350 R<em>ef.000.137.104<\/em><\/p>\n<p>E500<em> Ref.000.137.105<\/em><\/p>","protected":false},"featured_media":17316,"comment_status":"open","ping_status":"closed","template":"","meta":[],"product_brand":[],"product_cat":[393,358],"product_tag":[],"class_list":{"0":"post-3037","1":"product","2":"type-product","3":"status-publish","4":"has-post-thumbnail","6":"product_cat-complementos-de-refrigeracion","7":"product_cat-refrigeracion","9":"first","10":"instock","11":"shipping-taxable","12":"purchasable","13":"product-type-variable"},"_links":{"self":[{"href":"https:\/\/www.porinox.com\/fr\/wp-json\/wp\/v2\/product\/3037","targetHints":{"allow":["GET"]}}],"collection":[{"href":"https:\/\/www.porinox.com\/fr\/wp-json\/wp\/v2\/product"}],"about":[{"href":"https:\/\/www.porinox.com\/fr\/wp-json\/wp\/v2\/types\/product"}],"replies":[{"embeddable":true,"href":"https:\/\/www.porinox.com\/fr\/wp-json\/wp\/v2\/comments?post=3037"}],"version-history":[{"count":0,"href":"https:\/\/www.porinox.com\/fr\/wp-json\/wp\/v2\/product\/3037\/revisions"}],"wp:featuredmedia":[{"embeddable":true,"href":"https:\/\/www.porinox.com\/fr\/wp-json\/wp\/v2\/media\/17316"}],"wp:attachment":[{"href":"https:\/\/www.porinox.com\/fr\/wp-json\/wp\/v2\/media?parent=3037"}],"wp:term":[{"taxonomy":"product_brand","embeddable":true,"href":"https:\/\/www.porinox.com\/fr\/wp-json\/wp\/v2\/product_brand?post=3037"},{"taxonomy":"product_cat","embeddable":true,"href":"https:\/\/www.porinox.com\/fr\/wp-json\/wp\/v2\/product_cat?post=3037"},{"taxonomy":"product_tag","embeddable":true,"href":"https:\/\/www.porinox.com\/fr\/wp-json\/wp\/v2\/product_tag?post=3037"}],"curies":[{"name":"wp","href":"https:\/\/api.w.org\/{rel}","templated":true}]}}