{"id":2850,"date":"2020-04-16T13:31:32","date_gmt":"2020-04-16T13:31:32","guid":{"rendered":"https:\/\/porinox.com\/?post_type=product&#038;p=2850"},"modified":"2024-07-24T12:56:57","modified_gmt":"2024-07-24T10:56:57","slug":"module-de-refroidissement-ecologique","status":"publish","type":"product","link":"https:\/\/www.porinox.com\/fr\/producto\/modulo-eco-de-refrigeracion\/","title":{"rendered":"MODULE DE REFROIDISSEMENT \u00c9COLOGIQUE"},"content":{"rendered":"<p class=\"p1\"><span class=\"s1\">Le <b>module de refroidissement \u00e9cologique <\/b>offre une solution combin\u00e9e d'humidification et de refroidissement. Les \u00e9co-modules doivent \u00eatre connect\u00e9s les uns aux autres, de mani\u00e8re \u00e0 ce qu'ils partagent les m\u00eames fonctions. <b>tous les composants hydrauliques<\/b>.<\/span><\/p>\n<p class=\"p1\"><span class=\"s1\">Ces unit\u00e9s de refroidissement sont suspendues \u00e0 la fa\u00e7ade ext\u00e9rieure de la ferme \u00e0 l'aide de supports en acier inoxydable, adapt\u00e9s \u00e0 la taille des fen\u00eatres. L'air est refroidi par la ventilation transversale de la maison elle-m\u00eame, qui passe \u00e0 travers les unit\u00e9s de refroidissement. <a href=\"https:\/\/www.porinox.com\/fr\/produit\/panneau-de-cellulose-10\/\"><span class=\"s2\">panneaux de cellulose<\/span><\/a> constamment humidifi\u00e9 avec de l'eau. De cette mani\u00e8re, un air plus frais p\u00e9n\u00e8tre dans le hall, avec un taux d'humidit\u00e9 plus \u00e9lev\u00e9 et en m\u00eame temps plus propre, plus pur et filtr\u00e9 des particules provenant de l'ext\u00e9rieur.<\/span><\/p>\n<p class=\"p1\"><span class=\"s1\">Ce refroidisseur modulaire est con\u00e7u pour les clients qui ont besoin de refroidir et d'humidifier un hall entier en m\u00eame temps. Avec tous les <b>\u00e9quipes travaillant en s\u00e9rie<\/b> dans un seul circuit d'eau partag\u00e9. Le fait de partager le circuit d'eau signifie que seules l'entr\u00e9e et la sortie d'eau de chaque \u00e9co-module doivent \u00eatre connect\u00e9es au module suivant.<\/span><span class=\"s1\">\u00a0<\/span><\/p>\n<p class=\"p1\"><span class=\"s1\">Ce syst\u00e8me permet d'unifier le circuit d'eau de plusieurs modules. La centralisation d'un seul r\u00e9servoir d'eau (non inclus) et d'une seule pompe \u00e0 eau (non incluse) en un seul point de la ferme. Le d\u00e9bit n\u00e9cessaire de cette pompe doit \u00eatre calcul\u00e9 en fonction de la quantit\u00e9 et de la longueur de tous les \u00e9co-modules du circuit (0,5 m\u00b3\/h x m lin\u00e9aire).<\/span><\/p>\n<p class=\"p1\"><span class=\"s1\">La base de l'\u00e9co-module recueille l'eau et l'achemine vers le r\u00e9servoir d'eau commun, puis la refoule, fermant ainsi le circuit de refroidissement. Chaque \u00e9co-module poss\u00e8de sa propre vanne de vidange pour nettoyer les \u00e9ventuelles accumulations de particules dans le circuit.<\/span><\/p>\n<p class=\"p1\"><span class=\"s1\">Nous fabriquons les modules int\u00e9graux en combinant diff\u00e9rentes mesures standard de (W) largeur, (L) longueur et (H) hauteur. De cette mani\u00e8re, nous pouvons configurer un nombre infini de tailles pour s'adapter aux fen\u00eatres de la ferme de chaque client. Cependant, nous offrons \u00e9galement la possibilit\u00e9 de personnaliser les mesures de chaque module.<\/span><\/p>\n<p class=\"p1\"><span class=\"s1\">Le <b>module de refroidissement \u00e9cologique <\/b>offre une solution combin\u00e9e d'humidification et de refroidissement. Les \u00e9co-modules doivent \u00eatre connect\u00e9s les uns aux autres, de mani\u00e8re \u00e0 ce qu'ils partagent les m\u00eames fonctions. <b>tous les composants hydrauliques<\/b>.<\/span><\/p>\n<p class=\"p1\"><span class=\"s1\">Ces unit\u00e9s de refroidissement sont suspendues \u00e0 la fa\u00e7ade ext\u00e9rieure de la ferme \u00e0 l'aide de supports en acier inoxydable, adapt\u00e9s \u00e0 la taille des fen\u00eatres. L'air est refroidi par la ventilation transversale de la maison elle-m\u00eame, qui passe \u00e0 travers les unit\u00e9s de refroidissement. <a href=\"https:\/\/www.porinox.com\/fr\/produit\/panneau-de-cellulose-10\/\"><span class=\"s2\">panneaux de cellulose<\/span><\/a> constamment humidifi\u00e9 avec de l'eau. De cette mani\u00e8re, un air plus frais p\u00e9n\u00e8tre dans le hall, avec un taux d'humidit\u00e9 plus \u00e9lev\u00e9 et en m\u00eame temps plus propre, plus pur et filtr\u00e9 des particules provenant de l'ext\u00e9rieur.<\/span><\/p>","protected":false},"excerpt":{"rendered":"<p>Los m\u00f3dulos eco est\u00e1n pensados para poder ofrecer la refrigeraci\u00f3n de las granjas mediante una instalaci\u00f3n conjunta, con la posibilidad de conectar varios m\u00f3dulos entre s\u00ed, optimizando el n\u00famero de bombas y dep\u00f3sitos a instalar.<\/p>\n<p>Su ligero peso y su dise\u00f1o compacto nos garantizan una f\u00e1cil instalaci\u00f3n.<\/p>\n<p>La salida del agua se ubica en el centro del m\u00f3dulo, y sus medidas var\u00edan seg\u00fan la longitud del modelo.<\/p>\n<p>Ch\u00e2ssis en INOX 304 de haute qualit\u00e9 d'une \u00e9paisseur de 1 mm.<\/p>","protected":false},"featured_media":19938,"comment_status":"open","ping_status":"closed","template":"","meta":[],"product_brand":[],"product_cat":[358,386],"product_tag":[],"class_list":{"0":"post-2850","1":"product","2":"type-product","3":"status-publish","4":"has-post-thumbnail","6":"product_cat-refrigeracion","7":"product_cat-refrigeradores-modulares","9":"first","10":"instock","11":"shipping-taxable","12":"purchasable","13":"product-type-simple"},"_links":{"self":[{"href":"https:\/\/www.porinox.com\/fr\/wp-json\/wp\/v2\/product\/2850","targetHints":{"allow":["GET"]}}],"collection":[{"href":"https:\/\/www.porinox.com\/fr\/wp-json\/wp\/v2\/product"}],"about":[{"href":"https:\/\/www.porinox.com\/fr\/wp-json\/wp\/v2\/types\/product"}],"replies":[{"embeddable":true,"href":"https:\/\/www.porinox.com\/fr\/wp-json\/wp\/v2\/comments?post=2850"}],"version-history":[{"count":0,"href":"https:\/\/www.porinox.com\/fr\/wp-json\/wp\/v2\/product\/2850\/revisions"}],"wp:featuredmedia":[{"embeddable":true,"href":"https:\/\/www.porinox.com\/fr\/wp-json\/wp\/v2\/media\/19938"}],"wp:attachment":[{"href":"https:\/\/www.porinox.com\/fr\/wp-json\/wp\/v2\/media?parent=2850"}],"wp:term":[{"taxonomy":"product_brand","embeddable":true,"href":"https:\/\/www.porinox.com\/fr\/wp-json\/wp\/v2\/product_brand?post=2850"},{"taxonomy":"product_cat","embeddable":true,"href":"https:\/\/www.porinox.com\/fr\/wp-json\/wp\/v2\/product_cat?post=2850"},{"taxonomy":"product_tag","embeddable":true,"href":"https:\/\/www.porinox.com\/fr\/wp-json\/wp\/v2\/product_tag?post=2850"}],"curies":[{"name":"wp","href":"https:\/\/api.w.org\/{rel}","templated":true}]}}