{"id":2836,"date":"2020-04-16T12:51:54","date_gmt":"2020-04-16T12:51:54","guid":{"rendered":"https:\/\/porinox.com\/?post_type=product&#038;p=2836"},"modified":"2024-07-24T12:59:50","modified_gmt":"2024-07-24T10:59:50","slug":"module-de-refrigeration-integre","status":"publish","type":"product","link":"https:\/\/www.porinox.com\/fr\/producto\/modulo-integral-de-refrigeracion\/","title":{"rendered":"MODULE DE R\u00c9FRIG\u00c9RATION INT\u00c9GR\u00c9"},"content":{"rendered":"<p>Le <strong>module de r\u00e9frig\u00e9ration int\u00e9gr\u00e9 <\/strong>offre une solution compl\u00e8te d'humidification et de refroidissement, car il contient le r\u00e9servoir d'eau et le syst\u00e8me de refroidissement. <strong>tous les composants int\u00e9gr\u00e9s<\/strong>.<\/p>\n<p>Estos equipos de refrigeraci\u00f3n se instalan colgados con escuadras de acero inoxidable en la fachada exterior de la granja ajustados al tama\u00f1o de las ventanas. Con la propia ventilaci\u00f3n cruzada de la nave conseguimos refrescar el aire que pasa a trav\u00e9s de los <a href=\"https:\/\/www.porinox.com\/fr\/produit\/panneau-de-cellulose-10\/\" target=\"_blank\" rel=\"noopener\">panneaux de cellulose<\/a> humedecidos constantemente con agua fresca. De esta forma entra dentro la nave aire m\u00e1s fr\u00edo, con un nivel de humedad superior y a la vez m\u00e1s limpio, puro y filtrado de part\u00edculas procedentes del exterior.<\/p>\n<p>Este refrigerador modular esta pensado para los clientes que precisen refrigerar y humidificar las naves de una forma individualizada y que <strong>l'\u00e9quipe travaille sur un circuit qui lui est propre<\/strong> de agua de forma independiente. La integraci\u00f3n de todos los componentes hidr\u00e1ulicos en el m\u00f3dulo agiliza y facilita la instalaci\u00f3n de agua, y solo se requiere conectar la entrada de agua a la boya, y conectar la bomba a la luz.<\/p>\n<p>Cada uno de los m\u00f3dulos integrales llevan incorporados la boya que regula la entrada de agua, el dep\u00f3sito de agua, la <a href=\"https:\/\/www.porinox.com\/fr\/produit\/pompes-a-eau-de-refroidissement\/\" target=\"_blank\" rel=\"noopener\">pompe \u00e0 eau<\/a>, el circuito de agua y las v\u00e1lvulas de purga. Tambi\u00e9n est\u00e1n dotados con dos llaves de paso para regular el caudal de agua que entra y el agua que circula en el circuito cerrado para controlar el consumo de agua.<\/p>\n<p>Nous fabriquons les modules int\u00e9graux en combinant diff\u00e9rentes mesures standard de (W) largeur, (L) longueur et (H) hauteur. De cette mani\u00e8re, nous pouvons configurer un nombre infini de tailles pour s'adapter aux fen\u00eatres de la ferme de chaque client. Cependant, nous offrons \u00e9galement la possibilit\u00e9 de personnaliser les mesures de chaque module.<\/p>\n<p>&nbsp;<\/p>","protected":false},"excerpt":{"rendered":"<p>Los m\u00f3dulos integrales son una excelente soluci\u00f3n para los clientes que precisen refrigerar las naves de una forma individual.<\/p>\n<p>Incorporan todos los elementos necesarios para su funcionamiento (circuito de agua y bomba sumergible). La integraci\u00f3n de estos elementos en el m\u00f3dulo agiliza y facilita la instalaci\u00f3n, sin necesidad de conexi\u00f3n de subministro externo.<\/p>\n<p>Ch\u00e2ssis en INOX 304 de haute qualit\u00e9 d'une \u00e9paisseur de 1 mm.<\/p>","protected":false},"featured_media":19965,"comment_status":"open","ping_status":"closed","template":"","meta":[],"product_brand":[],"product_cat":[358,386],"product_tag":[],"class_list":{"0":"post-2836","1":"product","2":"type-product","3":"status-publish","4":"has-post-thumbnail","6":"product_cat-refrigeracion","7":"product_cat-refrigeradores-modulares","9":"first","10":"instock","11":"shipping-taxable","12":"purchasable","13":"product-type-simple"},"_links":{"self":[{"href":"https:\/\/www.porinox.com\/fr\/wp-json\/wp\/v2\/product\/2836","targetHints":{"allow":["GET"]}}],"collection":[{"href":"https:\/\/www.porinox.com\/fr\/wp-json\/wp\/v2\/product"}],"about":[{"href":"https:\/\/www.porinox.com\/fr\/wp-json\/wp\/v2\/types\/product"}],"replies":[{"embeddable":true,"href":"https:\/\/www.porinox.com\/fr\/wp-json\/wp\/v2\/comments?post=2836"}],"version-history":[{"count":0,"href":"https:\/\/www.porinox.com\/fr\/wp-json\/wp\/v2\/product\/2836\/revisions"}],"wp:featuredmedia":[{"embeddable":true,"href":"https:\/\/www.porinox.com\/fr\/wp-json\/wp\/v2\/media\/19965"}],"wp:attachment":[{"href":"https:\/\/www.porinox.com\/fr\/wp-json\/wp\/v2\/media?parent=2836"}],"wp:term":[{"taxonomy":"product_brand","embeddable":true,"href":"https:\/\/www.porinox.com\/fr\/wp-json\/wp\/v2\/product_brand?post=2836"},{"taxonomy":"product_cat","embeddable":true,"href":"https:\/\/www.porinox.com\/fr\/wp-json\/wp\/v2\/product_cat?post=2836"},{"taxonomy":"product_tag","embeddable":true,"href":"https:\/\/www.porinox.com\/fr\/wp-json\/wp\/v2\/product_tag?post=2836"}],"curies":[{"name":"wp","href":"https:\/\/api.w.org\/{rel}","templated":true}]}}