{"id":2765,"date":"2020-04-14T14:10:33","date_gmt":"2020-04-14T14:10:33","guid":{"rendered":"https:\/\/porinox.com\/?post_type=product&#038;p=2765"},"modified":"2024-07-18T13:46:47","modified_gmt":"2024-07-18T11:46:47","slug":"fixation-des-panneaux-muraux","status":"publish","type":"product","link":"https:\/\/www.porinox.com\/fr\/producto\/fijacion-panel-pared\/","title":{"rendered":"FIXATION POUR PANNEAUX MURAUX"},"content":{"rendered":"<p>Le <strong>Fixation des panneaux muraux<\/strong> de Porinox est un joint robuste et durable permettant de fixer des panneaux de 50 mm aux murs. Fabriqu\u00e9 en acier inoxydable de 1,5 mm, il offre une fixation s\u00fbre et r\u00e9sistante \u00e0 la corrosion, id\u00e9ale pour les environnements agricoles et d'\u00e9levage o\u00f9 la durabilit\u00e9 et la stabilit\u00e9 sont essentielles.<\/p>","protected":false},"excerpt":{"rendered":"<p>Fijaci\u00f3n para paneles a la pared<\/p>\n<p>Para fijaci\u00f3n de paneles de 50mm con la pared<\/p>\n<p>Ref: 000.203.531<\/p>","protected":false},"featured_media":0,"comment_status":"open","ping_status":"closed","template":"","meta":[],"product_brand":[],"product_cat":[16],"product_tag":[],"class_list":{"0":"post-2765","1":"product","2":"type-product","3":"status-publish","5":"product_cat-uncategorized","7":"first","8":"instock","9":"shipping-taxable","10":"product-type-simple"},"_links":{"self":[{"href":"https:\/\/www.porinox.com\/fr\/wp-json\/wp\/v2\/product\/2765","targetHints":{"allow":["GET"]}}],"collection":[{"href":"https:\/\/www.porinox.com\/fr\/wp-json\/wp\/v2\/product"}],"about":[{"href":"https:\/\/www.porinox.com\/fr\/wp-json\/wp\/v2\/types\/product"}],"replies":[{"embeddable":true,"href":"https:\/\/www.porinox.com\/fr\/wp-json\/wp\/v2\/comments?post=2765"}],"version-history":[{"count":0,"href":"https:\/\/www.porinox.com\/fr\/wp-json\/wp\/v2\/product\/2765\/revisions"}],"wp:attachment":[{"href":"https:\/\/www.porinox.com\/fr\/wp-json\/wp\/v2\/media?parent=2765"}],"wp:term":[{"taxonomy":"product_brand","embeddable":true,"href":"https:\/\/www.porinox.com\/fr\/wp-json\/wp\/v2\/product_brand?post=2765"},{"taxonomy":"product_cat","embeddable":true,"href":"https:\/\/www.porinox.com\/fr\/wp-json\/wp\/v2\/product_cat?post=2765"},{"taxonomy":"product_tag","embeddable":true,"href":"https:\/\/www.porinox.com\/fr\/wp-json\/wp\/v2\/product_tag?post=2765"}],"curies":[{"name":"wp","href":"https:\/\/api.w.org\/{rel}","templated":true}]}}