{"id":2603,"date":"2020-04-07T09:18:11","date_gmt":"2020-04-07T09:18:11","guid":{"rendered":"https:\/\/porinox.com\/?post_type=product&#038;p=2603"},"modified":"2024-07-18T14:11:54","modified_gmt":"2024-07-18T12:11:54","slug":"buveur-de-graisse-a26-d-plus-320","status":"publish","type":"product","link":"https:\/\/www.porinox.com\/fr\/producto\/bebedero-engorde-a26-d-plus-320\/","title":{"rendered":"FONTAINE \u00c0 BOIRE A26.D PLUS-320"},"content":{"rendered":"<p>Le <strong>Abreuvoir A26.D PLUS-320<\/strong> de Porinox est id\u00e9ale pour l'engraissement des porcs. Elle est fabriqu\u00e9e en acier inoxydable 304, ce qui garantit sa durabilit\u00e9 et sa r\u00e9sistance \u00e0 la corrosion. Avec des dimensions de 320 mm de large, 250 mm de haut et 150 mm de profondeur, il est con\u00e7u pour minimiser le gaspillage d'eau gr\u00e2ce \u00e0 son syst\u00e8me de ventouse. L'installation est simple gr\u00e2ce \u00e0 deux trous \u00d89 pour la fixation murale. L'\u00e9paisseur du corps est de 1,5 mm et celle des c\u00f4t\u00e9s de 1,5\/2 mm, ce qui facilite le nettoyage et l'entretien.<\/p>","protected":false},"excerpt":{"rendered":"<p>Los bebederos A26 est\u00e1n dise\u00f1ados para ofrecer una mayor capacidad de agua. Fabricados con acero inoxidable de alta calidad y soldados con soldadura robotizada para un resultado m\u00e1s resistente y duradero, sin p\u00e9rdidas de agua. Disponible con varios complementos para adaptarlo a sus necesidades.<\/p>\n<p>REF: Laterales de 1,5mm: 000.023.265.<\/p>\n<p style=\"padding-left: 40px;\">Laterales de 2 mm: 000.023.262.<\/p>","protected":false},"featured_media":18921,"comment_status":"open","ping_status":"closed","template":"","meta":[],"product_brand":[],"product_cat":[429,500,370,498,375,420,353,497,354,16],"product_tag":[],"class_list":{"0":"post-2603","1":"product","2":"type-product","3":"status-publish","4":"has-post-thumbnail","6":"product_cat-a26-bebederos-maternidad-y-parideras","7":"product_cat-a26-gestacion","8":"product_cat-bebederos-engorde","9":"product_cat-bebederos-gestacion","10":"product_cat-bebederos-maternidad","11":"product_cat-bebederos-bebederos-engorde","12":"product_cat-engorde","13":"product_cat-gestacion","14":"product_cat-maternidad-y-parideras","15":"product_cat-uncategorized","17":"first","18":"instock","19":"shipping-taxable","20":"product-type-simple"},"_links":{"self":[{"href":"https:\/\/www.porinox.com\/fr\/wp-json\/wp\/v2\/product\/2603","targetHints":{"allow":["GET"]}}],"collection":[{"href":"https:\/\/www.porinox.com\/fr\/wp-json\/wp\/v2\/product"}],"about":[{"href":"https:\/\/www.porinox.com\/fr\/wp-json\/wp\/v2\/types\/product"}],"replies":[{"embeddable":true,"href":"https:\/\/www.porinox.com\/fr\/wp-json\/wp\/v2\/comments?post=2603"}],"version-history":[{"count":0,"href":"https:\/\/www.porinox.com\/fr\/wp-json\/wp\/v2\/product\/2603\/revisions"}],"wp:featuredmedia":[{"embeddable":true,"href":"https:\/\/www.porinox.com\/fr\/wp-json\/wp\/v2\/media\/18921"}],"wp:attachment":[{"href":"https:\/\/www.porinox.com\/fr\/wp-json\/wp\/v2\/media?parent=2603"}],"wp:term":[{"taxonomy":"product_brand","embeddable":true,"href":"https:\/\/www.porinox.com\/fr\/wp-json\/wp\/v2\/product_brand?post=2603"},{"taxonomy":"product_cat","embeddable":true,"href":"https:\/\/www.porinox.com\/fr\/wp-json\/wp\/v2\/product_cat?post=2603"},{"taxonomy":"product_tag","embeddable":true,"href":"https:\/\/www.porinox.com\/fr\/wp-json\/wp\/v2\/product_tag?post=2603"}],"curies":[{"name":"wp","href":"https:\/\/api.w.org\/{rel}","templated":true}]}}