{"id":2601,"date":"2020-04-07T09:14:53","date_gmt":"2020-04-07T09:14:53","guid":{"rendered":"https:\/\/porinox.com\/?post_type=product&#038;p=2601"},"modified":"2024-07-18T13:56:55","modified_gmt":"2024-07-18T11:56:55","slug":"buveur-de-graisse-a26-plus-250","status":"publish","type":"product","link":"https:\/\/www.porinox.com\/fr\/producto\/bebedero-engorde-a26-plus-250\/","title":{"rendered":"FONTAINE A26 PLUS-250"},"content":{"rendered":"<p>Le <strong>Abreuvoir A26 Plus-250<\/strong> de Porinox est con\u00e7u pour offrir une plus grande capacit\u00e9 d'eau et une plus grande durabilit\u00e9 dans les exploitations agricoles. Fabriqu\u00e9 en acier inoxydable 304 et assembl\u00e9 par soudage robotis\u00e9, il garantit la r\u00e9sistance et \u00e9vite les fuites d'eau. Ses dimensions sont de 250 mm de large, 250 mm de haut et 150 mm de profondeur, avec une \u00e9paisseur de 1,5 mm. Il comprend deux trous \u00d89 pour la fixation, un tube r\u00e9glable en hauteur et une sucette qui minimise le gaspillage d'eau.<\/p>","protected":false},"excerpt":{"rendered":"<p>Los bebederos A26 Plus 250 est\u00e1n dise\u00f1ados para ofrecer una mayor capacidad de agua. Fabricados con acero inoxidable de alta calidad y soldados con soldadura robotizada para un resultado m\u00e1s resistente y duradero, sin p\u00e9rdidas de agua. Disponible con varios complementos para adaptarlo a sus necesidades.<\/p>\n<p>Ref. Laterales de 1,5mm: 000.023.225.<\/p>\n<p style=\"padding-left: 40px;\">Laterales de 2 mm: 000.023.222.<\/p>","protected":false},"featured_media":17241,"comment_status":"open","ping_status":"closed","template":"","meta":[],"product_brand":[],"product_cat":[429,500,420,498,353,497,354],"product_tag":[],"class_list":{"0":"post-2601","1":"product","2":"type-product","3":"status-publish","4":"has-post-thumbnail","6":"product_cat-a26-bebederos-maternidad-y-parideras","7":"product_cat-a26-gestacion","8":"product_cat-bebederos-bebederos-engorde","9":"product_cat-bebederos-gestacion","10":"product_cat-engorde","11":"product_cat-gestacion","12":"product_cat-maternidad-y-parideras","14":"first","15":"instock","16":"shipping-taxable","17":"purchasable","18":"product-type-simple"},"_links":{"self":[{"href":"https:\/\/www.porinox.com\/fr\/wp-json\/wp\/v2\/product\/2601","targetHints":{"allow":["GET"]}}],"collection":[{"href":"https:\/\/www.porinox.com\/fr\/wp-json\/wp\/v2\/product"}],"about":[{"href":"https:\/\/www.porinox.com\/fr\/wp-json\/wp\/v2\/types\/product"}],"replies":[{"embeddable":true,"href":"https:\/\/www.porinox.com\/fr\/wp-json\/wp\/v2\/comments?post=2601"}],"version-history":[{"count":0,"href":"https:\/\/www.porinox.com\/fr\/wp-json\/wp\/v2\/product\/2601\/revisions"}],"wp:featuredmedia":[{"embeddable":true,"href":"https:\/\/www.porinox.com\/fr\/wp-json\/wp\/v2\/media\/17241"}],"wp:attachment":[{"href":"https:\/\/www.porinox.com\/fr\/wp-json\/wp\/v2\/media?parent=2601"}],"wp:term":[{"taxonomy":"product_brand","embeddable":true,"href":"https:\/\/www.porinox.com\/fr\/wp-json\/wp\/v2\/product_brand?post=2601"},{"taxonomy":"product_cat","embeddable":true,"href":"https:\/\/www.porinox.com\/fr\/wp-json\/wp\/v2\/product_cat?post=2601"},{"taxonomy":"product_tag","embeddable":true,"href":"https:\/\/www.porinox.com\/fr\/wp-json\/wp\/v2\/product_tag?post=2601"}],"curies":[{"name":"wp","href":"https:\/\/api.w.org\/{rel}","templated":true}]}}