{"id":2377,"date":"2020-03-11T15:37:43","date_gmt":"2020-03-11T15:37:43","guid":{"rendered":"https:\/\/porinox.com\/?post_type=product&#038;p=2377"},"modified":"2024-08-19T08:34:20","modified_gmt":"2024-08-19T06:34:20","slug":"tremie-dengraissement-evo700","status":"publish","type":"product","link":"https:\/\/www.porinox.com\/fr\/producto\/tolva-para-engorde-evo700\/","title":{"rendered":"TOLVA EVO-700E"},"content":{"rendered":"<p>Le <strong>Tr\u00e9mie EVO-700E<\/strong> de Porinox est id\u00e9ale pour l'engraissement des porcs, avec une conception robuste et efficace. Il est dot\u00e9 d'une plaque en acier inoxydable de 70 cm, d'un entonnoir en PVC de 105 L et d'une capacit\u00e9 de 35 \u00e0 40 animaux de 8 \u00e0 130 kg. Son couvercle frontal transparent permet de voir facilement le contenu, ce qui garantit une manipulation confortable et s\u00fbre. Cette tr\u00e9mie est un excellent choix pour optimiser l'alimentation dans les \u00e9levages de porcs.<\/p>","protected":false},"excerpt":{"rendered":"<p>Tolva dise\u00f1ada y fabricada para la fase de engorde.<\/p>\n<p>Su configuraci\u00f3n y medidas nos aseguran que los animales tengan un f\u00e1cil acceso tanto a la comida como al agua des del primer d\u00eda.<\/p>\n<p>La alimentaci\u00f3n en seco con bebedero al lado <b>optimise le temps de prise en charge <\/b>y proporciona un factor de conversi\u00f3n inmejorable.<\/p>\n<p>El sistema de regulaci\u00f3n ofrece un f\u00e1cil manejo y cierre totalmente herm\u00e9tico.\u00a0 Con el sistema de salida de pienso tubo-rotativo facilitamos la ingesta.<\/p>\n<p><em>Ref. 000.143.200<\/em><\/p>\n<p>&nbsp;<\/p>","protected":false},"featured_media":18813,"comment_status":"open","ping_status":"closed","template":"","meta":[],"product_brand":[],"product_cat":[353,417,366],"product_tag":[],"class_list":{"0":"post-2377","1":"product","2":"type-product","3":"status-publish","4":"has-post-thumbnail","6":"product_cat-engorde","7":"product_cat-evo-tolvas-engorde","8":"product_cat-tolvas-engorde","10":"first","11":"instock","12":"shipping-taxable","13":"product-type-simple"},"_links":{"self":[{"href":"https:\/\/www.porinox.com\/fr\/wp-json\/wp\/v2\/product\/2377","targetHints":{"allow":["GET"]}}],"collection":[{"href":"https:\/\/www.porinox.com\/fr\/wp-json\/wp\/v2\/product"}],"about":[{"href":"https:\/\/www.porinox.com\/fr\/wp-json\/wp\/v2\/types\/product"}],"replies":[{"embeddable":true,"href":"https:\/\/www.porinox.com\/fr\/wp-json\/wp\/v2\/comments?post=2377"}],"version-history":[{"count":0,"href":"https:\/\/www.porinox.com\/fr\/wp-json\/wp\/v2\/product\/2377\/revisions"}],"wp:featuredmedia":[{"embeddable":true,"href":"https:\/\/www.porinox.com\/fr\/wp-json\/wp\/v2\/media\/18813"}],"wp:attachment":[{"href":"https:\/\/www.porinox.com\/fr\/wp-json\/wp\/v2\/media?parent=2377"}],"wp:term":[{"taxonomy":"product_brand","embeddable":true,"href":"https:\/\/www.porinox.com\/fr\/wp-json\/wp\/v2\/product_brand?post=2377"},{"taxonomy":"product_cat","embeddable":true,"href":"https:\/\/www.porinox.com\/fr\/wp-json\/wp\/v2\/product_cat?post=2377"},{"taxonomy":"product_tag","embeddable":true,"href":"https:\/\/www.porinox.com\/fr\/wp-json\/wp\/v2\/product_tag?post=2377"}],"curies":[{"name":"wp","href":"https:\/\/api.w.org\/{rel}","templated":true}]}}