{"id":23741,"date":"2026-02-11T09:41:20","date_gmt":"2026-02-11T08:41:20","guid":{"rendered":"https:\/\/www.porinox.com\/?post_type=product&#038;p=23741"},"modified":"2026-02-11T09:43:04","modified_gmt":"2026-02-11T08:43:04","slug":"fix-fix-t100-2","status":"publish","type":"product","link":"https:\/\/www.porinox.com\/fr\/producto\/sujecion-parideras-fix-t100-2\/","title":{"rendered":"FIXATION FIX-T100"},"content":{"rendered":"<h5 data-start=\"149\" data-end=\"593\">Le <strong data-start=\"152\" data-end=\"183\">FIXATION FIX-T100<\/strong> est un <strong data-start=\"190\" data-end=\"234\">syst\u00e8me d'ancrage professionnel r\u00e9glable<\/strong> pour <strong data-start=\"240\" data-end=\"275\">caisses de mise bas pour porcs<\/strong>.<\/h5>\n<p data-start=\"149\" data-end=\"593\">Con\u00e7u sp\u00e9cifiquement pour \u00eatre utilis\u00e9 dans <strong data-start=\"317\" data-end=\"338\">\u00c9LEVAGES DE PORCS<\/strong>, en particulier dans <strong data-start=\"357\" data-end=\"380\">maternit\u00e9s<\/strong>. Fabriqu\u00e9 enti\u00e8rement en <strong data-start=\"408\" data-end=\"437\">acier inoxydable AISI 304<\/strong>, offres <strong data-start=\"446\" data-end=\"483\">r\u00e9sistance maximale \u00e0 la corrosion<\/strong>, <strong data-start=\"485\" data-end=\"517\">une grande durabilit\u00e9 structurelle<\/strong> et un <strong data-start=\"523\" data-end=\"592\">des performances fiables dans des environnements tr\u00e8s humides et soumis \u00e0 des lavages intensifs<\/strong>.<\/p>\n<p data-start=\"595\" data-end=\"1000\">Sa conception int\u00e8gre un <strong data-start=\"618\" data-end=\"663\">profil structurel longitudinal renforc\u00e9<\/strong> combin\u00e9e avec <strong data-start=\"678\" data-end=\"713\">deltas triangulaires coulissants<\/strong> y <strong data-start=\"716\" data-end=\"747\">tige filet\u00e9e soud\u00e9e<\/strong>, assurer une <strong data-start=\"766\" data-end=\"807\">fermeture ferme, s\u00fbre et sans jeu<\/strong>. Les <strong data-start=\"812\" data-end=\"833\">syst\u00e8me r\u00e9glable<\/strong> permet d'adapter la position de l'ancrage aux diff\u00e9rentes configurations et largeurs de la chambre d'enfant, ce qui facilite le montage et assure une s\u00e9curit\u00e9 maximale. <strong data-start=\"966\" data-end=\"999\">installation pr\u00e9cise et stable<\/strong>.<\/p>\n<p data-start=\"1002\" data-end=\"1409\">Le <strong data-start=\"1005\" data-end=\"1024\">tige filet\u00e9e<\/strong> exerce une <strong data-start=\"1036\" data-end=\"1056\">pression uniforme<\/strong> sur le point d'attache, en \u00e9vitant <strong data-start=\"1094\" data-end=\"1151\">les d\u00e9placements, les vibrations ou les mouvements ind\u00e9sirables<\/strong> caus\u00e9e par le poids et l'activit\u00e9 de la truie. Les <strong data-start=\"1206\" data-end=\"1226\">delta triangulaire<\/strong> renforce le point d'appui et r\u00e9partit efficacement les charges, ce qui augmente la dur\u00e9e de vie de l'appareil. <strong data-start=\"1312\" data-end=\"1336\">r\u00e9sistance m\u00e9canique<\/strong> et en prolongeant la <strong data-start=\"1354\" data-end=\"1408\">dur\u00e9e de vie de la caisse de mise bas et du syst\u00e8me de fixation<\/strong>.<\/p>\n<p>&nbsp;<\/p>","protected":false},"excerpt":{"rendered":"<p data-start=\"796\" data-end=\"946\">Syst\u00e8me de fixation r\u00e9glable pour caisses de maternit\u00e9 en acier inoxydable AISI 304. Stabilit\u00e9 et r\u00e9sistance maximales dans les \u00e9levages de porcs.<\/p>\n<p data-start=\"948\" data-end=\"958\">","protected":false},"featured_media":23742,"comment_status":"open","ping_status":"closed","template":"","meta":[],"product_brand":[],"product_cat":[527],"product_tag":[],"class_list":{"0":"post-23741","1":"product","2":"type-product","3":"status-publish","4":"has-post-thumbnail","6":"product_cat-accesorios-slats","8":"first","9":"instock","10":"shipping-taxable","11":"product-type-simple"},"_links":{"self":[{"href":"https:\/\/www.porinox.com\/fr\/wp-json\/wp\/v2\/product\/23741","targetHints":{"allow":["GET"]}}],"collection":[{"href":"https:\/\/www.porinox.com\/fr\/wp-json\/wp\/v2\/product"}],"about":[{"href":"https:\/\/www.porinox.com\/fr\/wp-json\/wp\/v2\/types\/product"}],"replies":[{"embeddable":true,"href":"https:\/\/www.porinox.com\/fr\/wp-json\/wp\/v2\/comments?post=23741"}],"version-history":[{"count":0,"href":"https:\/\/www.porinox.com\/fr\/wp-json\/wp\/v2\/product\/23741\/revisions"}],"wp:featuredmedia":[{"embeddable":true,"href":"https:\/\/www.porinox.com\/fr\/wp-json\/wp\/v2\/media\/23742"}],"wp:attachment":[{"href":"https:\/\/www.porinox.com\/fr\/wp-json\/wp\/v2\/media?parent=23741"}],"wp:term":[{"taxonomy":"product_brand","embeddable":true,"href":"https:\/\/www.porinox.com\/fr\/wp-json\/wp\/v2\/product_brand?post=23741"},{"taxonomy":"product_cat","embeddable":true,"href":"https:\/\/www.porinox.com\/fr\/wp-json\/wp\/v2\/product_cat?post=23741"},{"taxonomy":"product_tag","embeddable":true,"href":"https:\/\/www.porinox.com\/fr\/wp-json\/wp\/v2\/product_tag?post=23741"}],"curies":[{"name":"wp","href":"https:\/\/api.w.org\/{rel}","templated":true}]}}