{"id":23732,"date":"2026-02-10T09:52:51","date_gmt":"2026-02-10T08:52:51","guid":{"rendered":"https:\/\/www.porinox.com\/?post_type=product&#038;p=23732"},"modified":"2026-02-11T14:25:11","modified_gmt":"2026-02-11T13:25:11","slug":"lattes-de-fer","status":"publish","type":"product","link":"https:\/\/www.porinox.com\/fr\/producto\/slats-de-hierro\/","title":{"rendered":"LAMELLES EN FER"},"content":{"rendered":"<h5 data-start=\"170\" data-end=\"337\">Le <strong data-start=\"174\" data-end=\"234\">lamelles de fer de <span class=\"hover:entity-accent entity-underline inline cursor-pointer align-baseline\"><span class=\"whitespace-normal\">Porinox<\/span><\/span><\/strong> sont con\u00e7us pour offrir une solution robuste et durable dans les zones exigeantes de l'exploitation.<\/h5>\n<p data-start=\"339\" data-end=\"524\">Fabriqu\u00e9s en fer de haute qualit\u00e9, ils offrent une structure solide, stable et fiable, capable de r\u00e9sister \u00e0 un usage quotidien intensif et de maintenir ses performances dans le temps.<\/p>\n<p data-start=\"526\" data-end=\"673\">Sa conception permet une \u00e9vacuation correcte du lisier, ce qui contribue \u00e0 maintenir la surface plus s\u00e8che et plus propre et \u00e0 am\u00e9liorer l'hygi\u00e8ne de l'installation.<\/p>\n<p data-start=\"526\" data-end=\"673\">Disponible en deux mod\u00e8les : <strong data-start=\"729\" data-end=\"749\">H40<\/strong> (40 \u00d7 60 cm) et <strong data-start=\"752\" data-end=\"772\">H60<\/strong> (60 \u00d7 60 cm).<\/p>","protected":false},"excerpt":{"rendered":"<p>Los slats de hierro de Porinox est\u00e1n dise\u00f1ados para ofrecer una soluci\u00f3n robusta y duradera en zonas de la granja con alta exigencia. Fabricados en hierro de alta calidad, proporcionan una estructura s\u00f3lida, estable y fiable, capaz de soportar el uso intensivo diario y mantener sus prestaciones con el paso del tiempo. Su dise\u00f1o permite [&hellip;]<\/p>\n","protected":false},"featured_media":23733,"comment_status":"open","ping_status":"closed","template":"","meta":[],"product_brand":[],"product_cat":[526],"product_tag":[],"class_list":{"0":"post-23732","1":"product","2":"type-product","3":"status-publish","4":"has-post-thumbnail","6":"product_cat-slats-maternidad","8":"first","9":"instock","10":"shipping-taxable","11":"product-type-simple"},"_links":{"self":[{"href":"https:\/\/www.porinox.com\/fr\/wp-json\/wp\/v2\/product\/23732","targetHints":{"allow":["GET"]}}],"collection":[{"href":"https:\/\/www.porinox.com\/fr\/wp-json\/wp\/v2\/product"}],"about":[{"href":"https:\/\/www.porinox.com\/fr\/wp-json\/wp\/v2\/types\/product"}],"replies":[{"embeddable":true,"href":"https:\/\/www.porinox.com\/fr\/wp-json\/wp\/v2\/comments?post=23732"}],"version-history":[{"count":0,"href":"https:\/\/www.porinox.com\/fr\/wp-json\/wp\/v2\/product\/23732\/revisions"}],"wp:featuredmedia":[{"embeddable":true,"href":"https:\/\/www.porinox.com\/fr\/wp-json\/wp\/v2\/media\/23733"}],"wp:attachment":[{"href":"https:\/\/www.porinox.com\/fr\/wp-json\/wp\/v2\/media?parent=23732"}],"wp:term":[{"taxonomy":"product_brand","embeddable":true,"href":"https:\/\/www.porinox.com\/fr\/wp-json\/wp\/v2\/product_brand?post=23732"},{"taxonomy":"product_cat","embeddable":true,"href":"https:\/\/www.porinox.com\/fr\/wp-json\/wp\/v2\/product_cat?post=23732"},{"taxonomy":"product_tag","embeddable":true,"href":"https:\/\/www.porinox.com\/fr\/wp-json\/wp\/v2\/product_tag?post=23732"}],"curies":[{"name":"wp","href":"https:\/\/api.w.org\/{rel}","templated":true}]}}