{"id":23675,"date":"2026-01-20T09:57:57","date_gmt":"2026-01-20T08:57:57","guid":{"rendered":"https:\/\/www.porinox.com\/?post_type=product&#038;p=23675"},"modified":"2026-01-20T11:56:47","modified_gmt":"2026-01-20T10:56:47","slug":"slatfix-m-8-avec-ailes","status":"publish","type":"product","link":"https:\/\/www.porinox.com\/fr\/producto\/slatfix-m-8-con-alas\/","title":{"rendered":"SLATFIX M-8 AVEC AILES"},"content":{"rendered":"<p>Ancrage pour syst\u00e8mes \u00e0 lamelles avec <strong data-start=\"148\" data-end=\"176\" data-is-only-node=\"\">conception int\u00e9gr\u00e9e des ailes<\/strong>, qui permet une <strong data-start=\"194\" data-end=\"235\">installation pratique, rapide et fonctionnelle<\/strong>.<br data-start=\"236\" data-end=\"239\" \/>Son syst\u00e8me permet un assemblage s\u00fbr et efficace, optimisant ainsi le temps d'installation.<\/p>","protected":false},"excerpt":{"rendered":"<p>Anclaje para sistemas slat con dise\u00f1o de alas integrado, que permite una colocaci\u00f3n c\u00f3moda, r\u00e1pida y funcional.Su sistema facilita un montaje seguro y eficiente, optimizando el tiempo de instalaci\u00f3n.<\/p>","protected":false},"featured_media":23677,"comment_status":"open","ping_status":"closed","template":"","meta":[],"product_brand":[],"product_cat":[352,413,365],"product_tag":[],"class_list":{"0":"post-23675","1":"product","2":"type-product","3":"status-publish","4":"has-post-thumbnail","6":"product_cat-destete","7":"product_cat-herrajes-destete","8":"product_cat-puertas-y-vallas-destete","10":"first","11":"instock","12":"shipping-taxable","13":"product-type-simple"},"_links":{"self":[{"href":"https:\/\/www.porinox.com\/fr\/wp-json\/wp\/v2\/product\/23675","targetHints":{"allow":["GET"]}}],"collection":[{"href":"https:\/\/www.porinox.com\/fr\/wp-json\/wp\/v2\/product"}],"about":[{"href":"https:\/\/www.porinox.com\/fr\/wp-json\/wp\/v2\/types\/product"}],"replies":[{"embeddable":true,"href":"https:\/\/www.porinox.com\/fr\/wp-json\/wp\/v2\/comments?post=23675"}],"version-history":[{"count":0,"href":"https:\/\/www.porinox.com\/fr\/wp-json\/wp\/v2\/product\/23675\/revisions"}],"wp:featuredmedia":[{"embeddable":true,"href":"https:\/\/www.porinox.com\/fr\/wp-json\/wp\/v2\/media\/23677"}],"wp:attachment":[{"href":"https:\/\/www.porinox.com\/fr\/wp-json\/wp\/v2\/media?parent=23675"}],"wp:term":[{"taxonomy":"product_brand","embeddable":true,"href":"https:\/\/www.porinox.com\/fr\/wp-json\/wp\/v2\/product_brand?post=23675"},{"taxonomy":"product_cat","embeddable":true,"href":"https:\/\/www.porinox.com\/fr\/wp-json\/wp\/v2\/product_cat?post=23675"},{"taxonomy":"product_tag","embeddable":true,"href":"https:\/\/www.porinox.com\/fr\/wp-json\/wp\/v2\/product_tag?post=23675"}],"curies":[{"name":"wp","href":"https:\/\/api.w.org\/{rel}","templated":true}]}}