{"id":23563,"date":"2026-01-07T12:09:37","date_gmt":"2026-01-07T11:09:37","guid":{"rendered":"https:\/\/www.porinox.com\/?post_type=product&#038;p=23563"},"modified":"2026-02-09T12:49:11","modified_gmt":"2026-02-09T11:49:11","slug":"tremie-dengraissement-elite-tremie-dengraissement-pour-porcs","status":"publish","type":"product","link":"https:\/\/www.porinox.com\/fr\/producto\/tolva-elite-tolva-de-engorde-para-cerdos\/","title":{"rendered":"TR\u00c9MIE D'ENGRAISSEMENT \u00c9LITE"},"content":{"rendered":"<h3><\/h3>\n<h5><strong data-start=\"230\" data-end=\"284\">La tr\u00e9mie Elite est une tr\u00e9mie d'engraissement pour les porcs.<\/strong>, L'aliment robuste et fonctionnel pour l'alimentation \u00e0 la ferme, con\u00e7u pour une utilisation intensive et continue pendant la phase d'engraissement.<\/h5>\n<p>&nbsp;<\/p>\n<p data-start=\"377\" data-end=\"747\">Il incorpore un <strong data-start=\"557\" data-end=\"605\">Plaque d'acier inoxydable de 800 mm de large<\/strong>, con\u00e7u de mani\u00e8re \u00e0 ce que les aliments tombent directement au centre, ce qui favorise une alimentation efficace. <strong data-start=\"687\" data-end=\"708\">apport homog\u00e8ne<\/strong> et une meilleure utilisation des aliments.<\/p>\n<p data-start=\"749\" data-end=\"1037\">La plaque est fabriqu\u00e9e par <strong data-start=\"778\" data-end=\"802\">soudage robotis\u00e9<\/strong>, assurer une <strong data-start=\"819\" data-end=\"856\">collage continu, pas de fuite d'eau<\/strong>, Cela am\u00e9liore l'hygi\u00e8ne et r\u00e9duit l'entretien. La tr\u00e9mie permet d'alimenter entre <strong data-start=\"943\" data-end=\"963\">35 et 40 animaux<\/strong>, Le projet est adapt\u00e9 aux besoins sp\u00e9cifiques de l'entreprise. <strong data-start=\"1009\" data-end=\"1036\">phase d'engraissement des porcs<\/strong>.<\/p>\n<p data-start=\"1039\" data-end=\"1321\">Il dispose d'un <strong data-start=\"1053\" data-end=\"1088\">syst\u00e8me de double tube renforc\u00e9<\/strong> ce qui facilite l'acc\u00e8s \u00e0 l'eau et am\u00e9liore le comportement des animaux au point d'alimentation. Les <strong data-start=\"1195\" data-end=\"1222\">Entonnoir XL de 150 litres<\/strong> offre une plus grande autonomie et r\u00e9duit la fr\u00e9quence de remplissage, optimisant ainsi le travail quotidien sur l'exploitation.<\/p>\n<p data-start=\"1323\" data-end=\"1599\">En outre, la tr\u00e9mie Elite pr\u00e9sente les caract\u00e9ristiques suivantes <strong data-start=\"1357\" data-end=\"1393\">goussets de renforcement structurel<\/strong> qui rigidifient l'ensemble et garantissent des performances fiables en cas d'utilisation intensive, ce qui en fait un produit de qualit\u00e9. <strong data-start=\"1510\" data-end=\"1542\">tr\u00e9mie pour l'engraissement des porcs<\/strong> con\u00e7us pour \u00eatre durables, hygi\u00e9niques et faciles \u00e0 manipuler.<\/p>","protected":false},"excerpt":{"rendered":"<h5><strong data-start=\"380\" data-end=\"416\">Tr\u00e9mie Elite pour la phase d'engraissement<\/strong> est une solution robuste et fonctionnelle pour le <strong data-start=\"461\" data-end=\"497\">l'alimentation des porcs dans l'exploitation<\/strong>, con\u00e7u pour une utilisation intensive et continue.<\/h5>\n<p>Il incorpore une plaque en acier inoxydable de 800 mm avec soudure robotis\u00e9e et union continue sans fuites d'eau, un syst\u00e8me de double tube renforc\u00e9 et un entonnoir XL de 150 litres. Il peut nourrir entre 35 et 40 animaux et offre robustesse, autonomie et facilit\u00e9 d'utilisation dans le travail quotidien.<\/p>","protected":false},"featured_media":23564,"comment_status":"open","ping_status":"closed","template":"","meta":[],"product_brand":[],"product_cat":[542,353,493,366],"product_tag":[],"class_list":{"0":"post-23563","1":"product","2":"type-product","3":"status-publish","4":"has-post-thumbnail","6":"product_cat-elite","7":"product_cat-engorde","8":"product_cat-novedades","9":"product_cat-tolvas-engorde","11":"first","12":"instock","13":"shipping-taxable","14":"product-type-simple"},"_links":{"self":[{"href":"https:\/\/www.porinox.com\/fr\/wp-json\/wp\/v2\/product\/23563","targetHints":{"allow":["GET"]}}],"collection":[{"href":"https:\/\/www.porinox.com\/fr\/wp-json\/wp\/v2\/product"}],"about":[{"href":"https:\/\/www.porinox.com\/fr\/wp-json\/wp\/v2\/types\/product"}],"replies":[{"embeddable":true,"href":"https:\/\/www.porinox.com\/fr\/wp-json\/wp\/v2\/comments?post=23563"}],"version-history":[{"count":0,"href":"https:\/\/www.porinox.com\/fr\/wp-json\/wp\/v2\/product\/23563\/revisions"}],"wp:featuredmedia":[{"embeddable":true,"href":"https:\/\/www.porinox.com\/fr\/wp-json\/wp\/v2\/media\/23564"}],"wp:attachment":[{"href":"https:\/\/www.porinox.com\/fr\/wp-json\/wp\/v2\/media?parent=23563"}],"wp:term":[{"taxonomy":"product_brand","embeddable":true,"href":"https:\/\/www.porinox.com\/fr\/wp-json\/wp\/v2\/product_brand?post=23563"},{"taxonomy":"product_cat","embeddable":true,"href":"https:\/\/www.porinox.com\/fr\/wp-json\/wp\/v2\/product_cat?post=23563"},{"taxonomy":"product_tag","embeddable":true,"href":"https:\/\/www.porinox.com\/fr\/wp-json\/wp\/v2\/product_tag?post=23563"}],"curies":[{"name":"wp","href":"https:\/\/api.w.org\/{rel}","templated":true}]}}