{"id":23446,"date":"2025-11-24T08:55:46","date_gmt":"2025-11-24T07:55:46","guid":{"rendered":"https:\/\/www.porinox.com\/?post_type=product&#038;p=23446"},"modified":"2025-11-24T10:30:08","modified_gmt":"2025-11-24T09:30:08","slug":"cheminee-dextraction-naturelle","status":"publish","type":"product","link":"https:\/\/www.porinox.com\/fr\/producto\/chimenea-de-extraccion-natural\/","title":{"rendered":"Chemin\u00e9e \u00e0 extraction naturelle"},"content":{"rendered":"<h1>CHEMIN\u00c9E D'EXTRACTION<\/h1>\n<p>Le <strong data-start=\"438\" data-end=\"472\">Chemin\u00e9e \u00e0 extraction naturelle PORINOX<\/strong> est con\u00e7u pour optimiser la ventilation a\u00e9rienne des b\u00e2timents d'\u00e9levage, en facilitant l'extraction naturelle de l'air chaud, des gaz nocifs, de l'humidit\u00e9 et des particules en suspension. Sa g\u00e9om\u00e9trie de <strong>entr\u00e9e \u00d8560 mm<\/strong> et quitter <strong>\u00d8750 mm<\/strong> assure un flux d'air continu, stable et efficace, contribuant \u00e0 un environnement plus sain et \u00e0 une qualit\u00e9 d'air plus performante. <strong>des performances de production sup\u00e9rieures.\u00a0<\/strong><\/p>","protected":false},"excerpt":{"rendered":"<p>Le <strong data-start=\"3\" data-end=\"37\">Chemin\u00e9e \u00e0 extraction naturelle PORINOX<\/strong> mejora la ventilaci\u00f3n superior en naves ganaderas, facilitando la extracci\u00f3n natural de aire caliente, gases y humedad. Entrada \u00d8560 mm, salida \u00d8750 mm e instalaci\u00f3n adaptable a cubierta.<\/p>","protected":false},"featured_media":23454,"comment_status":"open","ping_status":"closed","template":"","meta":[],"product_brand":[],"product_cat":[359,540],"product_tag":[],"class_list":{"0":"post-23446","1":"product","2":"type-product","3":"status-publish","4":"has-post-thumbnail","6":"product_cat-ventilacion","7":"product_cat-chimeneas","9":"first","10":"instock","11":"shipping-taxable","12":"product-type-simple"},"_links":{"self":[{"href":"https:\/\/www.porinox.com\/fr\/wp-json\/wp\/v2\/product\/23446","targetHints":{"allow":["GET"]}}],"collection":[{"href":"https:\/\/www.porinox.com\/fr\/wp-json\/wp\/v2\/product"}],"about":[{"href":"https:\/\/www.porinox.com\/fr\/wp-json\/wp\/v2\/types\/product"}],"replies":[{"embeddable":true,"href":"https:\/\/www.porinox.com\/fr\/wp-json\/wp\/v2\/comments?post=23446"}],"version-history":[{"count":0,"href":"https:\/\/www.porinox.com\/fr\/wp-json\/wp\/v2\/product\/23446\/revisions"}],"wp:featuredmedia":[{"embeddable":true,"href":"https:\/\/www.porinox.com\/fr\/wp-json\/wp\/v2\/media\/23454"}],"wp:attachment":[{"href":"https:\/\/www.porinox.com\/fr\/wp-json\/wp\/v2\/media?parent=23446"}],"wp:term":[{"taxonomy":"product_brand","embeddable":true,"href":"https:\/\/www.porinox.com\/fr\/wp-json\/wp\/v2\/product_brand?post=23446"},{"taxonomy":"product_cat","embeddable":true,"href":"https:\/\/www.porinox.com\/fr\/wp-json\/wp\/v2\/product_cat?post=23446"},{"taxonomy":"product_tag","embeddable":true,"href":"https:\/\/www.porinox.com\/fr\/wp-json\/wp\/v2\/product_tag?post=23446"}],"curies":[{"name":"wp","href":"https:\/\/api.w.org\/{rel}","templated":true}]}}