{"id":23240,"date":"2025-10-08T10:54:11","date_gmt":"2025-10-08T08:54:11","guid":{"rendered":"https:\/\/www.porinox.com\/?post_type=product&#038;p=23240"},"modified":"2025-10-08T11:42:14","modified_gmt":"2025-10-08T09:42:14","slug":"aide-sociale-90","status":"publish","type":"product","link":"https:\/\/www.porinox.com\/fr\/producto\/paridera-bienestar-90\/","title":{"rendered":"90\u00ba WELLNESS NURSERY"},"content":{"rendered":"<p><strong>Bien-\u00eatre 90\u00ba Paridera<\/strong> par Porinox. Con\u00e7u pour fournir \u00e0 la truie un <strong>un espace ample et ergonomique<\/strong>, o\u00f9 il peut se d\u00e9placer plus librement <strong>sans risque d'\u00e9crasement<\/strong> aux porcelets. Son concept favorise un mouvement plus naturel et respectueux de la m\u00e8re et de sa port\u00e9e, et permet un mouvement plus naturel des porcelets. <strong>Installer la caisse \u00e0 90\u00b0 par rapport au mur.<\/strong>, adapt\u00e1ndose a las necesidades de la explotaci\u00f3n.<\/p>\n<p>Gracias a su distribuci\u00f3n inteligente, los lechones disponen de <strong>ZONES DE S\u00c9CURIT\u00c9<\/strong> pour se reposer et se d\u00e9velopper, tandis que la truie b\u00e9n\u00e9ficie d'un environnement moins stressant et plus fonctionnel. En outre, la conception permet de choisir un box de mise bas avec <strong>une ou deux portes<\/strong>, ofreciendo mayor flexibilidad seg\u00fan la din\u00e1mica de la granja.<\/p>\n<p>Fabricadas en acero inoxidable, estas parideras garantizan durabilidad, higiene y facilidad de limpieza, combinando bienestar animal con eficiencia en la granja.<\/p>","protected":false},"excerpt":{"rendered":"<p><strong>Bien-\u00eatre 90\u00ba Paridera<\/strong> par Porinox. Con\u00e7u pour fournir \u00e0 la truie un <strong>un espace ample et ergonomique<\/strong>, o\u00f9 il peut se d\u00e9placer plus librement <strong>sans risque d'\u00e9crasement<\/strong> aux porcelets. Son concept favorise un mouvement plus naturel et respectueux de la m\u00e8re et de sa port\u00e9e, et permet un mouvement plus naturel des porcelets. <strong>Installer la caisse \u00e0 90\u00b0 par rapport au mur.<\/strong>, adapt\u00e1ndose a las necesidades de la explotaci\u00f3n.<\/p>","protected":false},"featured_media":23242,"comment_status":"open","ping_status":"closed","template":"","meta":[],"product_brand":[],"product_cat":[354,528],"product_tag":[],"class_list":{"0":"post-23240","1":"product","2":"type-product","3":"status-publish","4":"has-post-thumbnail","6":"product_cat-maternidad-y-parideras","7":"product_cat-parideras","9":"first","10":"instock","11":"shipping-taxable","12":"product-type-simple"},"_links":{"self":[{"href":"https:\/\/www.porinox.com\/fr\/wp-json\/wp\/v2\/product\/23240","targetHints":{"allow":["GET"]}}],"collection":[{"href":"https:\/\/www.porinox.com\/fr\/wp-json\/wp\/v2\/product"}],"about":[{"href":"https:\/\/www.porinox.com\/fr\/wp-json\/wp\/v2\/types\/product"}],"replies":[{"embeddable":true,"href":"https:\/\/www.porinox.com\/fr\/wp-json\/wp\/v2\/comments?post=23240"}],"version-history":[{"count":0,"href":"https:\/\/www.porinox.com\/fr\/wp-json\/wp\/v2\/product\/23240\/revisions"}],"wp:featuredmedia":[{"embeddable":true,"href":"https:\/\/www.porinox.com\/fr\/wp-json\/wp\/v2\/media\/23242"}],"wp:attachment":[{"href":"https:\/\/www.porinox.com\/fr\/wp-json\/wp\/v2\/media?parent=23240"}],"wp:term":[{"taxonomy":"product_brand","embeddable":true,"href":"https:\/\/www.porinox.com\/fr\/wp-json\/wp\/v2\/product_brand?post=23240"},{"taxonomy":"product_cat","embeddable":true,"href":"https:\/\/www.porinox.com\/fr\/wp-json\/wp\/v2\/product_cat?post=23240"},{"taxonomy":"product_tag","embeddable":true,"href":"https:\/\/www.porinox.com\/fr\/wp-json\/wp\/v2\/product_tag?post=23240"}],"curies":[{"name":"wp","href":"https:\/\/api.w.org\/{rel}","templated":true}]}}