{"id":23235,"date":"2025-10-08T10:41:25","date_gmt":"2025-10-08T08:41:25","guid":{"rendered":"https:\/\/www.porinox.com\/?post_type=product&#038;p=23235"},"modified":"2025-10-08T11:43:30","modified_gmt":"2025-10-08T09:43:30","slug":"mise-bas-traditionnelle","status":"publish","type":"product","link":"https:\/\/www.porinox.com\/fr\/producto\/paridera-tradicional\/","title":{"rendered":"MISE BAS TRADITIONNELLE"},"content":{"rendered":"<p>Le <strong>mise bas traditionnelle<\/strong> Porinox est con\u00e7u pour garantir la <strong>s\u00e9curit\u00e9<\/strong>, les <strong>le confort<\/strong> et le maximum <strong>l'utilisation de l'espace<\/strong> dans la phase la plus critique de la production porcine. Ses <strong>structure solide<\/strong> \u00e0 <strong>acier inoxydable<\/strong> ofrece durabilidad y resistencia, mientras que cada elemento ha sido concebido pensando en la protecci\u00f3n de los lechones y en la accesibilidad de la cerda.<\/p>\n<p>La disposici\u00f3n del habit\u00e1culo <strong>limite le risque d'\u00e9crasement<\/strong>, Le <strong>le contr\u00f4le de l'environnement<\/strong> y <strong>facilite la manipulation<\/strong> par l'agriculteur. Ses composants permettent un nettoyage rapide et efficace, garantissant une hygi\u00e8ne et une durabilit\u00e9 maximales dans l'exploitation.<\/p>","protected":false},"excerpt":{"rendered":"<p><span style=\"font-weight: 400;\"><strong>Paridera tradicional<\/strong> de Porinox, dise\u00f1ada para garantizar la seguridad, el confort y el m\u00e1ximo aprovechamiento del espacio en la fase m\u00e1s cr\u00edtica de la producci\u00f3n porcina. Su estructura s\u00f3lida en acero inoxidable ofrece durabilidad y resistencia, mientras que cada elemento ha sido concebido pensando en la protecci\u00f3n de los lechones y en la accesibilidad de la cerda.<\/span><\/p>\n<p>&nbsp;<\/p>","protected":false},"featured_media":23236,"comment_status":"open","ping_status":"closed","template":"","meta":[],"product_brand":[],"product_cat":[354,528],"product_tag":[],"class_list":{"0":"post-23235","1":"product","2":"type-product","3":"status-publish","4":"has-post-thumbnail","6":"product_cat-maternidad-y-parideras","7":"product_cat-parideras","9":"first","10":"instock","11":"shipping-taxable","12":"product-type-simple"},"_links":{"self":[{"href":"https:\/\/www.porinox.com\/fr\/wp-json\/wp\/v2\/product\/23235","targetHints":{"allow":["GET"]}}],"collection":[{"href":"https:\/\/www.porinox.com\/fr\/wp-json\/wp\/v2\/product"}],"about":[{"href":"https:\/\/www.porinox.com\/fr\/wp-json\/wp\/v2\/types\/product"}],"replies":[{"embeddable":true,"href":"https:\/\/www.porinox.com\/fr\/wp-json\/wp\/v2\/comments?post=23235"}],"version-history":[{"count":0,"href":"https:\/\/www.porinox.com\/fr\/wp-json\/wp\/v2\/product\/23235\/revisions"}],"wp:featuredmedia":[{"embeddable":true,"href":"https:\/\/www.porinox.com\/fr\/wp-json\/wp\/v2\/media\/23236"}],"wp:attachment":[{"href":"https:\/\/www.porinox.com\/fr\/wp-json\/wp\/v2\/media?parent=23235"}],"wp:term":[{"taxonomy":"product_brand","embeddable":true,"href":"https:\/\/www.porinox.com\/fr\/wp-json\/wp\/v2\/product_brand?post=23235"},{"taxonomy":"product_cat","embeddable":true,"href":"https:\/\/www.porinox.com\/fr\/wp-json\/wp\/v2\/product_cat?post=23235"},{"taxonomy":"product_tag","embeddable":true,"href":"https:\/\/www.porinox.com\/fr\/wp-json\/wp\/v2\/product_tag?post=23235"}],"curies":[{"name":"wp","href":"https:\/\/api.w.org\/{rel}","templated":true}]}}