{"id":2289,"date":"2020-02-25T15:39:13","date_gmt":"2020-02-25T15:39:13","guid":{"rendered":"https:\/\/porinox.com\/?post_type=product&#038;p=2289"},"modified":"2024-04-10T13:01:25","modified_gmt":"2024-04-10T11:01:25","slug":"tremie-pendulaire-pd8","status":"publish","type":"product","link":"https:\/\/www.porinox.com\/fr\/producto\/tolva-pendular-pd8\/","title":{"rendered":"TR\u00c9MIE PENDULAIRE PD-8"},"content":{"rendered":"<p>La tr\u00e9mie pendulaire double P8 est une gamme de tr\u00e9mies d'engraissement, avec <strong>deux m\u00e9canismes de pendule<\/strong>, brevet\u00e9 par Porinox, qui augmente la consommation d'aliments des animaux. La nouvelle bo\u00eete garantit un fonctionnement en douceur, sans blocage de l'alimentation et un acc\u00e8s plus facile \u00e0 celle-ci.<\/p>\n<p>&nbsp;<\/p>","protected":false},"excerpt":{"rendered":"<p>Las tolvas pendulares PD-8 son una gama de tolvas WeantoFinish, con dos mecanismos de p\u00e9ndulo basculante, patentado por Porinox, aumentando la ingesta de comida de los animales. El nuevo cajet\u00edn garantiza el buen funcionamiento sin atascos de pienso y con una mayor facilidad al acceso del\u00a0 pienso.<\/p>\n<p><strong>PD-810<\/strong>: comedero para pienso seco con 1 bebedero<\/p>\n<p>Ref. 000.145.802<\/p>\n<p><strong>PD-811: <\/strong>comedero para pienso h\u00famedo con 1 bebedero<\/p>\n<p>Ref. 000.145.801<\/p>","protected":false},"featured_media":18867,"comment_status":"open","ping_status":"closed","template":"","meta":[],"product_brand":[],"product_cat":[353,418,366],"product_tag":[],"class_list":{"0":"post-2289","1":"product","2":"type-product","3":"status-publish","4":"has-post-thumbnail","6":"product_cat-engorde","7":"product_cat-pendulares","8":"product_cat-tolvas-engorde","10":"first","11":"instock","12":"shipping-taxable","13":"purchasable","14":"product-type-variable","15":"has-default-attributes"},"_links":{"self":[{"href":"https:\/\/www.porinox.com\/fr\/wp-json\/wp\/v2\/product\/2289","targetHints":{"allow":["GET"]}}],"collection":[{"href":"https:\/\/www.porinox.com\/fr\/wp-json\/wp\/v2\/product"}],"about":[{"href":"https:\/\/www.porinox.com\/fr\/wp-json\/wp\/v2\/types\/product"}],"replies":[{"embeddable":true,"href":"https:\/\/www.porinox.com\/fr\/wp-json\/wp\/v2\/comments?post=2289"}],"version-history":[{"count":0,"href":"https:\/\/www.porinox.com\/fr\/wp-json\/wp\/v2\/product\/2289\/revisions"}],"wp:featuredmedia":[{"embeddable":true,"href":"https:\/\/www.porinox.com\/fr\/wp-json\/wp\/v2\/media\/18867"}],"wp:attachment":[{"href":"https:\/\/www.porinox.com\/fr\/wp-json\/wp\/v2\/media?parent=2289"}],"wp:term":[{"taxonomy":"product_brand","embeddable":true,"href":"https:\/\/www.porinox.com\/fr\/wp-json\/wp\/v2\/product_brand?post=2289"},{"taxonomy":"product_cat","embeddable":true,"href":"https:\/\/www.porinox.com\/fr\/wp-json\/wp\/v2\/product_cat?post=2289"},{"taxonomy":"product_tag","embeddable":true,"href":"https:\/\/www.porinox.com\/fr\/wp-json\/wp\/v2\/product_tag?post=2289"}],"curies":[{"name":"wp","href":"https:\/\/api.w.org\/{rel}","templated":true}]}}