{"id":2263,"date":"2020-02-25T08:11:29","date_gmt":"2020-02-25T08:11:29","guid":{"rendered":"https:\/\/porinox.com\/?post_type=product&#038;p=2263"},"modified":"2024-04-10T13:01:41","modified_gmt":"2024-04-10T11:01:41","slug":"tremie-pendulaire-ps8","status":"publish","type":"product","link":"https:\/\/www.porinox.com\/fr\/producto\/tolva-pendular-ps8\/","title":{"rendered":"TR\u00c9MIE PENDULAIRE PS-8"},"content":{"rendered":"<p>Tr\u00e9mie d'engraissement avec un <strong>m\u00e9canisme de pendule oscillant<\/strong>, La partie centrale de la mangeoire, brevet\u00e9e par Porinox, augmente l'ingestion d'aliments par les animaux. La nouvelle bo\u00eete garantit un fonctionnement en douceur, sans blocage de l'alimentation et un acc\u00e8s plus facile aux aliments. Elle est install\u00e9e entre deux enclos et l'assiette est partag\u00e9e.<\/p>\n<p>&nbsp;<\/p>\n<p>&nbsp;<\/p>","protected":false},"excerpt":{"rendered":"<p>Las tolvas pendulares PS8 son una gama de tolvas wean to finish, con un mecanismo de p\u00e9ndulo basculante, patentado por Porinox, en la parte central que aumenta la ingesta de comida de los animales. El nuevo cajet\u00edn garantiza el buen funcionamiento sin atascos de pienso y con una mayor facilidad al acceso del\u00a0 pienso. Se instala entre 2 corrales y el plato queda compartido<\/p>\n<p><strong>PS-800<\/strong>: comedero para pienso seco con 2 bebederos<\/p>\n<p><em>Ref. 000.145.902<\/em><\/p>\n<p><strong>PS-801: <\/strong>comedero para pienso h\u00famedo con 1 bebedero<\/p>\n<p><em>Ref. 000.145.901<\/em><\/p>","protected":false},"featured_media":18877,"comment_status":"open","ping_status":"closed","template":"","meta":[],"product_brand":[],"product_cat":[353,418,366],"product_tag":[],"class_list":{"0":"post-2263","1":"product","2":"type-product","3":"status-publish","4":"has-post-thumbnail","6":"product_cat-engorde","7":"product_cat-pendulares","8":"product_cat-tolvas-engorde","10":"first","11":"instock","12":"shipping-taxable","13":"purchasable","14":"product-type-variable","15":"has-default-attributes"},"_links":{"self":[{"href":"https:\/\/www.porinox.com\/fr\/wp-json\/wp\/v2\/product\/2263","targetHints":{"allow":["GET"]}}],"collection":[{"href":"https:\/\/www.porinox.com\/fr\/wp-json\/wp\/v2\/product"}],"about":[{"href":"https:\/\/www.porinox.com\/fr\/wp-json\/wp\/v2\/types\/product"}],"replies":[{"embeddable":true,"href":"https:\/\/www.porinox.com\/fr\/wp-json\/wp\/v2\/comments?post=2263"}],"version-history":[{"count":0,"href":"https:\/\/www.porinox.com\/fr\/wp-json\/wp\/v2\/product\/2263\/revisions"}],"wp:featuredmedia":[{"embeddable":true,"href":"https:\/\/www.porinox.com\/fr\/wp-json\/wp\/v2\/media\/18877"}],"wp:attachment":[{"href":"https:\/\/www.porinox.com\/fr\/wp-json\/wp\/v2\/media?parent=2263"}],"wp:term":[{"taxonomy":"product_brand","embeddable":true,"href":"https:\/\/www.porinox.com\/fr\/wp-json\/wp\/v2\/product_brand?post=2263"},{"taxonomy":"product_cat","embeddable":true,"href":"https:\/\/www.porinox.com\/fr\/wp-json\/wp\/v2\/product_cat?post=2263"},{"taxonomy":"product_tag","embeddable":true,"href":"https:\/\/www.porinox.com\/fr\/wp-json\/wp\/v2\/product_tag?post=2263"}],"curies":[{"name":"wp","href":"https:\/\/api.w.org\/{rel}","templated":true}]}}