{"id":22230,"date":"2025-03-04T07:47:15","date_gmt":"2025-03-04T06:47:15","guid":{"rendered":"https:\/\/www.porinox.com\/?post_type=product&#038;p=22230"},"modified":"2026-01-26T09:38:14","modified_gmt":"2026-01-26T08:38:14","slug":"tremie-ck71-81","status":"publish","type":"product","link":"https:\/\/www.porinox.com\/fr\/producto\/tolva-ck71-81\/","title":{"rendered":"TOLVA CK71\/81"},"content":{"rendered":"<h5>La tr\u00e9mie d'app\u00e2t Porinox CK71 \/ CK81 est l'\u00e9volution du syst\u00e8me de cliquage, con\u00e7u pour l'alimentation humide des porcs d'engraissement.<\/h5>\n<p>Avec une capacit\u00e9 de <strong>115 L<\/strong> (standard), il peut nourrir 35 \u00e0 50 animaux. Fabriqu\u00e9 en acier inoxydable AISI 304, avec un entonnoir en polypropyl\u00e8ne, il se distingue par ses caract\u00e9ristiques suivantes<strong> haute r\u00e9sistance<\/strong> y <strong>la durabilit\u00e9<\/strong>. Sa conception int\u00e8gre un <strong>assiette<\/strong> soldat <strong>plus complet<\/strong>, Le nouveau syst\u00e8me, assist\u00e9 par la robotique et la technologie, et le nouveau syst\u00e8me d'information sur les maladies infectieuses sont en cours d'\u00e9laboration. <strong>alimentation de part et d'autre<\/strong> qui garantit un dosage r\u00e9gulier des aliments et r\u00e9duit les pertes, am\u00e9liorant ainsi les conversions alimentaires.<\/p>\n<p>La structure comprend <strong>mains courantes renforc\u00e9es<\/strong> qui fournissent <strong>une rigidit\u00e9 structurelle accrue<\/strong> et un <strong>haute r\u00e9sistance aux chocs<\/strong>, Il est con\u00e7u pour r\u00e9sister \u00e0 une utilisation intensive et aux conditions r\u00e9elles d'engraissement.<\/p>","protected":false},"excerpt":{"rendered":"<h5>La tr\u00e9mie d'app\u00e2t Porinox CK71 \/ CK81 est l'\u00e9volution du syst\u00e8me de cliquage, con\u00e7u pour l'alimentation humide des porcs d'engraissement.<\/h5>\n<p>Avec une capacit\u00e9 de <strong>115 L<\/strong>, se nourrit de <strong>35 \u00e0 50 animaux<\/strong>. Fabriqu\u00e9 en acier inoxydable AISI 304 avec un entonnoir en polypropyl\u00e8ne, il offre <strong>haute r\u00e9sistance et durabilit\u00e9<\/strong>d. Votre <strong>plaque plus grande<\/strong> et le <strong>alimentation de part et d'autre<\/strong> assurent un dosage constant et r\u00e9duisent les d\u00e9chets.<\/p>","protected":false},"featured_media":23701,"comment_status":"open","ping_status":"closed","template":"","meta":[],"product_brand":[],"product_cat":[509,506,493],"product_tag":[],"class_list":{"0":"post-22230","1":"product","2":"type-product","3":"status-publish","4":"has-post-thumbnail","6":"product_cat-tolvas-clikeo","7":"product_cat-clikeo","8":"product_cat-novedades","10":"first","11":"instock","12":"shipping-taxable","13":"product-type-simple"},"_links":{"self":[{"href":"https:\/\/www.porinox.com\/fr\/wp-json\/wp\/v2\/product\/22230","targetHints":{"allow":["GET"]}}],"collection":[{"href":"https:\/\/www.porinox.com\/fr\/wp-json\/wp\/v2\/product"}],"about":[{"href":"https:\/\/www.porinox.com\/fr\/wp-json\/wp\/v2\/types\/product"}],"replies":[{"embeddable":true,"href":"https:\/\/www.porinox.com\/fr\/wp-json\/wp\/v2\/comments?post=22230"}],"version-history":[{"count":0,"href":"https:\/\/www.porinox.com\/fr\/wp-json\/wp\/v2\/product\/22230\/revisions"}],"wp:featuredmedia":[{"embeddable":true,"href":"https:\/\/www.porinox.com\/fr\/wp-json\/wp\/v2\/media\/23701"}],"wp:attachment":[{"href":"https:\/\/www.porinox.com\/fr\/wp-json\/wp\/v2\/media?parent=22230"}],"wp:term":[{"taxonomy":"product_brand","embeddable":true,"href":"https:\/\/www.porinox.com\/fr\/wp-json\/wp\/v2\/product_brand?post=22230"},{"taxonomy":"product_cat","embeddable":true,"href":"https:\/\/www.porinox.com\/fr\/wp-json\/wp\/v2\/product_cat?post=22230"},{"taxonomy":"product_tag","embeddable":true,"href":"https:\/\/www.porinox.com\/fr\/wp-json\/wp\/v2\/product_tag?post=22230"}],"curies":[{"name":"wp","href":"https:\/\/api.w.org\/{rel}","templated":true}]}}