{"id":22221,"date":"2025-03-04T07:21:36","date_gmt":"2025-03-04T06:21:36","guid":{"rendered":"https:\/\/www.porinox.com\/?post_type=product&#038;p=22221"},"modified":"2026-01-30T08:05:43","modified_gmt":"2026-01-30T07:05:43","slug":"tremie-dalimentation-a-passage-unique","status":"publish","type":"product","link":"https:\/\/www.porinox.com\/fr\/producto\/tolva-spend-feed-simple\/","title":{"rendered":"SPEND FEED SIMPLE tr\u00e9mie"},"content":{"rendered":"<h5>Tr\u00e9mie SPEND FEED SIMPLE, nouvelle conception avec une configuration et des dimensions qui permettent aux animaux d'avoir un acc\u00e8s complet \u00e0 l'aliment d\u00e8s le premier jour.<\/h5>\n<p>Alimentation humide <strong>am\u00e9liore l'engraissement quotidien tout en r\u00e9duisant le gaspillage d'aliments et d'eau.<\/strong>. Le syst\u00e8me d'ouverture offre un r\u00e9glage tr\u00e8s pr\u00e9cis et une fermeture totalement herm\u00e9tique.<\/p>","protected":false},"excerpt":{"rendered":"<h5>Este nuevo dise\u00f1o tiene una configuraci\u00f3n y unas medidas que permiten que los animales tengan acceso por completo al pienso desde el primer d\u00eda.<\/h5>\n<p>Alimentation humide <strong>am\u00e9liore l'engraissement quotidien tout en r\u00e9duisant le gaspillage d'aliments et d'eau.<\/strong>. Le syst\u00e8me d'ouverture offre un r\u00e9glage tr\u00e8s pr\u00e9cis et une fermeture totalement herm\u00e9tique.<\/p>","protected":false},"featured_media":22450,"comment_status":"open","ping_status":"closed","template":"","meta":[],"product_brand":[],"product_cat":[353,470,366],"product_tag":[],"class_list":{"0":"post-22221","1":"product","2":"type-product","3":"status-publish","4":"has-post-thumbnail","6":"product_cat-engorde","7":"product_cat-spendfeed","8":"product_cat-tolvas-engorde","10":"first","11":"instock","12":"shipping-taxable","13":"product-type-simple"},"_links":{"self":[{"href":"https:\/\/www.porinox.com\/fr\/wp-json\/wp\/v2\/product\/22221","targetHints":{"allow":["GET"]}}],"collection":[{"href":"https:\/\/www.porinox.com\/fr\/wp-json\/wp\/v2\/product"}],"about":[{"href":"https:\/\/www.porinox.com\/fr\/wp-json\/wp\/v2\/types\/product"}],"replies":[{"embeddable":true,"href":"https:\/\/www.porinox.com\/fr\/wp-json\/wp\/v2\/comments?post=22221"}],"version-history":[{"count":0,"href":"https:\/\/www.porinox.com\/fr\/wp-json\/wp\/v2\/product\/22221\/revisions"}],"wp:featuredmedia":[{"embeddable":true,"href":"https:\/\/www.porinox.com\/fr\/wp-json\/wp\/v2\/media\/22450"}],"wp:attachment":[{"href":"https:\/\/www.porinox.com\/fr\/wp-json\/wp\/v2\/media?parent=22221"}],"wp:term":[{"taxonomy":"product_brand","embeddable":true,"href":"https:\/\/www.porinox.com\/fr\/wp-json\/wp\/v2\/product_brand?post=22221"},{"taxonomy":"product_cat","embeddable":true,"href":"https:\/\/www.porinox.com\/fr\/wp-json\/wp\/v2\/product_cat?post=22221"},{"taxonomy":"product_tag","embeddable":true,"href":"https:\/\/www.porinox.com\/fr\/wp-json\/wp\/v2\/product_tag?post=22221"}],"curies":[{"name":"wp","href":"https:\/\/api.w.org\/{rel}","templated":true}]}}