{"id":2220,"date":"2020-02-24T10:18:42","date_gmt":"2020-02-24T10:18:42","guid":{"rendered":"https:\/\/porinox.com\/?post_type=product&#038;p=2220"},"modified":"2024-04-10T13:01:51","modified_gmt":"2024-04-10T11:01:51","slug":"tremies-pendulaires-p5","status":"publish","type":"product","link":"https:\/\/www.porinox.com\/fr\/producto\/tolvas-pendulares-p5\/","title":{"rendered":"TR\u00c9MIES PENDULAIRES P5"},"content":{"rendered":"<p>Gamme de<strong> tr\u00e9mies pendulaires P5.<\/strong><\/p>\n<p>La tr\u00e9mie pendulaire est une gamme de tr\u00e9mies d'engraissement pour un ou deux enclos, selon vos besoins, avec un m\u00e9canisme de pendule brevet\u00e9 par Porinox pour augmenter l'ingestion d'aliments. Sa conception optimise l'hygi\u00e8ne, en \u00e9vitant les points d'accumulation de la salet\u00e9.<\/p>\n<p>&nbsp;<\/p>","protected":false},"excerpt":{"rendered":"<p>Las tolvas pendulares P5 son una gama de tolvas wean to finish para un solo corral, con mecanismo de p\u00e9ndulo basculante, patentado por Porinox, aumenta la ingesta de comida de los animales. El nuevo cajet\u00edn garantiza el buen funcionamiento sin atascos de pienso y con una mayor facilidad al acceso del\u00a0 pienso.<\/p>\n<p><strong>P500<\/strong>: comedero para pienso seco<\/p>\n<p><em>Ref. 000.145.500<\/em><\/p>\n<p><strong>P501<\/strong>: comedero para pienso seco y bebedero<\/p>\n<p><em>Ref. 000.145.501<\/em><\/p>\n<p><strong>P510<\/strong>: comedero para pienso h\u00famedo<\/p>\n<p><em>Ref: 000.145.510.<\/em><\/p>\n<p><strong>P511<\/strong>: comedero para pienso h\u00famedo y bebedero<\/p>\n<p><em>Ref. 000.145.511<\/em><\/p>","protected":false},"featured_media":18866,"comment_status":"open","ping_status":"closed","template":"","meta":[],"product_brand":[],"product_cat":[353,418,366],"product_tag":[],"class_list":{"0":"post-2220","1":"product","2":"type-product","3":"status-publish","4":"has-post-thumbnail","6":"product_cat-engorde","7":"product_cat-pendulares","8":"product_cat-tolvas-engorde","10":"first","11":"instock","12":"shipping-taxable","13":"purchasable","14":"product-type-variable","15":"has-default-attributes"},"_links":{"self":[{"href":"https:\/\/www.porinox.com\/fr\/wp-json\/wp\/v2\/product\/2220","targetHints":{"allow":["GET"]}}],"collection":[{"href":"https:\/\/www.porinox.com\/fr\/wp-json\/wp\/v2\/product"}],"about":[{"href":"https:\/\/www.porinox.com\/fr\/wp-json\/wp\/v2\/types\/product"}],"replies":[{"embeddable":true,"href":"https:\/\/www.porinox.com\/fr\/wp-json\/wp\/v2\/comments?post=2220"}],"version-history":[{"count":0,"href":"https:\/\/www.porinox.com\/fr\/wp-json\/wp\/v2\/product\/2220\/revisions"}],"wp:featuredmedia":[{"embeddable":true,"href":"https:\/\/www.porinox.com\/fr\/wp-json\/wp\/v2\/media\/18866"}],"wp:attachment":[{"href":"https:\/\/www.porinox.com\/fr\/wp-json\/wp\/v2\/media?parent=2220"}],"wp:term":[{"taxonomy":"product_brand","embeddable":true,"href":"https:\/\/www.porinox.com\/fr\/wp-json\/wp\/v2\/product_brand?post=2220"},{"taxonomy":"product_cat","embeddable":true,"href":"https:\/\/www.porinox.com\/fr\/wp-json\/wp\/v2\/product_cat?post=2220"},{"taxonomy":"product_tag","embeddable":true,"href":"https:\/\/www.porinox.com\/fr\/wp-json\/wp\/v2\/product_tag?post=2220"}],"curies":[{"name":"wp","href":"https:\/\/api.w.org\/{rel}","templated":true}]}}