{"id":21846,"date":"2024-12-20T12:52:22","date_gmt":"2024-12-20T11:52:22","guid":{"rendered":"https:\/\/www.porinox.com\/?post_type=product&#038;p=21846"},"modified":"2026-02-09T14:17:33","modified_gmt":"2026-02-09T13:17:33","slug":"lattes-de-maternite-porinox","status":"publish","type":"product","link":"https:\/\/www.porinox.com\/fr\/producto\/slats-maternidad-porinox\/","title":{"rendered":"GRILLE DE MATERNIT\u00c9 \u00c0 LATTES"},"content":{"rendered":"<h5>Caillebotis de maternit\u00e9 Porinox en polypropyl\u00e8ne. Les caillebotis en plastique conviennent pour<strong> toute installation<\/strong>.<\/h5>\n<p>Les lames en polypropyl\u00e8ne Porinox sont la solution parfaite pour la <strong>zones de maternit\u00e9<\/strong> dans les \u00e9levages de porcs, con\u00e7us pour offrir le maximum <strong>le confort<\/strong> Les grilles sont fabriqu\u00e9es par injection de polypropyl\u00e8ne de haute qualit\u00e9. Fabriqu\u00e9es par moulage par injection \u00e0 partir de polypropyl\u00e8ne de haute qualit\u00e9, ces grilles se distinguent par leur qualit\u00e9 exceptionnelle. <strong>la r\u00e9sistance et la durabilit\u00e9<\/strong>, Le nouveau syst\u00e8me est con\u00e7u pour r\u00e9sister aux conditions exigeantes de l'environnement de l'\u00e9levage.<\/p>\n<p>La conception intelligente combine une prise s\u00fbre pour les animaux avec un syst\u00e8me de drainage efficace qui maintient l'installation propre et s\u00e8che. La disposition strat\u00e9gique des trous permet une \u00e9vacuation rapide des liquides.<\/p>\n<p>Disponible en <strong>trois mod\u00e8les<\/strong> - D20, D40 et D60 - Les caillebotis Porinox s'adaptent \u00e0 tous les besoins sp\u00e9cifiques des exploitations, des aires de v\u00ealage aux aires de transition. Chaque mod\u00e8le respecte les normes de qualit\u00e9 Porinox, garantissant un produit qui facilite le travail quotidien tout en donnant la priorit\u00e9 \u00e0 la sant\u00e9 et au confort des animaux.<\/p>","protected":false},"excerpt":{"rendered":"<h5>Caillebotis de maternit\u00e9 Porinox en polypropyl\u00e8ne. Les caillebotis en plastique conviennent \u00e0 toutes les installations.<\/h5>\n<p>Les caillebotis en polypropyl\u00e8ne Porinox sont la solution id\u00e9ale pour les aires de maternit\u00e9 dans les exploitations porcines. Ils sont con\u00e7us pour offrir un maximum de confort aux animaux tout en garantissant une hygi\u00e8ne optimale. Fabriqu\u00e9es en polypropyl\u00e8ne moul\u00e9 par injection de haute qualit\u00e9, ces caillebotis sont exceptionnellement solides et durables, et r\u00e9sistent aux conditions exigeantes de l'environnement agricole.<\/p>\n<p>La conception intelligente combine une prise s\u00fbre pour les animaux avec un syst\u00e8me de drainage efficace qui maintient l'installation propre et s\u00e8che. La disposition strat\u00e9gique des trous permet une \u00e9vacuation rapide des liquides.<\/p>","protected":false},"featured_media":21860,"comment_status":"open","ping_status":"closed","template":"","meta":[],"product_brand":[],"product_cat":[376,354,526],"product_tag":[],"class_list":{"0":"post-21846","1":"product","2":"type-product","3":"status-publish","4":"has-post-thumbnail","6":"product_cat-suelos","7":"product_cat-maternidad-y-parideras","8":"product_cat-slats-maternidad","10":"first","11":"instock","12":"shipping-taxable","13":"purchasable","14":"product-type-variable"},"_links":{"self":[{"href":"https:\/\/www.porinox.com\/fr\/wp-json\/wp\/v2\/product\/21846","targetHints":{"allow":["GET"]}}],"collection":[{"href":"https:\/\/www.porinox.com\/fr\/wp-json\/wp\/v2\/product"}],"about":[{"href":"https:\/\/www.porinox.com\/fr\/wp-json\/wp\/v2\/types\/product"}],"replies":[{"embeddable":true,"href":"https:\/\/www.porinox.com\/fr\/wp-json\/wp\/v2\/comments?post=21846"}],"version-history":[{"count":0,"href":"https:\/\/www.porinox.com\/fr\/wp-json\/wp\/v2\/product\/21846\/revisions"}],"wp:featuredmedia":[{"embeddable":true,"href":"https:\/\/www.porinox.com\/fr\/wp-json\/wp\/v2\/media\/21860"}],"wp:attachment":[{"href":"https:\/\/www.porinox.com\/fr\/wp-json\/wp\/v2\/media?parent=21846"}],"wp:term":[{"taxonomy":"product_brand","embeddable":true,"href":"https:\/\/www.porinox.com\/fr\/wp-json\/wp\/v2\/product_brand?post=21846"},{"taxonomy":"product_cat","embeddable":true,"href":"https:\/\/www.porinox.com\/fr\/wp-json\/wp\/v2\/product_cat?post=21846"},{"taxonomy":"product_tag","embeddable":true,"href":"https:\/\/www.porinox.com\/fr\/wp-json\/wp\/v2\/product_tag?post=21846"}],"curies":[{"name":"wp","href":"https:\/\/api.w.org\/{rel}","templated":true}]}}