{"id":21760,"date":"2024-12-12T14:39:41","date_gmt":"2024-12-12T13:39:41","guid":{"rendered":"https:\/\/www.porinox.com\/?post_type=product&#038;p=21760"},"modified":"2026-01-20T08:33:41","modified_gmt":"2026-01-20T07:33:41","slug":"copie-de-la-tremie-de-lorbe","status":"publish","type":"product","link":"https:\/\/www.porinox.com\/fr\/producto\/tolva-orbed-copia\/","title":{"rendered":"TR\u00c9MIE DE B\u00c9TON"},"content":{"rendered":"<p>La tr\u00e9mie <strong>ORBEED<\/strong> Hormig\u00f3n est une mangeoire pour porcelets en cours de sevrage, con\u00e7ue pour \u00eatre install\u00e9e en <strong>sols en b\u00e9ton<\/strong>. Avec 10 buses radiales, il peut \u00eatre utilis\u00e9 pour alimenter <strong>20-30 porcelets<\/strong> simult\u00e1neamente. Su sistema de regulaci\u00f3n del pienso, con mecanismo de giro y pinza de bloqueo, facilita el ajuste preciso del alimento.<\/p>\n<p>Se fija al suelo mediante un sistema de rosca M10 y una varilla con gancho inferior, soldado a una placa rectangular de acero para una mejor fijaci\u00f3n. Este dise\u00f1o garantiza una instalaci\u00f3n eficaz, estable y segura en superficies de cemento.<\/p>\n<p>Adem\u00e1s, la tolva ofrece la posibilidad de adquirir el plato y la tolva por separado, brindando mayor flexibilidad a los criadores. Esta tolva de destete est\u00e1 dise\u00f1ada para entornos sin slats, mantiene la calidad y funcionalidad que caracteriza a Porinox.<\/p>","protected":false},"excerpt":{"rendered":"<h5>TR\u00c9MIE DE B\u00c9TON<\/h5>","protected":false},"featured_media":21768,"comment_status":"open","ping_status":"closed","template":"","meta":[],"product_brand":[],"product_cat":[362,352,504],"product_tag":[],"class_list":{"0":"post-21760","1":"product","2":"type-product","3":"status-publish","4":"has-post-thumbnail","6":"product_cat-tolvas","7":"product_cat-destete","8":"product_cat-tolvas-orbed-para-destete","10":"first","11":"instock","12":"shipping-taxable","13":"product-type-simple"},"_links":{"self":[{"href":"https:\/\/www.porinox.com\/fr\/wp-json\/wp\/v2\/product\/21760","targetHints":{"allow":["GET"]}}],"collection":[{"href":"https:\/\/www.porinox.com\/fr\/wp-json\/wp\/v2\/product"}],"about":[{"href":"https:\/\/www.porinox.com\/fr\/wp-json\/wp\/v2\/types\/product"}],"replies":[{"embeddable":true,"href":"https:\/\/www.porinox.com\/fr\/wp-json\/wp\/v2\/comments?post=21760"}],"version-history":[{"count":0,"href":"https:\/\/www.porinox.com\/fr\/wp-json\/wp\/v2\/product\/21760\/revisions"}],"wp:featuredmedia":[{"embeddable":true,"href":"https:\/\/www.porinox.com\/fr\/wp-json\/wp\/v2\/media\/21768"}],"wp:attachment":[{"href":"https:\/\/www.porinox.com\/fr\/wp-json\/wp\/v2\/media?parent=21760"}],"wp:term":[{"taxonomy":"product_brand","embeddable":true,"href":"https:\/\/www.porinox.com\/fr\/wp-json\/wp\/v2\/product_brand?post=21760"},{"taxonomy":"product_cat","embeddable":true,"href":"https:\/\/www.porinox.com\/fr\/wp-json\/wp\/v2\/product_cat?post=21760"},{"taxonomy":"product_tag","embeddable":true,"href":"https:\/\/www.porinox.com\/fr\/wp-json\/wp\/v2\/product_tag?post=21760"}],"curies":[{"name":"wp","href":"https:\/\/api.w.org\/{rel}","templated":true}]}}