{"id":21667,"date":"2024-12-02T12:49:42","date_gmt":"2024-12-02T11:49:42","guid":{"rendered":"https:\/\/www.porinox.com\/?post_type=product&#038;p=21667"},"modified":"2026-01-30T08:05:41","modified_gmt":"2026-01-30T07:05:41","slug":"tremie-dalimentation-a-double-depense","status":"publish","type":"product","link":"https:\/\/www.porinox.com\/fr\/producto\/tolva-spend-feed-doble\/","title":{"rendered":"Alimentation de l'alimentation DOUBLE tr\u00e9mie"},"content":{"rendered":"<p>La tr\u00e9mie double de Spend Feef est une nouvelle conception dont la configuration et les dimensions permettent aux animaux d'avoir un acc\u00e8s complet \u00e0 l'alimentation d\u00e8s le premier jour.<\/p>\n<p>Alimentation humide <strong>am\u00e9liore l'engraissement quotidien tout en r\u00e9duisant le gaspillage d'aliments et d'eau.<\/strong>. Le syst\u00e8me d'ouverture offre un r\u00e9glage tr\u00e8s pr\u00e9cis et une fermeture totalement herm\u00e9tique.<\/p>","protected":false},"excerpt":{"rendered":"<p>La tr\u00e9mie double de Spend Feef est une nouvelle conception dont la configuration et les dimensions permettent aux animaux d'avoir un acc\u00e8s complet \u00e0 l'alimentation d\u00e8s le premier jour.<\/p>","protected":false},"featured_media":21686,"comment_status":"open","ping_status":"closed","template":"","meta":[],"product_brand":[],"product_cat":[353,470,366],"product_tag":[],"class_list":{"0":"post-21667","1":"product","2":"type-product","3":"status-publish","4":"has-post-thumbnail","6":"product_cat-engorde","7":"product_cat-spendfeed","8":"product_cat-tolvas-engorde","10":"first","11":"instock","12":"shipping-taxable","13":"product-type-simple"},"_links":{"self":[{"href":"https:\/\/www.porinox.com\/fr\/wp-json\/wp\/v2\/product\/21667","targetHints":{"allow":["GET"]}}],"collection":[{"href":"https:\/\/www.porinox.com\/fr\/wp-json\/wp\/v2\/product"}],"about":[{"href":"https:\/\/www.porinox.com\/fr\/wp-json\/wp\/v2\/types\/product"}],"replies":[{"embeddable":true,"href":"https:\/\/www.porinox.com\/fr\/wp-json\/wp\/v2\/comments?post=21667"}],"version-history":[{"count":0,"href":"https:\/\/www.porinox.com\/fr\/wp-json\/wp\/v2\/product\/21667\/revisions"}],"wp:featuredmedia":[{"embeddable":true,"href":"https:\/\/www.porinox.com\/fr\/wp-json\/wp\/v2\/media\/21686"}],"wp:attachment":[{"href":"https:\/\/www.porinox.com\/fr\/wp-json\/wp\/v2\/media?parent=21667"}],"wp:term":[{"taxonomy":"product_brand","embeddable":true,"href":"https:\/\/www.porinox.com\/fr\/wp-json\/wp\/v2\/product_brand?post=21667"},{"taxonomy":"product_cat","embeddable":true,"href":"https:\/\/www.porinox.com\/fr\/wp-json\/wp\/v2\/product_cat?post=21667"},{"taxonomy":"product_tag","embeddable":true,"href":"https:\/\/www.porinox.com\/fr\/wp-json\/wp\/v2\/product_tag?post=21667"}],"curies":[{"name":"wp","href":"https:\/\/api.w.org\/{rel}","templated":true}]}}