{"id":21395,"date":"2024-11-06T10:32:06","date_gmt":"2024-11-06T09:32:06","guid":{"rendered":"https:\/\/www.porinox.com\/?post_type=product&#038;p=21395"},"modified":"2025-10-01T13:34:40","modified_gmt":"2025-10-01T11:34:40","slug":"bacs-de-mise-bas-3l-en-tole-o290","status":"publish","type":"product","link":"https:\/\/www.porinox.com\/fr\/producto\/plato-3l-o290-parideras\/","title":{"rendered":"Plat 3L \u00d8290 Bacs de mise bas"},"content":{"rendered":"<h5>Le pr\u00e9sent <strong>assiette<\/strong> L'acier inoxydable 3L est sp\u00e9cialement con\u00e7u pour <strong>les caisses de mise bas.<\/strong><\/h5>\n<p>D'une capacit\u00e9 de 3 litres et d'un diam\u00e8tre de 290 mm, il est id\u00e9al pour acc\u00e9der facilement \u00e0 la nourriture des porcs. Sa conception robuste et durable permet aux animaux de manger confortablement, tout en optimisant l'espace et en garantissant l'hygi\u00e8ne gr\u00e2ce \u00e0 son mat\u00e9riau en acier inoxydable. Parfait pour les environnements exigeants o\u00f9 une alimentation efficace et s\u00fbre est requise.<\/p>","protected":false},"excerpt":{"rendered":"<h3>Le pr\u00e9sent <strong>assiette<\/strong> L'acier inoxydable 3L est sp\u00e9cialement con\u00e7u pour <strong>caisses de mise bas<\/strong><\/h3>\n<p>D'une capacit\u00e9 de 3 litres et d'un diam\u00e8tre de 290 mm, il est id\u00e9al pour acc\u00e9der facilement \u00e0 la nourriture des porcs. Sa conception robuste et durable permet aux animaux de manger confortablement, tout en optimisant l'espace et en garantissant l'hygi\u00e8ne gr\u00e2ce \u00e0 son mat\u00e9riau en acier inoxydable. Parfait pour les environnements exigeants o\u00f9 une alimentation efficace et s\u00fbre est requise.<\/p>","protected":false},"featured_media":21396,"comment_status":"open","ping_status":"closed","template":"","meta":[],"product_brand":[],"product_cat":[493,374,354],"product_tag":[],"class_list":{"0":"post-21395","1":"product","2":"type-product","3":"status-publish","4":"has-post-thumbnail","6":"product_cat-novedades","7":"product_cat-comederos-maternidad-y-parideras","8":"product_cat-maternidad-y-parideras","10":"first","11":"instock","12":"shipping-taxable","13":"product-type-simple"},"_links":{"self":[{"href":"https:\/\/www.porinox.com\/fr\/wp-json\/wp\/v2\/product\/21395","targetHints":{"allow":["GET"]}}],"collection":[{"href":"https:\/\/www.porinox.com\/fr\/wp-json\/wp\/v2\/product"}],"about":[{"href":"https:\/\/www.porinox.com\/fr\/wp-json\/wp\/v2\/types\/product"}],"replies":[{"embeddable":true,"href":"https:\/\/www.porinox.com\/fr\/wp-json\/wp\/v2\/comments?post=21395"}],"version-history":[{"count":0,"href":"https:\/\/www.porinox.com\/fr\/wp-json\/wp\/v2\/product\/21395\/revisions"}],"wp:featuredmedia":[{"embeddable":true,"href":"https:\/\/www.porinox.com\/fr\/wp-json\/wp\/v2\/media\/21396"}],"wp:attachment":[{"href":"https:\/\/www.porinox.com\/fr\/wp-json\/wp\/v2\/media?parent=21395"}],"wp:term":[{"taxonomy":"product_brand","embeddable":true,"href":"https:\/\/www.porinox.com\/fr\/wp-json\/wp\/v2\/product_brand?post=21395"},{"taxonomy":"product_cat","embeddable":true,"href":"https:\/\/www.porinox.com\/fr\/wp-json\/wp\/v2\/product_cat?post=21395"},{"taxonomy":"product_tag","embeddable":true,"href":"https:\/\/www.porinox.com\/fr\/wp-json\/wp\/v2\/product_tag?post=21395"}],"curies":[{"name":"wp","href":"https:\/\/api.w.org\/{rel}","templated":true}]}}