{"id":21318,"date":"2024-10-31T09:52:31","date_gmt":"2024-10-31T08:52:31","guid":{"rendered":"https:\/\/www.porinox.com\/?post_type=product&#038;p=21318"},"modified":"2025-10-01T13:34:45","modified_gmt":"2025-10-01T11:34:45","slug":"bague-de-tuyau-de-descente","status":"publish","type":"product","link":"https:\/\/www.porinox.com\/fr\/producto\/anilla-tubo-bajante\/","title":{"rendered":"ANNEAU DE DESCENTE"},"content":{"rendered":"<h5>Le <strong>Anneau<\/strong> <strong>Tuyau de descente<\/strong> de Porinox en acier inoxydable.<\/h5>\n<p>Assure une fixation robuste et s\u00fbre pour le passage de grandes quantit\u00e9s d'aliments dans le syst\u00e8me. Permet un flux d'aliments efficace, optimisant le processus de distribution dans l'\u00e9tablissement. La construction durable garantit une installation stable et un entretien facile.<\/p>","protected":false},"excerpt":{"rendered":"<h5>Le <strong>Anneau<\/strong> <strong>Tuyau de descente<\/strong> de Porinox en acier inoxydable.<\/h5>\n<p>Assure une fixation robuste et s\u00fbre pour le passage de grandes quantit\u00e9s d'aliments dans le syst\u00e8me. Permet un flux d'aliments efficace, optimisant le processus de distribution dans l'\u00e9tablissement. La construction durable garantit une installation stable et un entretien facile.<\/p>","protected":false},"featured_media":21357,"comment_status":"open","ping_status":"closed","template":"","meta":[],"product_brand":[],"product_cat":[505,493],"product_tag":[],"class_list":{"0":"post-21318","1":"product","2":"type-product","3":"status-publish","4":"has-post-thumbnail","6":"product_cat-accesorios-tolvas-engorde","7":"product_cat-novedades","9":"first","10":"instock","11":"shipping-taxable","12":"product-type-simple"},"_links":{"self":[{"href":"https:\/\/www.porinox.com\/fr\/wp-json\/wp\/v2\/product\/21318","targetHints":{"allow":["GET"]}}],"collection":[{"href":"https:\/\/www.porinox.com\/fr\/wp-json\/wp\/v2\/product"}],"about":[{"href":"https:\/\/www.porinox.com\/fr\/wp-json\/wp\/v2\/types\/product"}],"replies":[{"embeddable":true,"href":"https:\/\/www.porinox.com\/fr\/wp-json\/wp\/v2\/comments?post=21318"}],"version-history":[{"count":0,"href":"https:\/\/www.porinox.com\/fr\/wp-json\/wp\/v2\/product\/21318\/revisions"}],"wp:featuredmedia":[{"embeddable":true,"href":"https:\/\/www.porinox.com\/fr\/wp-json\/wp\/v2\/media\/21357"}],"wp:attachment":[{"href":"https:\/\/www.porinox.com\/fr\/wp-json\/wp\/v2\/media?parent=21318"}],"wp:term":[{"taxonomy":"product_brand","embeddable":true,"href":"https:\/\/www.porinox.com\/fr\/wp-json\/wp\/v2\/product_brand?post=21318"},{"taxonomy":"product_cat","embeddable":true,"href":"https:\/\/www.porinox.com\/fr\/wp-json\/wp\/v2\/product_cat?post=21318"},{"taxonomy":"product_tag","embeddable":true,"href":"https:\/\/www.porinox.com\/fr\/wp-json\/wp\/v2\/product_tag?post=21318"}],"curies":[{"name":"wp","href":"https:\/\/api.w.org\/{rel}","templated":true}]}}