{"id":2120,"date":"2020-02-17T15:54:20","date_gmt":"2020-02-17T15:54:20","guid":{"rendered":"https:\/\/porinox.com\/?post_type=product&#038;p=2120"},"modified":"2020-08-24T05:41:49","modified_gmt":"2020-08-24T05:41:49","slug":"porte-dengraissement-de-lepee","status":"publish","type":"product","link":"https:\/\/www.porinox.com\/fr\/producto\/puerta-engorde-espada\/","title":{"rendered":"BARRI\u00c8RES DE PARCS D'ENGRAISSEMENT, SYST\u00c8ME D'\u00c9P\u00c9E"},"content":{"rendered":"<p>Ancrages pour portes de parcs d'engraissement<\/p>","protected":false},"excerpt":{"rendered":"<p>Ancrages pour un syst\u00e8me modulaire de portes de parcs d'engraissement.<\/p>","protected":false},"featured_media":0,"comment_status":"open","ping_status":"closed","template":"","meta":[],"product_brand":[],"product_cat":[16],"product_tag":[],"class_list":{"0":"post-2120","1":"product","2":"type-product","3":"status-publish","5":"product_cat-uncategorized","7":"first","8":"instock","9":"shipping-taxable","10":"purchasable","11":"product-type-simple"},"_links":{"self":[{"href":"https:\/\/www.porinox.com\/fr\/wp-json\/wp\/v2\/product\/2120","targetHints":{"allow":["GET"]}}],"collection":[{"href":"https:\/\/www.porinox.com\/fr\/wp-json\/wp\/v2\/product"}],"about":[{"href":"https:\/\/www.porinox.com\/fr\/wp-json\/wp\/v2\/types\/product"}],"replies":[{"embeddable":true,"href":"https:\/\/www.porinox.com\/fr\/wp-json\/wp\/v2\/comments?post=2120"}],"version-history":[{"count":0,"href":"https:\/\/www.porinox.com\/fr\/wp-json\/wp\/v2\/product\/2120\/revisions"}],"wp:attachment":[{"href":"https:\/\/www.porinox.com\/fr\/wp-json\/wp\/v2\/media?parent=2120"}],"wp:term":[{"taxonomy":"product_brand","embeddable":true,"href":"https:\/\/www.porinox.com\/fr\/wp-json\/wp\/v2\/product_brand?post=2120"},{"taxonomy":"product_cat","embeddable":true,"href":"https:\/\/www.porinox.com\/fr\/wp-json\/wp\/v2\/product_cat?post=2120"},{"taxonomy":"product_tag","embeddable":true,"href":"https:\/\/www.porinox.com\/fr\/wp-json\/wp\/v2\/product_tag?post=2120"}],"curies":[{"name":"wp","href":"https:\/\/api.w.org\/{rel}","templated":true}]}}