{"id":21192,"date":"2024-10-20T10:00:07","date_gmt":"2024-10-20T08:00:07","guid":{"rendered":"https:\/\/www.porinox.com\/?post_type=product&#038;p=21192"},"modified":"2025-04-01T11:48:13","modified_gmt":"2025-04-01T09:48:13","slug":"tremie-ck6","status":"publish","type":"product","link":"https:\/\/www.porinox.com\/fr\/producto\/tolva-ck6\/","title":{"rendered":"TOLVA CK6"},"content":{"rendered":"<h5 style=\"text-align: left;\">La gamme de tr\u00e9mies d'engraissement <strong>CLIKEO<\/strong> CK6 pour un seul stylo.<\/h5>\n<p style=\"text-align: left;\">Con\u00e7ue avec une bo\u00eete basculante avanc\u00e9e dot\u00e9e d'un m\u00e9canisme de distribution sous pression, qui permet aux animaux d'actionner facilement la bo\u00eete pour distribuer l'aliment. Avec cette nouvelle conception de tr\u00e9mie (type hollandais), la surface d'alimentation a \u00e9t\u00e9 augment\u00e9e \u00e0 60 cm, ce qui permet \u00e0 deux porcs de manger en m\u00eame temps. La nouvelle tr\u00e9mie garantit un fonctionnement en douceur, sans blocage des aliments, et un acc\u00e8s plus facile pour le nettoyage. La tr\u00e9mie se compose d'un entonnoir en polypropyl\u00e8ne d'une capacit\u00e9 de 70 litres.<\/p>","protected":false},"excerpt":{"rendered":"<h5 style=\"text-align: left;\">La gamme de tr\u00e9mies d'engraissement <strong>CLIKEO<\/strong> CK6 pour un seul stylo.<\/h5>\n<p style=\"text-align: left;\">Con\u00e7ue avec une bo\u00eete basculante avanc\u00e9e dot\u00e9e d'un m\u00e9canisme de distribution sous pression, qui permet aux animaux d'actionner facilement la bo\u00eete pour distribuer l'aliment. Avec cette nouvelle conception de tr\u00e9mie (type hollandais), la surface d'alimentation a \u00e9t\u00e9 augment\u00e9e \u00e0 60 cm, ce qui permet \u00e0 deux porcs de manger en m\u00eame temps. La nouvelle tr\u00e9mie garantit un fonctionnement en douceur, sans blocage des aliments, et un acc\u00e8s plus facile pour le nettoyage. La tr\u00e9mie se compose d'un entonnoir en polypropyl\u00e8ne d'une capacit\u00e9 de 70 litres.<\/p>","protected":false},"featured_media":21281,"comment_status":"open","ping_status":"closed","template":"","meta":[],"product_brand":[],"product_cat":[493,506,353,366,509],"product_tag":[],"class_list":{"0":"post-21192","1":"product","2":"type-product","3":"status-publish","4":"has-post-thumbnail","6":"product_cat-novedades","7":"product_cat-clikeo","8":"product_cat-engorde","9":"product_cat-tolvas-engorde","10":"product_cat-tolvas-clikeo","12":"first","13":"instock","14":"shipping-taxable","15":"product-type-simple"},"_links":{"self":[{"href":"https:\/\/www.porinox.com\/fr\/wp-json\/wp\/v2\/product\/21192","targetHints":{"allow":["GET"]}}],"collection":[{"href":"https:\/\/www.porinox.com\/fr\/wp-json\/wp\/v2\/product"}],"about":[{"href":"https:\/\/www.porinox.com\/fr\/wp-json\/wp\/v2\/types\/product"}],"replies":[{"embeddable":true,"href":"https:\/\/www.porinox.com\/fr\/wp-json\/wp\/v2\/comments?post=21192"}],"version-history":[{"count":0,"href":"https:\/\/www.porinox.com\/fr\/wp-json\/wp\/v2\/product\/21192\/revisions"}],"wp:featuredmedia":[{"embeddable":true,"href":"https:\/\/www.porinox.com\/fr\/wp-json\/wp\/v2\/media\/21281"}],"wp:attachment":[{"href":"https:\/\/www.porinox.com\/fr\/wp-json\/wp\/v2\/media?parent=21192"}],"wp:term":[{"taxonomy":"product_brand","embeddable":true,"href":"https:\/\/www.porinox.com\/fr\/wp-json\/wp\/v2\/product_brand?post=21192"},{"taxonomy":"product_cat","embeddable":true,"href":"https:\/\/www.porinox.com\/fr\/wp-json\/wp\/v2\/product_cat?post=21192"},{"taxonomy":"product_tag","embeddable":true,"href":"https:\/\/www.porinox.com\/fr\/wp-json\/wp\/v2\/product_tag?post=21192"}],"curies":[{"name":"wp","href":"https:\/\/api.w.org\/{rel}","templated":true}]}}