{"id":2088,"date":"2020-02-13T16:46:25","date_gmt":"2020-02-13T16:46:25","guid":{"rendered":"https:\/\/porinox.com\/?post_type=product&#038;p=2088"},"modified":"2024-07-19T10:17:18","modified_gmt":"2024-07-19T08:17:18","slug":"portes-easyop-pour-parcs-dengraissement","status":"publish","type":"product","link":"https:\/\/www.porinox.com\/fr\/producto\/puertas-para-corral-de-engorde-easyop\/","title":{"rendered":"PORTES DE PARCS D'ENGRAISSEMENT, SYST\u00c8ME EASYOP"},"content":{"rendered":"<p>Le <strong>Portes EasyOp\u00ae pour parcs d'engraissement<\/strong> de Porinox est\u00e1n dise\u00f1adas para mejorar la eficiencia y seguridad en la gesti\u00f3n de corrales porcinos. Este sistema modular, fabricado en acero inoxidable 304, incluye un cierre autom\u00e1tico inteligente, eliminando la necesidad de intervenci\u00f3n manual y garantizando un cierre seguro. Su dise\u00f1o adaptable permite la instalaci\u00f3n sin modificar los paneles existentes, y su durabilidad asegura un rendimiento confiable en condiciones adversas.<\/p>\n<p>Beneficios:<\/p>\n<ul>\n<li><strong>Optimisation des ressources :<\/strong> EasyOp optimise la productivit\u00e9 en permettant une gestion efficace des stylos, r\u00e9duisant ainsi les besoins en main-d'\u0153uvre et en ressources.<\/li>\n<li><strong>Am\u00e9liorer la s\u00e9curit\u00e9 des animaux :<\/strong> La fonction de fermeture automatique garantit que les barri\u00e8res sont toujours ferm\u00e9es, offrant un environnement s\u00fbr au b\u00e9tail et emp\u00eachant les fuites ind\u00e9sirables.<\/li>\n<li><strong>Installation sans interruption :<\/strong> La modularit\u00e9 du syst\u00e8me facilite l'installation sans qu'il soit n\u00e9cessaire de modifier la structure existante de l'enclos, ce qui garantit un processus rapide et sans probl\u00e8me.<\/li>\n<\/ul>\n<p>Avec EasyOp, vous avez cr\u00e9\u00e9 une solution compl\u00e8te pour la gestion des porcheries qui red\u00e9finit les normes d'efficacit\u00e9 et de simplicit\u00e9 dans l'industrie agricole. Faites passer vos op\u00e9rations \u00e0 un niveau sup\u00e9rieur avec EasyOp : la cl\u00e9 d'une gestion plus intelligente et plus efficace des porcheries.<\/p>","protected":false},"excerpt":{"rendered":"<p>Sistema modular de puertas para corrales de engorde.<\/p>\n<p>Desarrollado y patentado por Porinox SL<\/p>\n<p>El sistema incluye cierre autom\u00e1tico facilitando el trabajo. El dise\u00f1o evita la necesidad de cortar el panel, adapt\u00e1ndose a todas las situaciones.<\/p>\n<p>Fabricado \u00edntegramente en acero inoxidable 304<\/p>","protected":false},"featured_media":19178,"comment_status":"open","ping_status":"closed","template":"","meta":[],"product_brand":[],"product_cat":[353,425,371],"product_tag":[],"class_list":{"0":"post-2088","1":"product","2":"type-product","3":"status-publish","4":"has-post-thumbnail","6":"product_cat-engorde","7":"product_cat-puertas-engorde","8":"product_cat-puertas-y-vallas","10":"first","11":"instock","12":"shipping-taxable","13":"purchasable","14":"product-type-simple"},"_links":{"self":[{"href":"https:\/\/www.porinox.com\/fr\/wp-json\/wp\/v2\/product\/2088","targetHints":{"allow":["GET"]}}],"collection":[{"href":"https:\/\/www.porinox.com\/fr\/wp-json\/wp\/v2\/product"}],"about":[{"href":"https:\/\/www.porinox.com\/fr\/wp-json\/wp\/v2\/types\/product"}],"replies":[{"embeddable":true,"href":"https:\/\/www.porinox.com\/fr\/wp-json\/wp\/v2\/comments?post=2088"}],"version-history":[{"count":0,"href":"https:\/\/www.porinox.com\/fr\/wp-json\/wp\/v2\/product\/2088\/revisions"}],"wp:featuredmedia":[{"embeddable":true,"href":"https:\/\/www.porinox.com\/fr\/wp-json\/wp\/v2\/media\/19178"}],"wp:attachment":[{"href":"https:\/\/www.porinox.com\/fr\/wp-json\/wp\/v2\/media?parent=2088"}],"wp:term":[{"taxonomy":"product_brand","embeddable":true,"href":"https:\/\/www.porinox.com\/fr\/wp-json\/wp\/v2\/product_brand?post=2088"},{"taxonomy":"product_cat","embeddable":true,"href":"https:\/\/www.porinox.com\/fr\/wp-json\/wp\/v2\/product_cat?post=2088"},{"taxonomy":"product_tag","embeddable":true,"href":"https:\/\/www.porinox.com\/fr\/wp-json\/wp\/v2\/product_tag?post=2088"}],"curies":[{"name":"wp","href":"https:\/\/api.w.org\/{rel}","templated":true}]}}