{"id":20867,"date":"2024-08-23T12:24:04","date_gmt":"2024-08-23T10:24:04","guid":{"rendered":"https:\/\/www.porinox.com\/?post_type=product&#038;p=20867"},"modified":"2026-01-30T09:13:35","modified_gmt":"2026-01-30T08:13:35","slug":"double-coude","status":"publish","type":"product","link":"https:\/\/www.porinox.com\/fr\/producto\/doble-codo\/","title":{"rendered":"DOUBLE COUDE"},"content":{"rendered":"<p>Le \u00abdouble coude\u00bb de Porinox est un raccord pour les conduites d'eau dans les tr\u00e9mies, fabriqu\u00e9 en acier inoxydable 304. Ce composant a un design en Y et un diam\u00e8tre de 1\/2 pouce, ce qui le rend solide et adapt\u00e9 aux syst\u00e8mes de distribution d'eau.<\/p>","protected":false},"excerpt":{"rendered":"<p>Le \u00abdouble coude\u00bb de Porinox est un raccord pour les conduites d'eau dans les tr\u00e9mies, fabriqu\u00e9 en acier inoxydable 304. Ce composant a un design en Y et un diam\u00e8tre de 1\/2 pouce, ce qui le rend solide et adapt\u00e9 aux syst\u00e8mes de distribution d'eau.<\/p>","protected":false},"featured_media":22463,"comment_status":"open","ping_status":"closed","template":"","meta":[],"product_brand":[],"product_cat":[505],"product_tag":[],"class_list":{"0":"post-20867","1":"product","2":"type-product","3":"status-publish","4":"has-post-thumbnail","6":"product_cat-accesorios-tolvas-engorde","8":"first","9":"instock","10":"shipping-taxable","11":"product-type-simple"},"_links":{"self":[{"href":"https:\/\/www.porinox.com\/fr\/wp-json\/wp\/v2\/product\/20867","targetHints":{"allow":["GET"]}}],"collection":[{"href":"https:\/\/www.porinox.com\/fr\/wp-json\/wp\/v2\/product"}],"about":[{"href":"https:\/\/www.porinox.com\/fr\/wp-json\/wp\/v2\/types\/product"}],"replies":[{"embeddable":true,"href":"https:\/\/www.porinox.com\/fr\/wp-json\/wp\/v2\/comments?post=20867"}],"version-history":[{"count":0,"href":"https:\/\/www.porinox.com\/fr\/wp-json\/wp\/v2\/product\/20867\/revisions"}],"wp:featuredmedia":[{"embeddable":true,"href":"https:\/\/www.porinox.com\/fr\/wp-json\/wp\/v2\/media\/22463"}],"wp:attachment":[{"href":"https:\/\/www.porinox.com\/fr\/wp-json\/wp\/v2\/media?parent=20867"}],"wp:term":[{"taxonomy":"product_brand","embeddable":true,"href":"https:\/\/www.porinox.com\/fr\/wp-json\/wp\/v2\/product_brand?post=20867"},{"taxonomy":"product_cat","embeddable":true,"href":"https:\/\/www.porinox.com\/fr\/wp-json\/wp\/v2\/product_cat?post=20867"},{"taxonomy":"product_tag","embeddable":true,"href":"https:\/\/www.porinox.com\/fr\/wp-json\/wp\/v2\/product_tag?post=20867"}],"curies":[{"name":"wp","href":"https:\/\/api.w.org\/{rel}","templated":true}]}}