{"id":20866,"date":"2024-08-23T12:13:49","date_gmt":"2024-08-23T10:13:49","guid":{"rendered":"https:\/\/www.porinox.com\/?post_type=product&#038;p=20866"},"modified":"2026-01-30T09:14:12","modified_gmt":"2026-01-30T08:14:12","slug":"combinaisons-de-protection","status":"publish","type":"product","link":"https:\/\/www.porinox.com\/fr\/producto\/peto-protector\/","title":{"rendered":"PETO DE PROTECTION"},"content":{"rendered":"<p>Le <strong>combinaisons de protection<\/strong> de Porinox est con\u00e7u pour prot\u00e9ger les surfaces contre les chocs et l'usure, en particulier dans les environnements de manipulation des porcs ib\u00e9riques. Fabriqu\u00e9 en <strong>acier inoxydable<\/strong> D'une r\u00e9sistance \u00e9lev\u00e9e de 304, cette bavette offre une durabilit\u00e9 et des performances sup\u00e9rieures dans les conditions les plus exigeantes. C'est la solution id\u00e9ale pour ceux qui cherchent \u00e0 combiner protection, qualit\u00e9 et r\u00e9sistance en un seul produit, optimisant ainsi l'entretien de leurs installations et le bien-\u00eatre des animaux.<\/p>","protected":false},"excerpt":{"rendered":"<p>Le <strong>combinaisons de protection<\/strong> de Porinox est con\u00e7u pour prot\u00e9ger les surfaces contre les chocs et l'usure, en particulier dans les environnements de manipulation des porcs ib\u00e9riques. Fabriqu\u00e9 en <strong>acier inoxydable<\/strong> 304 de alta resistencia, este peto ofrece durabilidad y un rendimiento superior en las condiciones m\u00e1s exigentes.<\/p>","protected":false},"featured_media":22457,"comment_status":"open","ping_status":"closed","template":"","meta":[],"product_brand":[],"product_cat":[505,353,366],"product_tag":[],"class_list":{"0":"post-20866","1":"product","2":"type-product","3":"status-publish","4":"has-post-thumbnail","6":"product_cat-accesorios-tolvas-engorde","7":"product_cat-engorde","8":"product_cat-tolvas-engorde","10":"first","11":"instock","12":"shipping-taxable","13":"product-type-simple"},"_links":{"self":[{"href":"https:\/\/www.porinox.com\/fr\/wp-json\/wp\/v2\/product\/20866","targetHints":{"allow":["GET"]}}],"collection":[{"href":"https:\/\/www.porinox.com\/fr\/wp-json\/wp\/v2\/product"}],"about":[{"href":"https:\/\/www.porinox.com\/fr\/wp-json\/wp\/v2\/types\/product"}],"replies":[{"embeddable":true,"href":"https:\/\/www.porinox.com\/fr\/wp-json\/wp\/v2\/comments?post=20866"}],"version-history":[{"count":0,"href":"https:\/\/www.porinox.com\/fr\/wp-json\/wp\/v2\/product\/20866\/revisions"}],"wp:featuredmedia":[{"embeddable":true,"href":"https:\/\/www.porinox.com\/fr\/wp-json\/wp\/v2\/media\/22457"}],"wp:attachment":[{"href":"https:\/\/www.porinox.com\/fr\/wp-json\/wp\/v2\/media?parent=20866"}],"wp:term":[{"taxonomy":"product_brand","embeddable":true,"href":"https:\/\/www.porinox.com\/fr\/wp-json\/wp\/v2\/product_brand?post=20866"},{"taxonomy":"product_cat","embeddable":true,"href":"https:\/\/www.porinox.com\/fr\/wp-json\/wp\/v2\/product_cat?post=20866"},{"taxonomy":"product_tag","embeddable":true,"href":"https:\/\/www.porinox.com\/fr\/wp-json\/wp\/v2\/product_tag?post=20866"}],"curies":[{"name":"wp","href":"https:\/\/api.w.org\/{rel}","templated":true}]}}