{"id":20850,"date":"2024-08-23T10:25:50","date_gmt":"2024-08-23T08:25:50","guid":{"rendered":"https:\/\/www.porinox.com\/?post_type=product&#038;p=20850"},"modified":"2026-01-30T09:15:56","modified_gmt":"2026-01-30T08:15:56","slug":"verrouillage-du-couvercle","status":"publish","type":"product","link":"https:\/\/www.porinox.com\/fr\/producto\/seguro-para-tapa\/","title":{"rendered":"VERROUILLAGE DU COUVERCLE"},"content":{"rendered":"<h5>Le verrou de couvercle Porinox est con\u00e7u pour fixer fermement les couvercles de tr\u00e9mie, emp\u00eachant toute ouverture accidentelle et prot\u00e9geant le contenu.<\/h5>\n<p>Fabriqu\u00e9 en acier inoxydable 304, il est r\u00e9sistant \u00e0 la corrosion et durable, m\u00eame dans les environnements difficiles. Cette fermeture utilise un \u00e9crou \u00e0 oreilles pour plus de s\u00e9curit\u00e9 et s'installe facilement \u00e0 l'int\u00e9rieur du couvercle.<\/p>","protected":false},"excerpt":{"rendered":"<p>El seguro para tapa de Porinox est\u00e1 dise\u00f1ado para asegurar firmemente las tapas de tolvas, evitando aperturas accidentales y protegiendo el contenido. Fabricado en acero inoxidable 304, es resistente a la corrosi\u00f3n y duradero incluso en entornos dif\u00edciles. Este cierre utiliza una tuerca mariposa para mayor seguridad y se instala f\u00e1cilmente en el interior de [&hellip;]<\/p>\n","protected":false},"featured_media":22448,"comment_status":"open","ping_status":"closed","template":"","meta":[],"product_brand":[],"product_cat":[505],"product_tag":[],"class_list":{"0":"post-20850","1":"product","2":"type-product","3":"status-publish","4":"has-post-thumbnail","6":"product_cat-accesorios-tolvas-engorde","8":"first","9":"instock","10":"shipping-taxable","11":"product-type-simple"},"_links":{"self":[{"href":"https:\/\/www.porinox.com\/fr\/wp-json\/wp\/v2\/product\/20850","targetHints":{"allow":["GET"]}}],"collection":[{"href":"https:\/\/www.porinox.com\/fr\/wp-json\/wp\/v2\/product"}],"about":[{"href":"https:\/\/www.porinox.com\/fr\/wp-json\/wp\/v2\/types\/product"}],"replies":[{"embeddable":true,"href":"https:\/\/www.porinox.com\/fr\/wp-json\/wp\/v2\/comments?post=20850"}],"version-history":[{"count":0,"href":"https:\/\/www.porinox.com\/fr\/wp-json\/wp\/v2\/product\/20850\/revisions"}],"wp:featuredmedia":[{"embeddable":true,"href":"https:\/\/www.porinox.com\/fr\/wp-json\/wp\/v2\/media\/22448"}],"wp:attachment":[{"href":"https:\/\/www.porinox.com\/fr\/wp-json\/wp\/v2\/media?parent=20850"}],"wp:term":[{"taxonomy":"product_brand","embeddable":true,"href":"https:\/\/www.porinox.com\/fr\/wp-json\/wp\/v2\/product_brand?post=20850"},{"taxonomy":"product_cat","embeddable":true,"href":"https:\/\/www.porinox.com\/fr\/wp-json\/wp\/v2\/product_cat?post=20850"},{"taxonomy":"product_tag","embeddable":true,"href":"https:\/\/www.porinox.com\/fr\/wp-json\/wp\/v2\/product_tag?post=20850"}],"curies":[{"name":"wp","href":"https:\/\/api.w.org\/{rel}","templated":true}]}}