{"id":20840,"date":"2024-08-23T09:15:40","date_gmt":"2024-08-23T07:15:40","guid":{"rendered":"https:\/\/www.porinox.com\/?post_type=product&#038;p=20840"},"modified":"2025-10-10T09:26:51","modified_gmt":"2025-10-10T07:26:51","slug":"capuchon-dentonnoir","status":"publish","type":"product","link":"https:\/\/www.porinox.com\/fr\/producto\/tapa-de-embudo\/","title":{"rendered":"COUVERTURE COUVERTURE"},"content":{"rendered":"<h5>Le couvercle d'entonnoir Porinox est con\u00e7u pour prot\u00e9ger le contenu des tr\u00e9mies, en emp\u00eachant la p\u00e9n\u00e9tration de la poussi\u00e8re et de l'humidit\u00e9.<\/h5>\n<p>Son couvercle basculant facilite l'acc\u00e8s et permet de conserver les aliments dans des conditions optimales. Il est id\u00e9al pour garantir la fra\u00eecheur et la qualit\u00e9 des mati\u00e8res. Il est tr\u00e8s r\u00e9sistant \u00e0 la corrosion.<\/p>\n<p>&nbsp;<\/p>","protected":false},"excerpt":{"rendered":"<h2><\/h2>","protected":false},"featured_media":22471,"comment_status":"open","ping_status":"closed","template":"","meta":[],"product_brand":[],"product_cat":[505],"product_tag":[],"class_list":{"0":"post-20840","1":"product","2":"type-product","3":"status-publish","4":"has-post-thumbnail","6":"product_cat-accesorios-tolvas-engorde","8":"first","9":"instock","10":"shipping-taxable","11":"product-type-simple"},"_links":{"self":[{"href":"https:\/\/www.porinox.com\/fr\/wp-json\/wp\/v2\/product\/20840","targetHints":{"allow":["GET"]}}],"collection":[{"href":"https:\/\/www.porinox.com\/fr\/wp-json\/wp\/v2\/product"}],"about":[{"href":"https:\/\/www.porinox.com\/fr\/wp-json\/wp\/v2\/types\/product"}],"replies":[{"embeddable":true,"href":"https:\/\/www.porinox.com\/fr\/wp-json\/wp\/v2\/comments?post=20840"}],"version-history":[{"count":0,"href":"https:\/\/www.porinox.com\/fr\/wp-json\/wp\/v2\/product\/20840\/revisions"}],"wp:featuredmedia":[{"embeddable":true,"href":"https:\/\/www.porinox.com\/fr\/wp-json\/wp\/v2\/media\/22471"}],"wp:attachment":[{"href":"https:\/\/www.porinox.com\/fr\/wp-json\/wp\/v2\/media?parent=20840"}],"wp:term":[{"taxonomy":"product_brand","embeddable":true,"href":"https:\/\/www.porinox.com\/fr\/wp-json\/wp\/v2\/product_brand?post=20840"},{"taxonomy":"product_cat","embeddable":true,"href":"https:\/\/www.porinox.com\/fr\/wp-json\/wp\/v2\/product_cat?post=20840"},{"taxonomy":"product_tag","embeddable":true,"href":"https:\/\/www.porinox.com\/fr\/wp-json\/wp\/v2\/product_tag?post=20840"}],"curies":[{"name":"wp","href":"https:\/\/api.w.org\/{rel}","templated":true}]}}