{"id":20825,"date":"2024-10-23T10:32:05","date_gmt":"2024-10-23T08:32:05","guid":{"rendered":"https:\/\/www.porinox.com\/?post_type=product&#038;p=20825"},"modified":"2025-10-15T12:37:45","modified_gmt":"2025-10-15T10:37:45","slug":"tremie-ck5","status":"publish","type":"product","link":"https:\/\/www.porinox.com\/fr\/producto\/tolva-ck5\/","title":{"rendered":"TOLVA CK5"},"content":{"rendered":"<p style=\"text-align: left;\">La gamme de tr\u00e9mies d'engraissement <strong>CLIKEO<\/strong> Les mangeoires \u00e0 enclos unique CK5 sont con\u00e7ues avec une tr\u00e9mie basculante avanc\u00e9e dot\u00e9e d'un m\u00e9canisme de distribution sous pression, qui permet aux animaux d'actionner facilement la tr\u00e9mie pour se nourrir. Gr\u00e2ce \u00e0 cette nouvelle tr\u00e9mie (de type hollandais), la surface d'ingestion des aliments a \u00e9t\u00e9 port\u00e9e \u00e0 50 cm, ce qui permet \u00e0 deux porcs de manger en m\u00eame temps. La nouvelle tr\u00e9mie garantit un fonctionnement en douceur, sans blocage de l'alimentation, et un acc\u00e8s plus facile pour le nettoyage. La tr\u00e9mie se compose d'un entonnoir en polypropyl\u00e8ne d'une capacit\u00e9 de 70 litres.<\/p>","protected":false},"excerpt":{"rendered":"<p>Tolva CK5 dise\u00f1ada y fabricada espec\u00edficamente para la fase de destete. Su configuraci\u00f3n y medidas nos aseguran que los lechones tenga un f\u00e1cil acceso tanto a la comida como al agua des del primer d\u00eda.<\/p>\n<p>La alimentaci\u00f3n en seco con bebedero al lado <b>optimise le temps de prise en charge <\/b>et offre un facteur de conversion imbattable. Les <b>Largeur de l'assiette : 60 cm<\/b> asegura que los cerdos tengan espacio suficiente para\u00a0 una ingesta ordenada.<\/p>\n<p>El sistema de regulaci\u00f3n ofrece un f\u00e1cil manejo y cierre totalmente herm\u00e9tico.\u00a0 Con el sistema de salida de pienso tubo-rotativo facilitamos la transici\u00f3n a la fase de engorde reduciendo el tiempo de adaptaci\u00f3n.<\/p>","protected":false},"featured_media":21282,"comment_status":"open","ping_status":"closed","template":"","meta":[],"product_brand":[],"product_cat":[509,506,353,493],"product_tag":[],"class_list":{"0":"post-20825","1":"product","2":"type-product","3":"status-publish","4":"has-post-thumbnail","6":"product_cat-tolvas-clikeo","7":"product_cat-clikeo","8":"product_cat-engorde","9":"product_cat-novedades","11":"first","12":"instock","13":"shipping-taxable","14":"product-type-simple"},"_links":{"self":[{"href":"https:\/\/www.porinox.com\/fr\/wp-json\/wp\/v2\/product\/20825","targetHints":{"allow":["GET"]}}],"collection":[{"href":"https:\/\/www.porinox.com\/fr\/wp-json\/wp\/v2\/product"}],"about":[{"href":"https:\/\/www.porinox.com\/fr\/wp-json\/wp\/v2\/types\/product"}],"replies":[{"embeddable":true,"href":"https:\/\/www.porinox.com\/fr\/wp-json\/wp\/v2\/comments?post=20825"}],"version-history":[{"count":0,"href":"https:\/\/www.porinox.com\/fr\/wp-json\/wp\/v2\/product\/20825\/revisions"}],"wp:featuredmedia":[{"embeddable":true,"href":"https:\/\/www.porinox.com\/fr\/wp-json\/wp\/v2\/media\/21282"}],"wp:attachment":[{"href":"https:\/\/www.porinox.com\/fr\/wp-json\/wp\/v2\/media?parent=20825"}],"wp:term":[{"taxonomy":"product_brand","embeddable":true,"href":"https:\/\/www.porinox.com\/fr\/wp-json\/wp\/v2\/product_brand?post=20825"},{"taxonomy":"product_cat","embeddable":true,"href":"https:\/\/www.porinox.com\/fr\/wp-json\/wp\/v2\/product_cat?post=20825"},{"taxonomy":"product_tag","embeddable":true,"href":"https:\/\/www.porinox.com\/fr\/wp-json\/wp\/v2\/product_tag?post=20825"}],"curies":[{"name":"wp","href":"https:\/\/api.w.org\/{rel}","templated":true}]}}