{"id":20800,"date":"2024-08-05T07:18:45","date_gmt":"2024-08-05T05:18:45","guid":{"rendered":"https:\/\/www.porinox.com\/?post_type=product&#038;p=20800"},"modified":"2024-08-08T12:50:02","modified_gmt":"2024-08-08T10:50:02","slug":"abreuvoir-a-gestation-a30-hexagonal","status":"publish","type":"product","link":"https:\/\/www.porinox.com\/fr\/producto\/bebedero-de-gestacion-a30-hexagonal\/","title":{"rendered":"ABREUVOIR \u00c0 GESTATION A30 HEXAGONAL"},"content":{"rendered":"<p>Les fontaines Porinox sont con\u00e7ues pour <strong>offrent un confort maximal<\/strong>. Fabriqu\u00e9 en acier inoxydable de haute qualit\u00e9 et <strong>soudure robotis\u00e9e pour un r\u00e9sultat plus solide et plus durable<\/strong>. Disponible en diff\u00e9rentes tailles et avec divers accessoires pour l'adapter \u00e0 vos besoins.<\/p>","protected":false},"excerpt":{"rendered":"<p>Bebedero de gestaci\u00f3n exagonal INOX para granjas porcinas.<\/p>\n<p>Ref. 000.026.200<\/p>","protected":false},"featured_media":20802,"comment_status":"open","ping_status":"closed","template":"","meta":[],"product_brand":[],"product_cat":[493,431,375,354],"product_tag":[],"class_list":{"0":"post-20800","1":"product","2":"type-product","3":"status-publish","4":"has-post-thumbnail","6":"product_cat-novedades","7":"product_cat-a30","8":"product_cat-bebederos-maternidad","9":"product_cat-maternidad-y-parideras","11":"first","12":"instock","13":"shipping-taxable","14":"purchasable","15":"product-type-simple"},"_links":{"self":[{"href":"https:\/\/www.porinox.com\/fr\/wp-json\/wp\/v2\/product\/20800","targetHints":{"allow":["GET"]}}],"collection":[{"href":"https:\/\/www.porinox.com\/fr\/wp-json\/wp\/v2\/product"}],"about":[{"href":"https:\/\/www.porinox.com\/fr\/wp-json\/wp\/v2\/types\/product"}],"replies":[{"embeddable":true,"href":"https:\/\/www.porinox.com\/fr\/wp-json\/wp\/v2\/comments?post=20800"}],"version-history":[{"count":0,"href":"https:\/\/www.porinox.com\/fr\/wp-json\/wp\/v2\/product\/20800\/revisions"}],"wp:featuredmedia":[{"embeddable":true,"href":"https:\/\/www.porinox.com\/fr\/wp-json\/wp\/v2\/media\/20802"}],"wp:attachment":[{"href":"https:\/\/www.porinox.com\/fr\/wp-json\/wp\/v2\/media?parent=20800"}],"wp:term":[{"taxonomy":"product_brand","embeddable":true,"href":"https:\/\/www.porinox.com\/fr\/wp-json\/wp\/v2\/product_brand?post=20800"},{"taxonomy":"product_cat","embeddable":true,"href":"https:\/\/www.porinox.com\/fr\/wp-json\/wp\/v2\/product_cat?post=20800"},{"taxonomy":"product_tag","embeddable":true,"href":"https:\/\/www.porinox.com\/fr\/wp-json\/wp\/v2\/product_tag?post=20800"}],"curies":[{"name":"wp","href":"https:\/\/api.w.org\/{rel}","templated":true}]}}