{"id":20502,"date":"2024-07-11T09:38:39","date_gmt":"2024-07-11T07:38:39","guid":{"rendered":"https:\/\/www.porinox.com\/?post_type=product&#038;p=20502"},"modified":"2025-10-15T12:40:03","modified_gmt":"2025-10-15T10:40:03","slug":"conteneur-a-dechets-de-1500-litres-avec-couvercle-a-panneaux","status":"publish","type":"product","link":"https:\/\/www.porinox.com\/fr\/producto\/contenedor-de-bajas-1500l-tapa-porpanel\/","title":{"rendered":"PORPANEL\u00ae CONTENEUR \u00c0 COUVERCLE BAS"},"content":{"rendered":"<p>Porinox a mis au point un conteneur pour les produits \u00e0 faible teneur en soufre. <strong>haute capacit\u00e9 et haute qualit\u00e9<\/strong>, para uso en granjas. Su dise\u00f1o estanco y compacto facilita su uso y evita los malos olores. Adem\u00e1s, lleva una tapa de porpanel de superficie lisa con medidas base de 151x100cm.<\/p>\n<p>Con una estructura reticulada interior y la fabricaci\u00f3n por <strong>injection de polypropyl\u00e8ne<\/strong>, offre robustesse et <strong>garanties<\/strong> a <strong>r\u00e9sistance m\u00e9canique<\/strong> ad\u00e9quat, ainsi que <strong>propri\u00e9t\u00e9s isolantes.<\/strong><\/p>","protected":false},"excerpt":{"rendered":"<p>Porinox ha desarrollado un contenedor de gran capacidad y alta calidad , para uso en granjas. Su dise\u00f1o estanco y compacto facilita su uso y evita los malos olores. Fabricado en acero inoxidable 304 de 2mm, asegurando su durabilidad.<\/p>\n<p>Capacidad de 1500 litros<\/p>","protected":false},"featured_media":20505,"comment_status":"open","ping_status":"closed","template":"","meta":[],"product_brand":[],"product_cat":[360,402],"product_tag":[],"class_list":{"0":"post-20502","1":"product","2":"type-product","3":"status-publish","4":"has-post-thumbnail","6":"product_cat-bioseguridad","7":"product_cat-contenedor-de-bajas","9":"first","10":"instock","11":"shipping-taxable","12":"purchasable","13":"product-type-simple"},"_links":{"self":[{"href":"https:\/\/www.porinox.com\/fr\/wp-json\/wp\/v2\/product\/20502","targetHints":{"allow":["GET"]}}],"collection":[{"href":"https:\/\/www.porinox.com\/fr\/wp-json\/wp\/v2\/product"}],"about":[{"href":"https:\/\/www.porinox.com\/fr\/wp-json\/wp\/v2\/types\/product"}],"replies":[{"embeddable":true,"href":"https:\/\/www.porinox.com\/fr\/wp-json\/wp\/v2\/comments?post=20502"}],"version-history":[{"count":0,"href":"https:\/\/www.porinox.com\/fr\/wp-json\/wp\/v2\/product\/20502\/revisions"}],"wp:featuredmedia":[{"embeddable":true,"href":"https:\/\/www.porinox.com\/fr\/wp-json\/wp\/v2\/media\/20505"}],"wp:attachment":[{"href":"https:\/\/www.porinox.com\/fr\/wp-json\/wp\/v2\/media?parent=20502"}],"wp:term":[{"taxonomy":"product_brand","embeddable":true,"href":"https:\/\/www.porinox.com\/fr\/wp-json\/wp\/v2\/product_brand?post=20502"},{"taxonomy":"product_cat","embeddable":true,"href":"https:\/\/www.porinox.com\/fr\/wp-json\/wp\/v2\/product_cat?post=20502"},{"taxonomy":"product_tag","embeddable":true,"href":"https:\/\/www.porinox.com\/fr\/wp-json\/wp\/v2\/product_tag?post=20502"}],"curies":[{"name":"wp","href":"https:\/\/api.w.org\/{rel}","templated":true}]}}